{"id":10610,"date":"2020-03-13T16:02:59","date_gmt":"2020-03-13T22:02:59","guid":{"rendered":"http:\/\/lafourcadefanclub.com\/sitio\/?page_id=10610"},"modified":"2020-03-13T16:16:35","modified_gmt":"2020-03-13T22:16:35","slug":"mi-religion","status":"publish","type":"page","link":"https:\/\/lafourcadefanclub.com\/sitio\/letras\/un-canto-por-mexico-vol-1\/mi-religion\/","title":{"rendered":"Letra: Mi religi\u00f3n"},"content":{"rendered":"<p><!--<img loading=\"lazy\" src=\"http:\/\/lafourcadefanclub.com\/sitio\/wp-content\/uploads\/2017\/01\/natalia-lafourcade_tu-si-sabes-quererme-nlyo-300x300.jpg\" alt=\"Natalia Lafourcade - MUSAS: Vol. 1\" width=\"300\" height=\"300\" \/>\n\n-->Desde que vi tus ojos me enamor\u00e9,<br \/>\nMe enamor\u00e9, me enamor\u00e9<br \/>\nDesde que o\u00ed tu canto, sab\u00eda que<br \/>\nNo hab\u00eda manera de abandonarte mi amor<br \/>\nPorque toda la luz y colores y un cielo azul<br \/>\nHaces brillar, eres t\u00fa mi religi\u00f3n <\/p>\n<p>A veces me pregunto porque me alejo<br \/>\nDe tu alegr\u00eda, misterios e inspiraci\u00f3n<br \/>\nSiento un dolor y un amargo arrepentimiento<br \/>\nT\u00fa eres mi hogar, la religi\u00f3n y mi existir eres t\u00fa <\/p>\n<p>M\u00fasica t\u00fa, mi religi\u00f3n<br \/>\nUna vida no basta para entregarte mi amor<br \/>\nM\u00fasica t\u00fa, mi perdici\u00f3n<br \/>\nUna vida no basta para entregarte mi amor<\/p>\n<p>Desde que vi tus ojos me enamor\u00e9,<br \/>\nMe enamor\u00e9, me enamor\u00e9<br \/>\nEn tu primer abrazo recuerdo que<br \/>\nMi cuerpo vivo y temblorosa mi voz<br \/>\nPorque todo en este universo cobro raz\u00f3n<br \/>\nEn mi existir, eres t\u00fa mi religi\u00f3n<\/p>\n<p>A veces me pregunto porque me alejo<br \/>\nDe tu alegr\u00eda, misterios e inspiraci\u00f3n<br \/>\nSiento un dolor y un amargo arrepentimiento<br \/>\nT\u00fa eres mi hogar, la religi\u00f3n y mi existir eres t\u00fa <\/p>\n<p>M\u00fasica t\u00fa, mi religi\u00f3n<br \/>\nUna vida no basta para entregarte mi amor<br \/>\nM\u00fasica t\u00fa, mi religi\u00f3n<br \/>\nUna vida no basta para entregarte mi amor <\/p>\n<p>Ay me enamor\u00e9, ay me enamor\u00e9,<br \/>\nUna vida no basta, lo s\u00e9, para darte todito mi amor<br \/>\nAy me enamor\u00e9, ay me enamor\u00e9,<br \/>\nUna vida no basta para darte todito mi amor<\/p>\n<p><iframe class=\"video\" src=\"https:\/\/www.youtube.com\/embed\/N_8ZcvSJ9pY?rel=0&#038;showinfo=0&#038;theme=light&#038;autoplay=1\" frameborder=\"0\" allowfullscreen><\/iframe><\/p>\n<p><!--Autor: Natalia Lafourcade \nEditora: Universal Music Publishing MGB M\u00e9xico, S.A. de C.V. \nDirecci\u00f3n\/Realizaci\u00f3n: Cheche Alara \/ Gustavo Guerrero\n\nNatalia Lafourcade: Voz. \nJuan Carlos Allende: Guitarra cl\u00e1sica y coros. \nMiguel Pe\u00f1a: Guitarra cl\u00e1sica y coros. \nLuri Molina: Contrabajo. \nMart\u00edn Bruhn: Percusi\u00f3n. \nGustavo Guerrero: Cuatro venezolano, jarana y coros. \nCheche Alara: Armonio.--><\/p>\n<p><a href=\"http:\/\/lafourcadefanclub.com\/sitio\/letras\/un-canto-por-mexico-vol-1\/\" title=\"Letras de ''UN CANTO POR M\u00c9XICO: Vol. 1''\"><< Regresar a Letras de ''UN CANTO POR M\u00c9XICO: Vol. 1''<\/a><\/p>\n","protected":false},"excerpt":{"rendered":"<p>Desde que vi tus ojos me enamor\u00e9, Me enamor\u00e9, me enamor\u00e9 Desde que o\u00ed tu canto, sab\u00eda que No hab\u00eda manera de abandonarte mi amor Porque toda la luz y colores y un cielo azul Haces brillar, eres t\u00fa mi religi\u00f3n A veces me pregunto porque me alejo De tu alegr\u00eda, misterios e inspiraci\u00f3n Siento [&hellip;]<\/p>\n","protected":false},"author":1,"featured_media":0,"parent":10608,"menu_order":0,"comment_status":"closed","ping_status":"closed","template":"","meta":[],"_links":{"self":[{"href":"https:\/\/lafourcadefanclub.com\/sitio\/wp-json\/wp\/v2\/pages\/10610"}],"collection":[{"href":"https:\/\/lafourcadefanclub.com\/sitio\/wp-json\/wp\/v2\/pages"}],"about":[{"href":"https:\/\/lafourcadefanclub.com\/sitio\/wp-json\/wp\/v2\/types\/page"}],"author":[{"embeddable":true,"href":"https:\/\/lafourcadefanclub.com\/sitio\/wp-json\/wp\/v2\/users\/1"}],"replies":[{"embeddable":true,"href":"https:\/\/lafourcadefanclub.com\/sitio\/wp-json\/wp\/v2\/comments?post=10610"}],"version-history":[{"count":3,"href":"https:\/\/lafourcadefanclub.com\/sitio\/wp-json\/wp\/v2\/pages\/10610\/revisions"}],"predecessor-version":[{"id":10618,"href":"https:\/\/lafourcadefanclub.com\/sitio\/wp-json\/wp\/v2\/pages\/10610\/revisions\/10618"}],"up":[{"embeddable":true,"href":"https:\/\/lafourcadefanclub.com\/sitio\/wp-json\/wp\/v2\/pages\/10608"}],"wp:attachment":[{"href":"https:\/\/lafourcadefanclub.com\/sitio\/wp-json\/wp\/v2\/media?parent=10610"}],"curies":[{"name":"wp","href":"https:\/\/api.w.org\/{rel}","templated":true}]}}