{"id":11135,"date":"2025-06-06T15:31:09","date_gmt":"2025-06-06T21:31:09","guid":{"rendered":"http:\/\/lafourcadefanclub.com\/sitio\/?page_id=11135"},"modified":"2025-06-06T16:15:35","modified_gmt":"2025-06-06T22:15:35","slug":"de-todas-las-flores","status":"publish","type":"page","link":"https:\/\/lafourcadefanclub.com\/sitio\/letras\/de-todas-las-flores\/","title":{"rendered":"De todas las flores: Letras"},"content":{"rendered":"<p><img loading=\"lazy\" src=\"http:\/\/lafourcadefanclub.com\/sitio\/wp-content\/uploads\/2025\/06\/Cover_DeTodasLasFlores_Slipcase_Sticker-300x266.jpg\" alt=\"\" width=\"300\" height=\"266\" class=\"alignnone size-medium wp-image-11136\" srcset=\"https:\/\/lafourcadefanclub.com\/sitio\/wp-content\/uploads\/2025\/06\/Cover_DeTodasLasFlores_Slipcase_Sticker-300x266.jpg 300w, https:\/\/lafourcadefanclub.com\/sitio\/wp-content\/uploads\/2025\/06\/Cover_DeTodasLasFlores_Slipcase_Sticker-1024x907.jpg 1024w, https:\/\/lafourcadefanclub.com\/sitio\/wp-content\/uploads\/2025\/06\/Cover_DeTodasLasFlores_Slipcase_Sticker-768x680.jpg 768w, https:\/\/lafourcadefanclub.com\/sitio\/wp-content\/uploads\/2025\/06\/Cover_DeTodasLasFlores_Slipcase_Sticker-640x567.jpg 640w, https:\/\/lafourcadefanclub.com\/sitio\/wp-content\/uploads\/2025\/06\/Cover_DeTodasLasFlores_Slipcase_Sticker-980x868.jpg 980w, https:\/\/lafourcadefanclub.com\/sitio\/wp-content\/uploads\/2025\/06\/Cover_DeTodasLasFlores_Slipcase_Sticker.jpg 1526w\" sizes=\"(max-width: 300px) 100vw, 300px\" \/><\/p>\n<p>01. Vine solita <a href=\"https:\/\/lafourcadefanclub.com\/sitio\/letras\/de-todas-las-flores\/vine-solita\/\">(Ver letra)<\/a><br \/>\n02. De todas las flores <a href=\"https:\/\/lafourcadefanclub.com\/sitio\/letras\/de-todas-las-flores\/de-todas-las-flores\/\">(Ver letra)<\/a><br \/>\n03. Pasan los d\u00edas <a href=\"https:\/\/lafourcadefanclub.com\/sitio\/letras\/de-todas-las-flores\/pasan-los-dias\/\">(Ver letra)<\/a><br \/>\n04. Ll\u00e9vame viento <a href=\"https:\/\/lafourcadefanclub.com\/sitio\/letras\/de-todas-las-flores\/llevame-viento\/\">(Ver letra)<\/a><br \/>\n05. El lugar correcto <a href=\"https:\/\/lafourcadefanclub.com\/sitio\/letras\/de-todas-las-flores\/el-lugar-correcto\/\">(Ver letra)<\/a><br \/>\n06. Pajarito colibr\u00ed <a href=\"https:\/\/lafourcadefanclub.com\/sitio\/letras\/de-todas-las-flores\/pajarito-colibri\/\">(Ver letra)<\/a><br \/>\n07. Mar\u00eda la curandera <a href=\"https:\/\/lafourcadefanclub.com\/sitio\/letras\/de-todas-las-flores\/maria-la-curandera\/\">(Ver letra)<\/a><br \/>\n08. Caminar bonito <a href=\"https:\/\/lafourcadefanclub.com\/sitio\/letras\/de-todas-las-flores\/caminar-bonito\/\">(Ver letra)<\/a><br \/>\n09. Mi manera de querer <a href=\"https:\/\/lafourcadefanclub.com\/sitio\/letras\/de-todas-las-flores\/mi-manera-de-querer\/\">(Ver letra)<\/a><br \/>\n10. Muerte <a href=\"https:\/\/lafourcadefanclub.com\/sitio\/letras\/de-todas-las-flores\/muerte\/\">(Ver letra)<\/a><br \/>\n11. Canta la arena <a href=\"https:\/\/lafourcadefanclub.com\/sitio\/letras\/de-todas-las-flores\/canta-la-arena\/\">(Ver letra)<\/a><br \/>\n12. Que te vaya bonito Nicol\u00e1s <a href=\"https:\/\/lafourcadefanclub.com\/sitio\/letras\/cancionera\/te-vaya-bonito-nicolas\/\">(Ver letra)<\/a><\/p>\n","protected":false},"excerpt":{"rendered":"<p>01. Vine solita (Ver letra) 02. De todas las flores (Ver letra) 03. Pasan los d\u00edas (Ver letra) 04. Ll\u00e9vame viento (Ver letra) 05. El lugar correcto (Ver letra) 06. Pajarito colibr\u00ed (Ver letra) 07. Mar\u00eda la curandera (Ver letra) 08. Caminar bonito (Ver letra) 09. Mi manera de querer (Ver letra) 10. Muerte (Ver [&hellip;]<\/p>\n","protected":false},"author":1,"featured_media":11139,"parent":803,"menu_order":0,"comment_status":"closed","ping_status":"closed","template":"","meta":[],"_links":{"self":[{"href":"https:\/\/lafourcadefanclub.com\/sitio\/wp-json\/wp\/v2\/pages\/11135"}],"collection":[{"href":"https:\/\/lafourcadefanclub.com\/sitio\/wp-json\/wp\/v2\/pages"}],"about":[{"href":"https:\/\/lafourcadefanclub.com\/sitio\/wp-json\/wp\/v2\/types\/page"}],"author":[{"embeddable":true,"href":"https:\/\/lafourcadefanclub.com\/sitio\/wp-json\/wp\/v2\/users\/1"}],"replies":[{"embeddable":true,"href":"https:\/\/lafourcadefanclub.com\/sitio\/wp-json\/wp\/v2\/comments?post=11135"}],"version-history":[{"count":3,"href":"https:\/\/lafourcadefanclub.com\/sitio\/wp-json\/wp\/v2\/pages\/11135\/revisions"}],"predecessor-version":[{"id":11188,"href":"https:\/\/lafourcadefanclub.com\/sitio\/wp-json\/wp\/v2\/pages\/11135\/revisions\/11188"}],"up":[{"embeddable":true,"href":"https:\/\/lafourcadefanclub.com\/sitio\/wp-json\/wp\/v2\/pages\/803"}],"wp:featuredmedia":[{"embeddable":true,"href":"https:\/\/lafourcadefanclub.com\/sitio\/wp-json\/wp\/v2\/media\/11139"}],"wp:attachment":[{"href":"https:\/\/lafourcadefanclub.com\/sitio\/wp-json\/wp\/v2\/media?parent=11135"}],"curies":[{"name":"wp","href":"https:\/\/api.w.org\/{rel}","templated":true}]}}