{"id":11146,"date":"2025-06-06T15:58:07","date_gmt":"2025-06-06T21:58:07","guid":{"rendered":"http:\/\/lafourcadefanclub.com\/sitio\/?page_id=11146"},"modified":"2025-06-06T15:59:35","modified_gmt":"2025-06-06T21:59:35","slug":"vine-solita","status":"publish","type":"page","link":"https:\/\/lafourcadefanclub.com\/sitio\/letras\/de-todas-las-flores\/vine-solita\/","title":{"rendered":"Letra: Vine solita"},"content":{"rendered":"<p><img loading=\"lazy\" src=\"http:\/\/lafourcadefanclub.com\/sitio\/wp-content\/uploads\/2025\/06\/Cover_DeTodasLasFlores_Slipcase_Sticker-1024x907.jpg\" alt=\"\" width=\"320\" height=\"300\" class=\"alignnone size-large wp-image-11136\" \/><\/p>\n<p>A este mundo vine solita<br \/>\nsolita me voy a morir<br \/>\nCuando camino solo respiro<br \/>\nPercibo conmigo valientes mis pies<br \/>\nPersigo conmigo valiente mis pies.<\/p>\n<p>En este mundo no entiendo la guerra la guerra<br \/>\nde adentro de m\u00ed o de ti<br \/>\nLlega la noche, apago la luz y en la oscuridad<br \/>\nsigo so\u00f1ando con despertar, con despertar<br \/>\nSigo so\u00f1ando con despertar, con despertar.<\/p>\n<p>Aunque pal mundo soy invisible<br \/>\nyo siento marea que danza agitada en mi piel<br \/>\nY al viento entrego todas mis penas<br \/>\nSi lloro violento soy r\u00edo hasta el amanecer<br \/>\nSi lloro violento soy r\u00edo hasta el amanecer<br \/>\nSi lloro violento soy r\u00edo hasta el amanecer.<\/p>\n<p>En cada d\u00eda estoy naciendo<br \/>\nEn cada d\u00eda estoy partiendo de m\u00ed<br \/>\nDe m\u00ed me aferro a la vida<br \/>\nDe m\u00ed me aferro a la vida<br \/>\nDe m\u00ed me aferro a la vida<br \/>\nDe m\u00ed, de m\u00ed, de m\u00ed me aferro a la vida<br \/>\nDe m\u00ed me aferro a la vida<br \/>\nDe m\u00ed, de m\u00ed, de m\u00ed me aferro a la vida<br \/>\nDe m\u00ed me aferro a la vida.<\/p>\n<p>A este mundo vine solita solita me voy a morir<br \/>\nA este mundo vine solita<br \/>\nMe aferro a la vida antes de morir<br \/>\nMe aferro a la vida antes de morir.<\/p>\n","protected":false},"excerpt":{"rendered":"<p>A este mundo vine solita solita me voy a morir Cuando camino solo respiro Percibo conmigo valientes mis pies Persigo conmigo valiente mis pies. En este mundo no entiendo la guerra la guerra de adentro de m\u00ed o de ti Llega la noche, apago la luz y en la oscuridad sigo so\u00f1ando con despertar, con [&hellip;]<\/p>\n","protected":false},"author":1,"featured_media":11136,"parent":11135,"menu_order":0,"comment_status":"closed","ping_status":"closed","template":"","meta":[],"_links":{"self":[{"href":"https:\/\/lafourcadefanclub.com\/sitio\/wp-json\/wp\/v2\/pages\/11146"}],"collection":[{"href":"https:\/\/lafourcadefanclub.com\/sitio\/wp-json\/wp\/v2\/pages"}],"about":[{"href":"https:\/\/lafourcadefanclub.com\/sitio\/wp-json\/wp\/v2\/types\/page"}],"author":[{"embeddable":true,"href":"https:\/\/lafourcadefanclub.com\/sitio\/wp-json\/wp\/v2\/users\/1"}],"replies":[{"embeddable":true,"href":"https:\/\/lafourcadefanclub.com\/sitio\/wp-json\/wp\/v2\/comments?post=11146"}],"version-history":[{"count":2,"href":"https:\/\/lafourcadefanclub.com\/sitio\/wp-json\/wp\/v2\/pages\/11146\/revisions"}],"predecessor-version":[{"id":11165,"href":"https:\/\/lafourcadefanclub.com\/sitio\/wp-json\/wp\/v2\/pages\/11146\/revisions\/11165"}],"up":[{"embeddable":true,"href":"https:\/\/lafourcadefanclub.com\/sitio\/wp-json\/wp\/v2\/pages\/11135"}],"wp:featuredmedia":[{"embeddable":true,"href":"https:\/\/lafourcadefanclub.com\/sitio\/wp-json\/wp\/v2\/media\/11136"}],"wp:attachment":[{"href":"https:\/\/lafourcadefanclub.com\/sitio\/wp-json\/wp\/v2\/media?parent=11146"}],"curies":[{"name":"wp","href":"https:\/\/api.w.org\/{rel}","templated":true}]}}