{"id":11149,"date":"2025-06-06T15:59:21","date_gmt":"2025-06-06T21:59:21","guid":{"rendered":"http:\/\/lafourcadefanclub.com\/sitio\/?page_id=11149"},"modified":"2025-06-06T15:59:49","modified_gmt":"2025-06-06T21:59:49","slug":"llevame-viento","status":"publish","type":"page","link":"https:\/\/lafourcadefanclub.com\/sitio\/letras\/de-todas-las-flores\/llevame-viento\/","title":{"rendered":"Letra: Ll\u00e9vame viento"},"content":{"rendered":"<p><img loading=\"lazy\" src=\"http:\/\/lafourcadefanclub.com\/sitio\/wp-content\/uploads\/2025\/06\/Cover_DeTodasLasFlores_Slipcase_Sticker-1024x907.jpg\" alt=\"\" width=\"320\" height=\"300\" class=\"alignnone size-large wp-image-11136\" \/><\/p>\n<p>Viento ll\u00e9vame a donde la bruma no pueda encontrarme<br \/>\ndonde los p\u00e1jaros canten y el agua me salve<br \/>\nLevanta mis piernas sacude mi cuerpo y canta, canta.<\/p>\n<p>Viento \u00e1lzame como a las hojas las besa el oto\u00f1o<br \/>\nSusurra la voz de tu amor que despierta muy hondo<br \/>\nBaila conmigo, baila conmigo ligero, ligero.<\/p>\n<p>Viento hoy necesito un abrazo que rompa el hielo<br \/>\nViento hoy necesito tu canto que andaba lejos.<\/p>\n<p>Viento ll\u00e9vame a donde la bruma no pueda encontrarme<br \/>\ndonde los p\u00e1jaros canten y el agua me salve<br \/>\nLevanta mis piernas, sacude mi cuerpo y canta, canca.<\/p>\n<p>Viento \u00e1lzame como a las hojas las besa el oto\u00f1o<br \/>\nSusurra la voz de tu amor que despierta muy hondo<br \/>\nBaila conmigo, baila conmigo ligero, ligero.<\/p>\n<p>Viento hoy necesito un abrazo que rompa el hielo<br \/>\nViento hoy necesito tu canto que andaba lejos.<\/p>\n<p>Viento hoy necesito un abrazo que rompa el hielo<br \/>\nViento hoy necesito tu canto que andaba lejos.<\/p>\n<p>Viento hoy necesito un abrazo que rompa el hielo<br \/>\nViento hoy necesito tu canto que andaba lejos.<\/p>\n","protected":false},"excerpt":{"rendered":"<p>Viento ll\u00e9vame a donde la bruma no pueda encontrarme donde los p\u00e1jaros canten y el agua me salve Levanta mis piernas sacude mi cuerpo y canta, canta. Viento \u00e1lzame como a las hojas las besa el oto\u00f1o Susurra la voz de tu amor que despierta muy hondo Baila conmigo, baila conmigo ligero, ligero. Viento hoy [&hellip;]<\/p>\n","protected":false},"author":1,"featured_media":11136,"parent":11135,"menu_order":0,"comment_status":"closed","ping_status":"closed","template":"","meta":[],"_links":{"self":[{"href":"https:\/\/lafourcadefanclub.com\/sitio\/wp-json\/wp\/v2\/pages\/11149"}],"collection":[{"href":"https:\/\/lafourcadefanclub.com\/sitio\/wp-json\/wp\/v2\/pages"}],"about":[{"href":"https:\/\/lafourcadefanclub.com\/sitio\/wp-json\/wp\/v2\/types\/page"}],"author":[{"embeddable":true,"href":"https:\/\/lafourcadefanclub.com\/sitio\/wp-json\/wp\/v2\/users\/1"}],"replies":[{"embeddable":true,"href":"https:\/\/lafourcadefanclub.com\/sitio\/wp-json\/wp\/v2\/comments?post=11149"}],"version-history":[{"count":2,"href":"https:\/\/lafourcadefanclub.com\/sitio\/wp-json\/wp\/v2\/pages\/11149\/revisions"}],"predecessor-version":[{"id":11168,"href":"https:\/\/lafourcadefanclub.com\/sitio\/wp-json\/wp\/v2\/pages\/11149\/revisions\/11168"}],"up":[{"embeddable":true,"href":"https:\/\/lafourcadefanclub.com\/sitio\/wp-json\/wp\/v2\/pages\/11135"}],"wp:featuredmedia":[{"embeddable":true,"href":"https:\/\/lafourcadefanclub.com\/sitio\/wp-json\/wp\/v2\/media\/11136"}],"wp:attachment":[{"href":"https:\/\/lafourcadefanclub.com\/sitio\/wp-json\/wp\/v2\/media?parent=11149"}],"curies":[{"name":"wp","href":"https:\/\/api.w.org\/{rel}","templated":true}]}}