{"id":11157,"date":"2025-06-06T16:08:43","date_gmt":"2025-06-06T22:08:43","guid":{"rendered":"http:\/\/lafourcadefanclub.com\/sitio\/?page_id=11157"},"modified":"2025-06-06T16:10:25","modified_gmt":"2025-06-06T22:10:25","slug":"caminar-bonito","status":"publish","type":"page","link":"https:\/\/lafourcadefanclub.com\/sitio\/letras\/de-todas-las-flores\/caminar-bonito\/","title":{"rendered":"Letra: Caminar bonito"},"content":{"rendered":"<p><img loading=\"lazy\" src=\"http:\/\/lafourcadefanclub.com\/sitio\/wp-content\/uploads\/2025\/06\/Cover_DeTodasLasFlores_Slipcase_Sticker-1024x907.jpg\" alt=\"\" width=\"320\" height=\"300\" class=\"alignnone size-large wp-image-11136\" \/><\/p>\n<p>Qu\u00e9 bonito saber que si lejos me voy<br \/>\ncuando yo regres\u00e9<br \/>\nen la casa estar\u00e1n todas esas canciones<br \/>\nque nos aprendimos.<\/p>\n<p>Qu\u00e9 bonito es tener tanta seguridad<br \/>\nde que en la distancia<br \/>\naunque lejos est\u00e9s tan cerquita te siento<br \/>\nen las madrugadas.<\/p>\n<p>Y agradezco saber que en la vida mi amor<br \/>\ncaminar bonito<br \/>\nes algo que deseo regresar siempre a casa<br \/>\npara estar contigo.<\/p>\n<p>Y agradezco entender una humilde elecci\u00f3n<br \/>\ncaminar bonito<br \/>\ncada d\u00eda yo elijo, pues la vida son monta\u00f1as que yo quiero atravesar juntitos.<\/p>\n<p>Qu\u00e9 bonito es saber que si lejos me voy<br \/>\ncuando yo regrese<br \/>\nun abrazo estar\u00e1 esperando en silencio<br \/>\nhasta que despierte.<\/p>\n<p>Esos tragos amargos, esos d\u00edas nublados, algunos tropiezos caminando a tu lado<br \/>\nse convierten en viento abrazando mi cuerpo y ah\u00ed volamos.<\/p>\n<p>Y agradezco saber que en la vida mi amor<br \/>\ncaminar bonito<br \/>\nes algo que desco regresar siempre a casa<br \/>\npara estar contigo.<\/p>\n<p>Y agradezco entender una humilde elecci\u00f3n<br \/>\ncaminar bonito<br \/>\nCada d\u00eda yo elijo, pues la vida son monta\u00f1as que yo quiero<br \/>\natravesar juntitos<br \/>\nCada d\u00eda yo elijo, pues la vida son monta\u00f1as que yo quiero<br \/>\natravesar juntitos<br \/>\nCada d\u00eda yo elijo, pues la vida son monta\u00f1as que yo quiero<br \/>\natravesar juntitos.<\/p>\n","protected":false},"excerpt":{"rendered":"<p>Qu\u00e9 bonito saber que si lejos me voy cuando yo regres\u00e9 en la casa estar\u00e1n todas esas canciones que nos aprendimos. Qu\u00e9 bonito es tener tanta seguridad de que en la distancia aunque lejos est\u00e9s tan cerquita te siento en las madrugadas. Y agradezco saber que en la vida mi amor caminar bonito es algo [&hellip;]<\/p>\n","protected":false},"author":1,"featured_media":11136,"parent":11135,"menu_order":0,"comment_status":"closed","ping_status":"closed","template":"","meta":[],"_links":{"self":[{"href":"https:\/\/lafourcadefanclub.com\/sitio\/wp-json\/wp\/v2\/pages\/11157"}],"collection":[{"href":"https:\/\/lafourcadefanclub.com\/sitio\/wp-json\/wp\/v2\/pages"}],"about":[{"href":"https:\/\/lafourcadefanclub.com\/sitio\/wp-json\/wp\/v2\/types\/page"}],"author":[{"embeddable":true,"href":"https:\/\/lafourcadefanclub.com\/sitio\/wp-json\/wp\/v2\/users\/1"}],"replies":[{"embeddable":true,"href":"https:\/\/lafourcadefanclub.com\/sitio\/wp-json\/wp\/v2\/comments?post=11157"}],"version-history":[{"count":2,"href":"https:\/\/lafourcadefanclub.com\/sitio\/wp-json\/wp\/v2\/pages\/11157\/revisions"}],"predecessor-version":[{"id":11183,"href":"https:\/\/lafourcadefanclub.com\/sitio\/wp-json\/wp\/v2\/pages\/11157\/revisions\/11183"}],"up":[{"embeddable":true,"href":"https:\/\/lafourcadefanclub.com\/sitio\/wp-json\/wp\/v2\/pages\/11135"}],"wp:featuredmedia":[{"embeddable":true,"href":"https:\/\/lafourcadefanclub.com\/sitio\/wp-json\/wp\/v2\/media\/11136"}],"wp:attachment":[{"href":"https:\/\/lafourcadefanclub.com\/sitio\/wp-json\/wp\/v2\/media?parent=11157"}],"curies":[{"name":"wp","href":"https:\/\/api.w.org\/{rel}","templated":true}]}}