{"id":11159,"date":"2025-06-06T16:09:14","date_gmt":"2025-06-06T22:09:14","guid":{"rendered":"http:\/\/lafourcadefanclub.com\/sitio\/?page_id=11159"},"modified":"2025-06-06T16:10:36","modified_gmt":"2025-06-06T22:10:36","slug":"muerte","status":"publish","type":"page","link":"https:\/\/lafourcadefanclub.com\/sitio\/letras\/de-todas-las-flores\/muerte\/","title":{"rendered":"Letra: Muerte"},"content":{"rendered":"<p><img loading=\"lazy\" src=\"http:\/\/lafourcadefanclub.com\/sitio\/wp-content\/uploads\/2025\/06\/Cover_DeTodasLasFlores_Slipcase_Sticker-1024x907.jpg\" alt=\"\" width=\"320\" height=\"300\" class=\"alignnone size-large wp-image-11136\" \/><\/p>\n<p>Le doy gracias a la muerte<br \/>\npor ense\u00f1arme a vivir<br \/>\npor invitarme a salir<br \/>\na descifrar bien mi suerte<br \/>\nTomando mi mano fuerte<br \/>\nllen\u00e1ndola de vida<br \/>\nes como del mal me cuida<br \/>\nporque al presente me aferra.<\/p>\n<p>Despu\u00e9s de morir mi guerra, hoy renazco agradecida<\/p>\n<p>Le doy gracias a las flores<br \/>\nal aroma del jazm\u00edn<br \/>\npor invitarme al jardin<br \/>\ndonde se lloran dolores<br \/>\nTom\u00e1ndome los licores<br \/>\nsagrados de nuestra tierra<br \/>\nla pena por fin se entierra<br \/>\ny a la alegr\u00eda me doy.<\/p>\n<p>Podr\u00eda no saber qui\u00e9n soy, mas no caerme me aterra<br \/>\nPodr\u00eda no saber qui\u00e9n soy, mas no caerme<br \/>\nay eso s\u00ed que me aterra.<\/p>\n<p>Muerte de haber mirado a la muerte<br \/>\nes que hoy camino la vida con la te y el alma encendida<br \/>\nMuerte de saludar a la muerte<br \/>\nes que hoy valoro el amor, que nace en m\u00ed para siempre.<\/p>\n<p>Palmeras ca\u00f1averales<br \/>\nlas playas de Veracruz<br \/>\nle dieron fuerza a la luz<br \/>\nque hab\u00eda perdido a raudales<br \/>\nEn polvo de minerales<br \/>\ny estrellas me convert\u00ed<br \/>\ny el cielo que descubri<br \/>\nhoy me deslumbra de vida.<\/p>\n<p>Bail\u00e9 tan agradecida que a Dios mi muerte ofrec\u00ed<br \/>\nBail\u00e9 tan agradecida que a Dios mi muerte le ofrec\u00ed<br \/>\nMuerte de haber mirado a la muerte<br \/>\nes que hoy camino la vida con la fe y el alma encendida<br \/>\nMuerte de saludar a la muerte<br \/>\nes que hoy camino la vida con la fe y el alma encendida<br \/>\nMuerte de haber mirado a la muerte<br \/>\nes que hoy camino la vida con la fe y el alma encendida<br \/>\nMuerte de saludar a la muerte<br \/>\nes que hoy valoro el amor, que nace en mi para siempre.<\/p>\n<p>Le doy gracias a la vida, le doy gracias a la muerte por ense\u00f1arme<br \/>\na vivir.<br \/>\nLe doy gracias a la muerte por ense\u00f1arme a vivir.<\/p>\n","protected":false},"excerpt":{"rendered":"<p>Le doy gracias a la muerte por ense\u00f1arme a vivir por invitarme a salir a descifrar bien mi suerte Tomando mi mano fuerte llen\u00e1ndola de vida es como del mal me cuida porque al presente me aferra. Despu\u00e9s de morir mi guerra, hoy renazco agradecida Le doy gracias a las flores al aroma del jazm\u00edn [&hellip;]<\/p>\n","protected":false},"author":1,"featured_media":11136,"parent":11135,"menu_order":0,"comment_status":"closed","ping_status":"closed","template":"","meta":[],"_links":{"self":[{"href":"https:\/\/lafourcadefanclub.com\/sitio\/wp-json\/wp\/v2\/pages\/11159"}],"collection":[{"href":"https:\/\/lafourcadefanclub.com\/sitio\/wp-json\/wp\/v2\/pages"}],"about":[{"href":"https:\/\/lafourcadefanclub.com\/sitio\/wp-json\/wp\/v2\/types\/page"}],"author":[{"embeddable":true,"href":"https:\/\/lafourcadefanclub.com\/sitio\/wp-json\/wp\/v2\/users\/1"}],"replies":[{"embeddable":true,"href":"https:\/\/lafourcadefanclub.com\/sitio\/wp-json\/wp\/v2\/comments?post=11159"}],"version-history":[{"count":2,"href":"https:\/\/lafourcadefanclub.com\/sitio\/wp-json\/wp\/v2\/pages\/11159\/revisions"}],"predecessor-version":[{"id":11185,"href":"https:\/\/lafourcadefanclub.com\/sitio\/wp-json\/wp\/v2\/pages\/11159\/revisions\/11185"}],"up":[{"embeddable":true,"href":"https:\/\/lafourcadefanclub.com\/sitio\/wp-json\/wp\/v2\/pages\/11135"}],"wp:featuredmedia":[{"embeddable":true,"href":"https:\/\/lafourcadefanclub.com\/sitio\/wp-json\/wp\/v2\/media\/11136"}],"wp:attachment":[{"href":"https:\/\/lafourcadefanclub.com\/sitio\/wp-json\/wp\/v2\/media?parent=11159"}],"curies":[{"name":"wp","href":"https:\/\/api.w.org\/{rel}","templated":true}]}}