{"id":11160,"date":"2025-06-06T16:09:31","date_gmt":"2025-06-06T22:09:31","guid":{"rendered":"http:\/\/lafourcadefanclub.com\/sitio\/?page_id=11160"},"modified":"2025-06-06T16:10:40","modified_gmt":"2025-06-06T22:10:40","slug":"canta-la-arena","status":"publish","type":"page","link":"https:\/\/lafourcadefanclub.com\/sitio\/letras\/de-todas-las-flores\/canta-la-arena\/","title":{"rendered":"Letra: Canta la arena"},"content":{"rendered":"<p><img loading=\"lazy\" src=\"http:\/\/lafourcadefanclub.com\/sitio\/wp-content\/uploads\/2025\/06\/Cover_DeTodasLasFlores_Slipcase_Sticker-1024x907.jpg\" alt=\"\" width=\"320\" height=\"300\" class=\"alignnone size-large wp-image-11136\" \/><\/p>\n<p>Canta la arena tan bonito cuando bailo con ella<br \/>\nEscucho la corriente como va y viene<br \/>\nSi me besa el mar, todita ya me tiene.<\/p>\n<p>Juega la caracola con su amiga la bella ola<br \/>\nsi me canta el son que nace aqu\u00ed en la playa<br \/>\nsiento el coraz\u00f3n, no quiere que me vaya.<\/p>\n<p>Alma de marinero que se huele por estos vientos<br \/>\nsi me dice ni\u00f1a qu\u00e9 anda haciendo aqu\u00ed<br \/>\nno le respondo na no mas le gui\u00f1o asi.<\/p>\n<p>Isla de los encantos, los encuentros afrodisiacos<br \/>\nsi me arrastra el r\u00edo a donde empieza el mar<br \/>\nme dejo dar los besos de ese hermoso par.<\/p>\n<p>Y cuando cae la noche con sus ojos tan estrellados<br \/>\nse me va el aliento entro en un furor<br \/>\nyo solo quiero ser, la due\u00f1a de su amor.<\/p>\n<p>La due\u00f1a de su amor<br \/>\nun velerito donde el sol durmi\u00f3<br \/>\nLa due\u00f1a de su amor<br \/>\nque trajo en la marea esta canci\u00f3n.<\/p>\n<p>La due\u00f1a de su amor<br \/>\nun velerito donde el sol durmi\u00f3<br \/>\nLa due\u00f1a de su amor<br \/>\nque trajo en la marea esta canci\u00f3n.<\/p>\n<p>Canta la arena tan bonito cuando bailo con ella<br \/>\nEscucho la corriente como va y viene<br \/>\nSi me besa el mar, todita ya me tiene.<\/p>\n<p>Si me besa el mar, si me besa el mar<br \/>\ntodita ya me tiene, si me besa el mar.<\/p>\n","protected":false},"excerpt":{"rendered":"<p>Canta la arena tan bonito cuando bailo con ella Escucho la corriente como va y viene Si me besa el mar, todita ya me tiene. Juega la caracola con su amiga la bella ola si me canta el son que nace aqu\u00ed en la playa siento el coraz\u00f3n, no quiere que me vaya. Alma de [&hellip;]<\/p>\n","protected":false},"author":1,"featured_media":11136,"parent":11135,"menu_order":0,"comment_status":"closed","ping_status":"closed","template":"","meta":[],"_links":{"self":[{"href":"https:\/\/lafourcadefanclub.com\/sitio\/wp-json\/wp\/v2\/pages\/11160"}],"collection":[{"href":"https:\/\/lafourcadefanclub.com\/sitio\/wp-json\/wp\/v2\/pages"}],"about":[{"href":"https:\/\/lafourcadefanclub.com\/sitio\/wp-json\/wp\/v2\/types\/page"}],"author":[{"embeddable":true,"href":"https:\/\/lafourcadefanclub.com\/sitio\/wp-json\/wp\/v2\/users\/1"}],"replies":[{"embeddable":true,"href":"https:\/\/lafourcadefanclub.com\/sitio\/wp-json\/wp\/v2\/comments?post=11160"}],"version-history":[{"count":2,"href":"https:\/\/lafourcadefanclub.com\/sitio\/wp-json\/wp\/v2\/pages\/11160\/revisions"}],"predecessor-version":[{"id":11186,"href":"https:\/\/lafourcadefanclub.com\/sitio\/wp-json\/wp\/v2\/pages\/11160\/revisions\/11186"}],"up":[{"embeddable":true,"href":"https:\/\/lafourcadefanclub.com\/sitio\/wp-json\/wp\/v2\/pages\/11135"}],"wp:featuredmedia":[{"embeddable":true,"href":"https:\/\/lafourcadefanclub.com\/sitio\/wp-json\/wp\/v2\/media\/11136"}],"wp:attachment":[{"href":"https:\/\/lafourcadefanclub.com\/sitio\/wp-json\/wp\/v2\/media?parent=11160"}],"curies":[{"name":"wp","href":"https:\/\/api.w.org\/{rel}","templated":true}]}}