{"id":11247,"date":"2025-06-09T13:01:35","date_gmt":"2025-06-09T19:01:35","guid":{"rendered":"http:\/\/lafourcadefanclub.com\/sitio\/?page_id=11247"},"modified":"2025-06-10T21:45:57","modified_gmt":"2025-06-11T03:45:57","slug":"edicion-vinilo-white","status":"publish","type":"page","link":"https:\/\/lafourcadefanclub.com\/sitio\/discografia\/albums\/hasta-la-raiz\/edicion-vinilo-white\/","title":{"rendered":"Hasta la ra\u00edz: Edici\u00f3n Vinilo \/ LP (White)"},"content":{"rendered":"<p><img loading=\"lazy\" src=\"http:\/\/lafourcadefanclub.com\/sitio\/wp-content\/uploads\/2025\/06\/Hasta-La-Raiz-Vinyl-LP-White-1024x557.png\" alt=\"\" width=\"552\" height=\"300\" class=\"alignnone size-large wp-image-11231\" \/><\/p>\n<p>Int\u00e9rprete: Natalia Lafourcade<br \/>\n\u00c1lbum: Hasta la ra\u00edz (White Vinyl)<br \/>\nLanzamiento: 3 de enero de 2023<br \/>\nDisquera: Sony Music Entertainment M\u00e9xico, S.A. de C.V.<br \/>\nFormato: Vinilo LP<br \/>\nUPC: 888750741813<br \/>\nProducci\u00f3n: Natalia Lafourcade \/ Cachorro L\u00f3pez \/ Leonel Garc\u00eda<\/p>\n<p><strong>VINILO \/ LP:<\/strong><\/p>\n<p>Tracklist:<\/p>\n<p><em>LADO A<\/em><br \/>\n01. Hasta la ra\u00edz (3:42)<br \/>\n02. Mi lugar favorito (4:57)<br \/>\n03. Antes de huir (3:52)<br \/>\n04. Ya no te puedo querer (4:47)<br \/>\n05. Para qu\u00e9 sufrir (3:47)<br \/>\n06. Nunca es suficiente (3:57)<\/p>\n<p><em>LADO B<\/em><br \/>\n01. Palomas blancas (4:37)<br \/>\n02. Te quiero ver (3:27)<br \/>\n03. V\u00e1monos negrito (4:34)<br \/>\n04. Lo que construimos (4:39)<br \/>\n05. Estoy lista (4:42)<br \/>\n06. No m\u00e1s llorar (5:35)<\/p>\n<hr>\n<p><strong>Audio:<\/strong><br \/>\nEscuchar: <a href=\"https:\/\/open.spotify.com\/intl-es\/album\/6DWTUm9rifRvl5PTyNMwqV\" target=\"_blank\" rel=\"noopener noreferrer\">Spotify<\/a> \u2022 <a href=\"https:\/\/music.apple.com\/mx\/album\/hasta-la-ra%C3%ADz-edici%C3%B3n-especial\/1055384362\" target=\"_blank\" rel=\"noopener noreferrer\">Apple Music<\/a> \u2022 <a href=\"https:\/\/music.amazon.com\/albums\/B017JNKF82\" target=\"_blank\" rel=\"noopener noreferrer\">Amazon Music<\/a> \u2022 <a href=\"https:\/\/www.youtube.com\/playlist?list=PLeSZ3Yy6leJKNjPnuCD7vdaVZDCTnqWZI\" target=\"_blank\" rel=\"noopener noreferrer\">YouTube<\/a> \u2022 <a href=\"https:\/\/www.deezer.com\/mx\/album\/11674750\" target=\"_blank\" rel=\"noopener noreferrer\">Deezer<\/a> \u2022 <a href=\"https:\/\/www.claromusica.com\/artist\/17294\" target=\"_blank\" rel=\"noopener noreferrer\">Claro M\u00fasica<\/a> \u2022 <a href=\"https:\/\/trebel.io\/track?id=49721483\" target=\"_blank\" rel=\"noopener noreferrer\">Trebel<\/a> \u2022 <a href=\"https:\/\/www.deezer.com\/mx\/album\/11674750\" target=\"_blank\" rel=\"noopener noreferrer\">Deezer<\/a> \u2022 <a href=\"https:\/\/tidal.com\/browse\/album\/53316015\" target=\"_blank\" rel=\"noopener noreferrer\">Tidal<\/a><\/p>\n<p>Comprar Digital: <a href=\"https:\/\/geo.itunes.apple.com\/album\/hasta-la-ra\u00edz-edici\u00f3n-especial\/1055384362\" target=\"_blank\" rel=\"noopener noreferrer\">iTunes<\/a><\/p>\n<p><strong>Sencillos:<\/strong><br \/>\n1. Nunca es suficiente <small><a href=\"http:\/\/lafourcadefanclub.com\/sitio\/letras\/hasta-la-raiz\/nunca-es-suficiente\/\">(Letra)<\/a> <a href=\"http:\/\/lafourcadefanclub.com\/sitio\/videoteca\/music-videos\/nunca-es-suficiente\/\">(Video)<\/a><\/small><br \/>\n2. Hasta la ra\u00edz <small><a href=\"http:\/\/lafourcadefanclub.com\/sitio\/letras\/hasta-la-raiz\/hasta-la-raiz\/\">(Letra)<\/a> <a href=\"http:\/\/lafourcadefanclub.com\/sitio\/videoteca\/music-videos\/hasta-la-raiz\/\">(Video)<\/a><\/small><br \/>\n3. Lo que construimos <small><a href=\"http:\/\/lafourcadefanclub.com\/sitio\/letras\/hasta-la-raiz\/lo-que-construimos\/\">(Letra)<\/a> <a href=\"http:\/\/lafourcadefanclub.com\/sitio\/videoteca\/music-videos\/lo-que-construimos\/\">(Video)<\/a><\/small><br \/>\n4. Mi lugar favorito <small><a href=\"http:\/\/lafourcadefanclub.com\/sitio\/letras\/hasta-la-raiz\/mi-lugar-favorito\/\">(Letra)<\/a><\/small><\/p>\n<hr>\n<p><b>OTRAS EDICIONES<\/b><\/p>\n<p><a href=\"http:\/\/lafourcadefanclub.com\/sitio\/discografia\/albums\/hasta-la-raiz\/\">Hasta la ra\u00edz [Edici\u00f3n Est\u00e1ndar] (2015)<\/a><br \/>\n<a href=\"http:\/\/lafourcadefanclub.com\/sitio\/discografia\/albums\/hasta-la-raiz\/edicion-especial\/\">Hasta la ra\u00edz [Edici\u00f3n Especial: CD + DVD] (2015)<\/a><br \/>\n<a href=\"https:\/\/lafourcadefanclub.com\/sitio\/discografia\/albums\/hasta-la-raiz\/edicion-vinilo-lp\/\">Hasta la ra\u00edz [Edici\u00f3n Vinilo \/ LP] (2015)<\/a><br \/>\n<a href=\"https:\/\/lafourcadefanclub.com\/sitio\/discografia\/albums\/hasta-la-raiz\/edicion-vinilo-green\/\">Hasta la ra\u00edz [Edici\u00f3n Vinilo \/ LP] (Green Translucent) (2024)<\/a><br \/>\n<a href=\"https:\/\/lafourcadefanclub.com\/sitio\/discografia\/albums\/hasta-la-raiz\/edicion-vinilo-clear\/\">Hasta la ra\u00edz [Edici\u00f3n Vinilo \/ LP] (Crystal Clear) (2025)<\/a><br \/>\n<a href=\"https:\/\/lafourcadefanclub.com\/sitio\/discografia\/albums\/hasta-la-raiz\/edicion-vinilo-black-reissue\/\">Hasta la ra\u00edz [Edici\u00f3n Vinilo \/ LP] (Black \/ Reissue) (2025)<\/a><\/p>\n","protected":false},"excerpt":{"rendered":"<p>Int\u00e9rprete: Natalia Lafourcade \u00c1lbum: Hasta la ra\u00edz (White Vinyl) Lanzamiento: 3 de enero de 2023 Disquera: Sony Music Entertainment M\u00e9xico, S.A. de C.V. Formato: Vinilo LP UPC: 888750741813 Producci\u00f3n: Natalia Lafourcade \/ Cachorro L\u00f3pez \/ Leonel Garc\u00eda VINILO \/ LP: Tracklist: LADO A 01. Hasta la ra\u00edz (3:42) 02. Mi lugar favorito (4:57) 03. Antes [&hellip;]<\/p>\n","protected":false},"author":1,"featured_media":11248,"parent":7221,"menu_order":0,"comment_status":"closed","ping_status":"closed","template":"","meta":[],"_links":{"self":[{"href":"https:\/\/lafourcadefanclub.com\/sitio\/wp-json\/wp\/v2\/pages\/11247"}],"collection":[{"href":"https:\/\/lafourcadefanclub.com\/sitio\/wp-json\/wp\/v2\/pages"}],"about":[{"href":"https:\/\/lafourcadefanclub.com\/sitio\/wp-json\/wp\/v2\/types\/page"}],"author":[{"embeddable":true,"href":"https:\/\/lafourcadefanclub.com\/sitio\/wp-json\/wp\/v2\/users\/1"}],"replies":[{"embeddable":true,"href":"https:\/\/lafourcadefanclub.com\/sitio\/wp-json\/wp\/v2\/comments?post=11247"}],"version-history":[{"count":6,"href":"https:\/\/lafourcadefanclub.com\/sitio\/wp-json\/wp\/v2\/pages\/11247\/revisions"}],"predecessor-version":[{"id":11277,"href":"https:\/\/lafourcadefanclub.com\/sitio\/wp-json\/wp\/v2\/pages\/11247\/revisions\/11277"}],"up":[{"embeddable":true,"href":"https:\/\/lafourcadefanclub.com\/sitio\/wp-json\/wp\/v2\/pages\/7221"}],"wp:featuredmedia":[{"embeddable":true,"href":"https:\/\/lafourcadefanclub.com\/sitio\/wp-json\/wp\/v2\/media\/11248"}],"wp:attachment":[{"href":"https:\/\/lafourcadefanclub.com\/sitio\/wp-json\/wp\/v2\/media?parent=11247"}],"curies":[{"name":"wp","href":"https:\/\/api.w.org\/{rel}","templated":true}]}}