{"id":11282,"date":"2025-06-12T12:29:26","date_gmt":"2025-06-12T18:29:26","guid":{"rendered":"http:\/\/lafourcadefanclub.com\/sitio\/?page_id=11282"},"modified":"2025-06-12T12:30:12","modified_gmt":"2025-06-12T18:30:12","slug":"cocos-en-la-playa","status":"publish","type":"page","link":"https:\/\/lafourcadefanclub.com\/sitio\/letras\/cancionera\/cocos-en-la-playa\/","title":{"rendered":"Letra: Cocos en la playa"},"content":{"rendered":"<p><img loading=\"lazy\" src=\"http:\/\/lafourcadefanclub.com\/sitio\/wp-content\/uploads\/2025\/06\/Cancionera-3000-Sticker-CD-300x300.jpg\" alt=\"\" width=\"300\" height=\"300\" class=\"alignnone size-medium wp-image-11090\" srcset=\"https:\/\/lafourcadefanclub.com\/sitio\/wp-content\/uploads\/2025\/06\/Cancionera-3000-Sticker-CD-300x300.jpg 300w, https:\/\/lafourcadefanclub.com\/sitio\/wp-content\/uploads\/2025\/06\/Cancionera-3000-Sticker-CD-1024x1024.jpg 1024w, https:\/\/lafourcadefanclub.com\/sitio\/wp-content\/uploads\/2025\/06\/Cancionera-3000-Sticker-CD-150x150.jpg 150w, https:\/\/lafourcadefanclub.com\/sitio\/wp-content\/uploads\/2025\/06\/Cancionera-3000-Sticker-CD-768x768.jpg 768w, https:\/\/lafourcadefanclub.com\/sitio\/wp-content\/uploads\/2025\/06\/Cancionera-3000-Sticker-CD-1536x1536.jpg 1536w, https:\/\/lafourcadefanclub.com\/sitio\/wp-content\/uploads\/2025\/06\/Cancionera-3000-Sticker-CD-2048x2048.jpg 2048w, https:\/\/lafourcadefanclub.com\/sitio\/wp-content\/uploads\/2025\/06\/Cancionera-3000-Sticker-CD-640x640.jpg 640w, https:\/\/lafourcadefanclub.com\/sitio\/wp-content\/uploads\/2025\/06\/Cancionera-3000-Sticker-CD-980x980.jpg 980w\" sizes=\"(max-width: 300px) 100vw, 300px\" \/><\/p>\n<p>Para brillar como el sol en la playa<br \/>\nnecesito un poquito de calma<br \/>\nAndar ligera sobre la arena<br \/>\nsin maquillaje y sin equipaje <\/p>\n<p>Dejar a un lado los calendarios<br \/>\nlas aerol\u00edneas, redes sociales<br \/>\nSe terminaron las fotograf\u00edas<br \/>\nSolo se permiten los buenos d\u00edas<br \/>\nSe terminaron las fotograf\u00edas<br \/>\nSolo se permite decir<br \/>\n \u00a1Venga ya la vida!<\/p>\n<p>Y ahiiiiiiiiii saludar las sirenas<br \/>\nY ahiiiiiiiii platicar con la luna<br \/>\nY  ahiiiiii bailar con las palmeras<br \/>\nY ah\u00ed saludar a la ola,<br \/>\ncoqueteo con la luna,<br \/>\ncolorito de canela<br \/>\nCocotear conmigo <\/p>\n<p>Para brillar como el sol en la playa<br \/>\nnecesito un poquito de calma<br \/>\nNadar desnuda sobre las olas<br \/>\ncantando cumbia bajo las estrellas <\/p>\n<p>Perder el tiempo buscando piedras<br \/>\nSoltarlo todo y tomar mis manos<br \/>\nSe terminaron las fotograf\u00edas<br \/>\nSolo se permiten los buenos d\u00edas<br \/>\nSe terminaron las fotograf\u00edas<br \/>\nSolo se permite decir<br \/>\n\u00a1Venga ya la vida! <\/p>\n<p>Y ahiiiiiiiiii saludar las sirenas<br \/>\nY ahiiiiiiiii platicar con la luna<br \/>\nY  ahiiiiii bailar con las palmeras<br \/>\nY ah\u00ed saludar a la ola,<br \/>\ncoqueteo con la luna,<br \/>\ncolorito de canela<\/p>\n<p>Y hasta un porrito me fumo <\/p>\n<p>Ya me voy pa\u2019 la chingada<br \/>\nPara vender cocos en la playa <\/p>\n<p>Ya me voy pa\u2019 la chingada<br \/>\nPara vender cocos en la playa <\/p>\n<p>Ya me voy pa\u2019 la chingada<br \/>\nPara vender cocos en la playa <\/p>\n<p>Ya me voy pa\u2019 la chingada<br \/>\nPara vender cocos en la playa <\/p>\n<p>Se terminaron las fotograf\u00edas<br \/>\nSolo se permiten los buenos d\u00edas <\/p>\n<p>Se terminaron las fotograf\u00edas<br \/>\nSolo se permite la buena vida <\/p>\n<p>Se terminaron las fotograf\u00edas<br \/>\nSolo se permite la buena vida <\/p>\n<p>Se terminaron las fotograf\u00edas<br \/>\nSolo se permite la buena vida <\/p>\n<p>Ya me voy pa\u2019 la chingada<br \/>\nPara vender, cocos en la playa <\/p>\n<p>Ya me voy pa\u2019 la chingada<br \/>\nPara vender, cocos en la playa <\/p>\n<p>Ya me voy pa\u2019 la chingada<br \/>\nPara vender, cocos en la playa <\/p>\n<p>Ya me voy pa\u2019 la chingada<br \/>\nPara vender <\/p>\n<p>Diez<br \/>\nVeinte<br \/>\nTreinta<br \/>\nMil <\/p>\n<p>\u00a1Cocos en la playa!<\/p>\n<p><iframe class=\"video\" src=\"https:\/\/www.youtube.com\/embed\/7a0pq4KYKwQ?rel=0&#038;showinfo=0&#038;theme=light&#038;autoplay=1\" frameborder=\"0\" allowfullscreen><\/iframe><\/p>\n<p>Autor: Natalia Lafourcade<br \/>\nEditora: Universal Music Publishing MGB M\u00e9xico, S.A. de C.V.<br \/>\nDirecci\u00f3n\/Realizaci\u00f3n: Natalia Lafourcade \/ Adan Jodorowsky<\/p>\n<p><a href=\"http:\/\/lafourcadefanclub.com\/sitio\/letras\/cancionera\/\" title=\"Letras de ''CANCIONERA''\"><< Regresar a Letras de ''CANCIONERA''<\/a><\/p>\n","protected":false},"excerpt":{"rendered":"<p>Para brillar como el sol en la playa necesito un poquito de calma Andar ligera sobre la arena sin maquillaje y sin equipaje Dejar a un lado los calendarios las aerol\u00edneas, redes sociales Se terminaron las fotograf\u00edas Solo se permiten los buenos d\u00edas Se terminaron las fotograf\u00edas Solo se permite decir \u00a1Venga ya la vida! [&hellip;]<\/p>\n","protected":false},"author":1,"featured_media":11090,"parent":11089,"menu_order":0,"comment_status":"closed","ping_status":"closed","template":"","meta":[],"_links":{"self":[{"href":"https:\/\/lafourcadefanclub.com\/sitio\/wp-json\/wp\/v2\/pages\/11282"}],"collection":[{"href":"https:\/\/lafourcadefanclub.com\/sitio\/wp-json\/wp\/v2\/pages"}],"about":[{"href":"https:\/\/lafourcadefanclub.com\/sitio\/wp-json\/wp\/v2\/types\/page"}],"author":[{"embeddable":true,"href":"https:\/\/lafourcadefanclub.com\/sitio\/wp-json\/wp\/v2\/users\/1"}],"replies":[{"embeddable":true,"href":"https:\/\/lafourcadefanclub.com\/sitio\/wp-json\/wp\/v2\/comments?post=11282"}],"version-history":[{"count":2,"href":"https:\/\/lafourcadefanclub.com\/sitio\/wp-json\/wp\/v2\/pages\/11282\/revisions"}],"predecessor-version":[{"id":11292,"href":"https:\/\/lafourcadefanclub.com\/sitio\/wp-json\/wp\/v2\/pages\/11282\/revisions\/11292"}],"up":[{"embeddable":true,"href":"https:\/\/lafourcadefanclub.com\/sitio\/wp-json\/wp\/v2\/pages\/11089"}],"wp:featuredmedia":[{"embeddable":true,"href":"https:\/\/lafourcadefanclub.com\/sitio\/wp-json\/wp\/v2\/media\/11090"}],"wp:attachment":[{"href":"https:\/\/lafourcadefanclub.com\/sitio\/wp-json\/wp\/v2\/media?parent=11282"}],"curies":[{"name":"wp","href":"https:\/\/api.w.org\/{rel}","templated":true}]}}