{"id":2316,"date":"2013-03-28T17:59:51","date_gmt":"2013-03-28T23:59:51","guid":{"rendered":"http:\/\/lafourcadefanclub.com\/sitio\/?page_id=2316"},"modified":"2017-03-16T01:39:42","modified_gmt":"2017-03-16T07:39:42","slug":"burbujas-de-amor","status":"publish","type":"page","link":"https:\/\/lafourcadefanclub.com\/sitio\/letras\/otras\/burbujas-de-amor\/","title":{"rendered":"Letra: Burbujas de amor"},"content":{"rendered":"<p>Autor: Juan Luis Guerra<br \/>\nEditora: BMG Music Publishing<br \/>\nDirecci\u00f3n\/Realizaci\u00f3n: Rosino Serrano<\/p>\n<p><img loading=\"lazy\" src=\"http:\/\/lafourcadefanclub.com\/sitio\/wp-content\/uploads\/2016\/12\/ciudadana1-300x300.jpg\" alt=\"Eugenia Le\u00f3n - Ciudadana del mundo\" width=\"300\" height=\"300\" class=\"alignnone size-medium wp-image-7447\" \/><\/p>\n<p>Tengo un coraz\u00f3n<br \/>\nMutilado de esperanza y de raz\u00f3n<br \/>\nTengo un coraz\u00f3n<br \/>\nQue madruga a donde quiera<\/p>\n<p>Ese coraz\u00f3n<br \/>\nSe desnuda de impaciencia<br \/>\nAnte tu voz<\/p>\n<p>\u00a1Oh! Pobre coraz\u00f3n<br \/>\nQue no atrapa su cordura<\/p>\n<p>Quisiera ser un pez<br \/>\nPara tocar mi nariz en tu pecera<br \/>\nY hacer burbujas de amor por donde quiera \u00a1Oh!<br \/>\nPasar la noche en vela<br \/>\nMojada en t\u00ed<\/p>\n<p>Un pez<br \/>\nPara bordar de corales tu cintura<br \/>\nHacer siluetas de amor bajo la luna \u00a1Oh!<br \/>\nSaciar esta locura<br \/>\nMojada en t\u00ed<\/p>\n<p>Canta coraz\u00f3n<br \/>\nCon un ancla imprescindible de ilusi\u00f3n<br \/>\nSue\u00f1a coraz\u00f3n<br \/>\nNo te nubles de amargura<\/p>\n<p>\u00a1Oh! Este coraz\u00f3n<br \/>\nSe desnuda de impaciencia<br \/>\nAnte tu voz<\/p>\n<p>\u00a1Oh! Pobre coraz\u00f3n<br \/>\nQue no atrapa su cordura<\/p>\n<p>Quisiera ser un pez<br \/>\nPara tocar mi nariz en tu pecera<br \/>\nY hacer burbujas de amor por donde quiera \u00a1Oh!<br \/>\nPasar la noche entera<br \/>\nMojada en t\u00ed<\/p>\n<p>Un pez<br \/>\nPara bordar de corales tu cintura<br \/>\nY hacer siluetas de amor bajo la luna \u00a1Oh!<br \/>\nSaciar esta locura<br \/>\nMojada en t\u00ed<\/p>\n<p>Una noche<br \/>\nPara hundirnos hasta el fin<br \/>\nCara a cara, beso a beso,<br \/>\nY vivir, por siempre, mojada en t\u00ed!<\/p>\n<p>Quisiera ser un pez<br \/>\nPara tocar mi nariz en tu pecera<br \/>\nY hacer burbujas de amor por donde quiera \u00a1Oh S\u00ed!<br \/>\nPasar la noche entera<br \/>\nMojada en t\u00ed<\/p>\n<p>Un pez<br \/>\nPara bordar de cayenas tu cintura<br \/>\nY hacer siluetas de amor bajo la luna \u00a1Oh S\u00ed!<br \/>\nVaciar esta locura<br \/>\nMojada en t\u00ed<\/p>\n<p>Un pez&#8230; \u00a1Eh eh eh ah!<\/p>\n<p><iframe class=\"video\" src=\"https:\/\/www.youtube.com\/embed\/teyoOdY2wv8?rel=0&#038;showinfo=0&#038;theme=light&#038;autoplay=1\" frameborder=\"0\" allowfullscreen><\/iframe><\/p>\n<p><a href=\"http:\/\/lafourcadefanclub.com\/sitio\/letras\/otras\/\" title=\"Letras de ''OTRAS''\"><< Regresar a Letras de ''OTRAS''<\/a><\/p>\n","protected":false},"excerpt":{"rendered":"<p>Autor: Juan Luis Guerra Editora: BMG Music Publishing Direcci\u00f3n\/Realizaci\u00f3n: Rosino Serrano Tengo un coraz\u00f3n Mutilado de esperanza y de raz\u00f3n Tengo un coraz\u00f3n Que madruga a donde quiera Ese coraz\u00f3n Se desnuda de impaciencia Ante tu voz \u00a1Oh! Pobre coraz\u00f3n Que no atrapa su cordura Quisiera ser un pez Para tocar mi nariz en tu [&hellip;]<\/p>\n","protected":false},"author":1,"featured_media":0,"parent":2970,"menu_order":0,"comment_status":"closed","ping_status":"open","template":"","meta":[],"_links":{"self":[{"href":"https:\/\/lafourcadefanclub.com\/sitio\/wp-json\/wp\/v2\/pages\/2316"}],"collection":[{"href":"https:\/\/lafourcadefanclub.com\/sitio\/wp-json\/wp\/v2\/pages"}],"about":[{"href":"https:\/\/lafourcadefanclub.com\/sitio\/wp-json\/wp\/v2\/types\/page"}],"author":[{"embeddable":true,"href":"https:\/\/lafourcadefanclub.com\/sitio\/wp-json\/wp\/v2\/users\/1"}],"replies":[{"embeddable":true,"href":"https:\/\/lafourcadefanclub.com\/sitio\/wp-json\/wp\/v2\/comments?post=2316"}],"version-history":[{"count":28,"href":"https:\/\/lafourcadefanclub.com\/sitio\/wp-json\/wp\/v2\/pages\/2316\/revisions"}],"predecessor-version":[{"id":7772,"href":"https:\/\/lafourcadefanclub.com\/sitio\/wp-json\/wp\/v2\/pages\/2316\/revisions\/7772"}],"up":[{"embeddable":true,"href":"https:\/\/lafourcadefanclub.com\/sitio\/wp-json\/wp\/v2\/pages\/2970"}],"wp:attachment":[{"href":"https:\/\/lafourcadefanclub.com\/sitio\/wp-json\/wp\/v2\/media?parent=2316"}],"curies":[{"name":"wp","href":"https:\/\/api.w.org\/{rel}","templated":true}]}}