{"id":2928,"date":"2013-05-29T13:43:39","date_gmt":"2013-05-29T19:43:39","guid":{"rendered":"http:\/\/lafourcadefanclub.com\/sitio\/?page_id=2928"},"modified":"2017-01-15T02:27:51","modified_gmt":"2017-01-15T08:27:51","slug":"limosna","status":"publish","type":"page","link":"https:\/\/lafourcadefanclub.com\/sitio\/letras\/mujer-divina\/limosna\/","title":{"rendered":"Letra: Limosna"},"content":{"rendered":"<p>Autor: Agust\u00edn Lara<br \/>\nInvitado: Emmanuel del Real &#8220;Meme&#8221; (Caf\u00e9 Tacvba)<br \/>\nEditora: PHAM<br \/>\nDirecci\u00f3n\/Realizaci\u00f3n: Cachorro L\u00f3pez<br \/>\nCo-Direcci\u00f3n\/Co-Realizaci\u00f3n: Natalia Lafourcade \/ Ernesto Garc\u00eda<br \/>\nCoros: Juan Manuel Torreblanca \/ Mariel Villagr\u00e1 \/ Marian Ruzzi<\/p>\n<p><a href=\"http:\/\/lafourcadefanclub.com\/sitio\/wp-content\/uploads\/2013\/05\/mujer-divina-limosna.jpg\"><img loading=\"lazy\" src=\"http:\/\/lafourcadefanclub.com\/sitio\/wp-content\/uploads\/2013\/05\/mujer-divina-limosna-300x300.jpg\" alt=\"mujer-divina-limosna\" width=\"300\" height=\"300\" class=\"alignnone size-medium wp-image-4573\" srcset=\"https:\/\/lafourcadefanclub.com\/sitio\/wp-content\/uploads\/2013\/05\/mujer-divina-limosna-300x300.jpg 300w, https:\/\/lafourcadefanclub.com\/sitio\/wp-content\/uploads\/2013\/05\/mujer-divina-limosna-150x150.jpg 150w, https:\/\/lafourcadefanclub.com\/sitio\/wp-content\/uploads\/2013\/05\/mujer-divina-limosna.jpg 600w\" sizes=\"(max-width: 300px) 100vw, 300px\" \/><\/a><\/p>\n<p>Dame un poquito de tu amor, siquiera<br \/>\nDame un poquito de tu amor, no m\u00e1s<br \/>\nDale a mi boca la ilusi\u00f3n, primera<br \/>\nEs ese beso el que nunca olvidar\u00e9<\/p>\n<p>Porque llevas la huella insensata del primer olvido<br \/>\nPorque as\u00ed como yo te he querido, no querr\u00e9 jam\u00e1s<br \/>\nDame un poquito de tu amor, siquiera<br \/>\nAnda un poquito de amor, no m\u00e1s&#8230;<\/p>\n<p>S\u00f3lo un poquito&#8230; de tu tacto<br \/>\nS\u00f3lo un poquito&#8230; al dormir<br \/>\nNo seas lejano, tienes que probar<br \/>\nPara decidir si s\u00ed o no, quisieras seguir<\/p>\n<p>Dame un poquito de tu amor, siquiera<br \/>\nDame un poquito de tu amor, no m\u00e1s<br \/>\nDale a mi boca la ilusi\u00f3n, primera<br \/>\nEs ese beso el que nunca olvidar\u00e9<\/p>\n<p>Porque llevas la huella insensata del primer olvido<br \/>\nPorque as\u00ed como yo te he querido, no querr\u00e9 jam\u00e1s<br \/>\nDame un poquito de tu amor, siquiera<br \/>\nAnda un poquito de amor, no m\u00e1s&#8230;<\/p>\n<p>S\u00f3lo un poquito&#8230; de tu tacto (De tu tacto)<br \/>\nS\u00f3lo un poquito&#8230; (S\u00f3lo un poquito) al dormir<br \/>\nNo seas lejano, tienes que probar (Tienes que probar)<br \/>\nPara decidir si s\u00ed o no,<br \/>\nPara decidir si s\u00ed o no, quisieras seguir&#8230;<\/p>\n<p>S\u00f3lo un poquito&#8230; de tu tacto<br \/>\nS\u00f3lo un poquito&#8230; al dormir<\/p>\n<p><iframe class=\"video\" src=\"\/\/www.youtube.com\/embed\/1df7WKWEHss?rel=0&#038;showinfo=0&#038;theme=light&#038;autoplay=1\" frameborder=\"0\" allowfullscreen><\/iframe><\/p>\n","protected":false},"excerpt":{"rendered":"<p>Autor: Agust\u00edn Lara Invitado: Emmanuel del Real &#8220;Meme&#8221; (Caf\u00e9 Tacvba) Editora: PHAM Direcci\u00f3n\/Realizaci\u00f3n: Cachorro L\u00f3pez Co-Direcci\u00f3n\/Co-Realizaci\u00f3n: Natalia Lafourcade \/ Ernesto Garc\u00eda Coros: Juan Manuel Torreblanca \/ Mariel Villagr\u00e1 \/ Marian Ruzzi Dame un poquito de tu amor, siquiera Dame un poquito de tu amor, no m\u00e1s Dale a mi boca la ilusi\u00f3n, primera Es ese [&hellip;]<\/p>\n","protected":false},"author":1,"featured_media":5087,"parent":2968,"menu_order":0,"comment_status":"closed","ping_status":"open","template":"","meta":[],"_links":{"self":[{"href":"https:\/\/lafourcadefanclub.com\/sitio\/wp-json\/wp\/v2\/pages\/2928"}],"collection":[{"href":"https:\/\/lafourcadefanclub.com\/sitio\/wp-json\/wp\/v2\/pages"}],"about":[{"href":"https:\/\/lafourcadefanclub.com\/sitio\/wp-json\/wp\/v2\/types\/page"}],"author":[{"embeddable":true,"href":"https:\/\/lafourcadefanclub.com\/sitio\/wp-json\/wp\/v2\/users\/1"}],"replies":[{"embeddable":true,"href":"https:\/\/lafourcadefanclub.com\/sitio\/wp-json\/wp\/v2\/comments?post=2928"}],"version-history":[{"count":9,"href":"https:\/\/lafourcadefanclub.com\/sitio\/wp-json\/wp\/v2\/pages\/2928\/revisions"}],"predecessor-version":[{"id":6986,"href":"https:\/\/lafourcadefanclub.com\/sitio\/wp-json\/wp\/v2\/pages\/2928\/revisions\/6986"}],"up":[{"embeddable":true,"href":"https:\/\/lafourcadefanclub.com\/sitio\/wp-json\/wp\/v2\/pages\/2968"}],"wp:featuredmedia":[{"embeddable":true,"href":"https:\/\/lafourcadefanclub.com\/sitio\/wp-json\/wp\/v2\/media\/5087"}],"wp:attachment":[{"href":"https:\/\/lafourcadefanclub.com\/sitio\/wp-json\/wp\/v2\/media?parent=2928"}],"curies":[{"name":"wp","href":"https:\/\/api.w.org\/{rel}","templated":true}]}}