{"id":2933,"date":"2013-05-29T13:45:04","date_gmt":"2013-05-29T19:45:04","guid":{"rendered":"http:\/\/lafourcadefanclub.com\/sitio\/?page_id=2933"},"modified":"2017-01-15T02:31:43","modified_gmt":"2017-01-15T08:31:43","slug":"farolito","status":"publish","type":"page","link":"https:\/\/lafourcadefanclub.com\/sitio\/letras\/mujer-divina\/farolito\/","title":{"rendered":"Letra: Farolito"},"content":{"rendered":"<p>Autor: Agust\u00edn Lara<br \/>\nInvitado: Gilberto Gil<br \/>\nEditora: PHAM<br \/>\nDirecci\u00f3n\/Realizaci\u00f3n: Natalia Lafourcade \/ Ernesto Garc\u00eda<\/p>\n<p><a href=\"http:\/\/lafourcadefanclub.com\/sitio\/wp-content\/uploads\/2015\/01\/natalia-lafourcade-mujer-divina-estandar.jpg\"><img loading=\"lazy\" src=\"http:\/\/lafourcadefanclub.com\/sitio\/wp-content\/uploads\/2015\/01\/natalia-lafourcade-mujer-divina-estandar-300x300.jpg\" alt=\"natalia-lafourcade-mujer-divina-estandar\" width=\"300\" height=\"300\" class=\"alignnone size-medium wp-image-4426\" srcset=\"https:\/\/lafourcadefanclub.com\/sitio\/wp-content\/uploads\/2015\/01\/natalia-lafourcade-mujer-divina-estandar-300x300.jpg 300w, https:\/\/lafourcadefanclub.com\/sitio\/wp-content\/uploads\/2015\/01\/natalia-lafourcade-mujer-divina-estandar-150x150.jpg 150w, https:\/\/lafourcadefanclub.com\/sitio\/wp-content\/uploads\/2015\/01\/natalia-lafourcade-mujer-divina-estandar.jpg 600w\" sizes=\"(max-width: 300px) 100vw, 300px\" \/><\/a><\/p>\n<p>Farolito que alumbras apenas mis calles desiertas<br \/>\nCu\u00e1ntas noches me has visto llorando, llamar a su puerta<\/p>\n<p>Sin llevarle m\u00e1s que una canci\u00f3n<br \/>\nUn pedazo de mi coraz\u00f3n<br \/>\nSin llevarle m\u00e1s nada que un beso<br \/>\nFriolento, travieso, amargo y dulz\u00f3n<\/p>\n<p>Farolito que alumbras apenas, mi calle desierta<br \/>\nCu\u00e1ntas noches me has visto llorando, al llamar a su puerta<\/p>\n<p>Sin llevarle m\u00e1s que una canci\u00f3n<br \/>\nUn pedazo de mi coraz\u00f3n<br \/>\nSin llevarle m\u00e1s nada que un beso<br \/>\nFriolento, travieso, amargo y dulz\u00f3n<\/p>\n<p>Sin llevarle m\u00e1s que una canci\u00f3n<br \/>\nUn pedazo de mi coraz\u00f3n<br \/>\nSin llevarle m\u00e1s nada que un beso<br \/>\nFriolento, travieso, amargo y dulz\u00f3n<\/p>\n<p>Sin llevarle m\u00e1s nada que un beso<br \/>\nFriolento, travieso, amargo y dulz\u00f3n<br \/>\nSin llevarle m\u00e1s nada que un beso<br \/>\nFriolento, travieso, amargo y dulz\u00f3n<\/p>\n<p><iframe class=\"video\" src=\"\/\/www.youtube.com\/embed\/PskSvxybpzA?rel=0&#038;showinfo=0&#038;theme=light&#038;autoplay=1\" frameborder=\"0\" allowfullscreen><\/iframe><\/p>\n","protected":false},"excerpt":{"rendered":"<p>Autor: Agust\u00edn Lara Invitado: Gilberto Gil Editora: PHAM Direcci\u00f3n\/Realizaci\u00f3n: Natalia Lafourcade \/ Ernesto Garc\u00eda Farolito que alumbras apenas mis calles desiertas Cu\u00e1ntas noches me has visto llorando, llamar a su puerta Sin llevarle m\u00e1s que una canci\u00f3n Un pedazo de mi coraz\u00f3n Sin llevarle m\u00e1s nada que un beso Friolento, travieso, amargo y dulz\u00f3n Farolito [&hellip;]<\/p>\n","protected":false},"author":1,"featured_media":5087,"parent":2968,"menu_order":0,"comment_status":"closed","ping_status":"open","template":"","meta":[],"_links":{"self":[{"href":"https:\/\/lafourcadefanclub.com\/sitio\/wp-json\/wp\/v2\/pages\/2933"}],"collection":[{"href":"https:\/\/lafourcadefanclub.com\/sitio\/wp-json\/wp\/v2\/pages"}],"about":[{"href":"https:\/\/lafourcadefanclub.com\/sitio\/wp-json\/wp\/v2\/types\/page"}],"author":[{"embeddable":true,"href":"https:\/\/lafourcadefanclub.com\/sitio\/wp-json\/wp\/v2\/users\/1"}],"replies":[{"embeddable":true,"href":"https:\/\/lafourcadefanclub.com\/sitio\/wp-json\/wp\/v2\/comments?post=2933"}],"version-history":[{"count":7,"href":"https:\/\/lafourcadefanclub.com\/sitio\/wp-json\/wp\/v2\/pages\/2933\/revisions"}],"predecessor-version":[{"id":6989,"href":"https:\/\/lafourcadefanclub.com\/sitio\/wp-json\/wp\/v2\/pages\/2933\/revisions\/6989"}],"up":[{"embeddable":true,"href":"https:\/\/lafourcadefanclub.com\/sitio\/wp-json\/wp\/v2\/pages\/2968"}],"wp:featuredmedia":[{"embeddable":true,"href":"https:\/\/lafourcadefanclub.com\/sitio\/wp-json\/wp\/v2\/media\/5087"}],"wp:attachment":[{"href":"https:\/\/lafourcadefanclub.com\/sitio\/wp-json\/wp\/v2\/media?parent=2933"}],"curies":[{"name":"wp","href":"https:\/\/api.w.org\/{rel}","templated":true}]}}