{"id":2970,"date":"2013-05-29T13:55:55","date_gmt":"2013-05-29T19:55:55","guid":{"rendered":"http:\/\/lafourcadefanclub.com\/sitio\/?page_id=2970"},"modified":"2017-09-29T10:15:36","modified_gmt":"2017-09-29T16:15:36","slug":"otras","status":"publish","type":"page","link":"https:\/\/lafourcadefanclub.com\/sitio\/letras\/otras\/","title":{"rendered":"Otras: Letras"},"content":{"rendered":"<p>Burbujas de amor &#8211; con Eugenia Le\u00f3n <a href=\"http:\/\/lafourcadefanclub.com\/sitio\/letras\/otras\/burbujas-de-amor\/\">(Ver letra)<\/a><br \/>\nLluvia que cae <a href=\"http:\/\/lafourcadefanclub.com\/sitio\/letras\/otras\/lluvia-que-cae\/\">(Ver letra)<\/a><br \/>\nMexicana hermosa (Versi\u00f3n &#8216;Ciudad de M\u00e9xico&#8217;) <a href=\"http:\/\/lafourcadefanclub.com\/sitio\/letras\/otras\/mexicana-hermosa-version-ciudad-mexico\/\">(Ver letra)<\/a><br \/>\nPajarito del amor &#8211; con Carla Morrison <a href=\"http:\/\/lafourcadefanclub.com\/sitio\/letras\/otras\/pajarito-del-amor\/\">(Ver letra)<\/a><br \/>\nTarde (Eclipse lunar) &#8211; con Quem <a href=\"http:\/\/lafourcadefanclub.com\/sitio\/letras\/otras\/tarde-eclipse-lunar\/\">(Ver letra)<\/a><\/p>\n","protected":false},"excerpt":{"rendered":"<p>Burbujas de amor &#8211; con Eugenia Le\u00f3n (Ver letra) Lluvia que cae (Ver letra) Mexicana hermosa (Versi\u00f3n &#8216;Ciudad de M\u00e9xico&#8217;) (Ver letra) Pajarito del amor &#8211; con Carla Morrison (Ver letra) Tarde (Eclipse lunar) &#8211; con Quem (Ver letra)<\/p>\n","protected":false},"author":1,"featured_media":0,"parent":803,"menu_order":0,"comment_status":"closed","ping_status":"open","template":"","meta":[],"_links":{"self":[{"href":"https:\/\/lafourcadefanclub.com\/sitio\/wp-json\/wp\/v2\/pages\/2970"}],"collection":[{"href":"https:\/\/lafourcadefanclub.com\/sitio\/wp-json\/wp\/v2\/pages"}],"about":[{"href":"https:\/\/lafourcadefanclub.com\/sitio\/wp-json\/wp\/v2\/types\/page"}],"author":[{"embeddable":true,"href":"https:\/\/lafourcadefanclub.com\/sitio\/wp-json\/wp\/v2\/users\/1"}],"replies":[{"embeddable":true,"href":"https:\/\/lafourcadefanclub.com\/sitio\/wp-json\/wp\/v2\/comments?post=2970"}],"version-history":[{"count":8,"href":"https:\/\/lafourcadefanclub.com\/sitio\/wp-json\/wp\/v2\/pages\/2970\/revisions"}],"predecessor-version":[{"id":9614,"href":"https:\/\/lafourcadefanclub.com\/sitio\/wp-json\/wp\/v2\/pages\/2970\/revisions\/9614"}],"up":[{"embeddable":true,"href":"https:\/\/lafourcadefanclub.com\/sitio\/wp-json\/wp\/v2\/pages\/803"}],"wp:attachment":[{"href":"https:\/\/lafourcadefanclub.com\/sitio\/wp-json\/wp\/v2\/media?parent=2970"}],"curies":[{"name":"wp","href":"https:\/\/api.w.org\/{rel}","templated":true}]}}