{"id":4486,"date":"2015-01-25T12:43:18","date_gmt":"2015-01-25T18:43:18","guid":{"rendered":"http:\/\/lafourcadefanclub.com\/sitio\/?page_id=4486"},"modified":"2025-05-29T15:44:10","modified_gmt":"2025-05-29T21:44:10","slug":"hu-hu-hu","status":"publish","type":"page","link":"https:\/\/lafourcadefanclub.com\/sitio\/discografia\/albums\/hu-hu-hu\/","title":{"rendered":"Hu Hu Hu"},"content":{"rendered":"<p><a href=\"http:\/\/lafourcadefanclub.com\/sitio\/wp-content\/uploads\/2015\/01\/natalia-lafourcade-hu-hu-hu.jpg\"><img loading=\"lazy\" src=\"http:\/\/lafourcadefanclub.com\/sitio\/wp-content\/uploads\/2015\/01\/natalia-lafourcade-hu-hu-hu-300x300.jpg\" alt=\"natalia-lafourcade-hu-hu-hu\" width=\"300\" height=\"300\" class=\"alignnone size-medium wp-image-4417\" srcset=\"https:\/\/lafourcadefanclub.com\/sitio\/wp-content\/uploads\/2015\/01\/natalia-lafourcade-hu-hu-hu-300x300.jpg 300w, https:\/\/lafourcadefanclub.com\/sitio\/wp-content\/uploads\/2015\/01\/natalia-lafourcade-hu-hu-hu-150x150.jpg 150w, https:\/\/lafourcadefanclub.com\/sitio\/wp-content\/uploads\/2015\/01\/natalia-lafourcade-hu-hu-hu.jpg 600w\" sizes=\"(max-width: 300px) 100vw, 300px\" \/><\/a><\/p>\n<p>Int\u00e9rprete: Natalia Lafourcade<br \/>\n\u00c1lbum: Hu Hu Hu<br \/>\nLanzamiento: 29 de mayo de 2009<br \/>\nDisquera: Sony Music Entertainment M\u00e9xico, S.A. de C.V.<br \/>\nFormato: CD \/ Digital<br \/>\nProducci\u00f3n: Emmanuel del Real \/ Natalia Lafourcade \/ Ernesto Garc\u00eda \/ Marco Moreno<\/p>\n<p><strong>Tracklist:<\/strong><br \/>\n01. Cursis melod\u00edas (4:30)<br \/>\n02. No viniste (4:08)<br \/>\n03. Siempre prisa (4:56)<br \/>\n04. Tiempo al viento (4:51)<br \/>\n05. Let&#8217;s get out (4:03)<br \/>\n06. Hu Hu Hu (2:43) &#8211; con Julieta Venegas<br \/>\n07. Ella es bonita (3:17)<br \/>\n08. Ni\u00f1o hojas (2:51)<br \/>\n09. Running too fast (2:58)<br \/>\n10. Azul [Versi\u00f3n Original] (6:36)<br \/>\n11. Hora de compartir (3:47)<br \/>\n12. Un lugar para renacer (4:32)<br \/>\n13. Look outside (4:29) &#8211; con Juan Son<\/p>\n<hr>\n<p><strong>Audio:<\/strong><br \/>\nEscuchar: <a href=\"https:\/\/play.spotify.com\/album\/7wr357GNp9CgeJRUfpX7hf\" target=\"_blank\" rel=\"noopener noreferrer\">Spotify<\/a> \u2022 <a href=\"http:\/\/www.deezer.com\/album\/350359\" target=\"_blank\" rel=\"noopener noreferrer\">Deezer<\/a><br \/>\nComprar Digital: <a href=\"https:\/\/itunes.apple.com\/mx\/album\/hu-hu-hu\/id318715206\" target=\"_blank\" rel=\"noopener noreferrer\">iTunes<\/a> \u2022 <a href=\"https:\/\/play.google.com\/store\/music\/album\/Natalia_Lafourcade_Hu_Hu_Hu?id=Bfzwofd4ha5bi4443nsvmarxyye\" target=\"_blank\" rel=\"noopener noreferrer\">Google Play<\/a><\/p>\n<p><strong>Sencillos:<\/strong><br \/>\n0. Azul <small><a href=\"http:\/\/lafourcadefanclub.com\/sitio\/letras\/hu-hu-hu\/azul\/\">(Letra)<\/a> <a href=\"http:\/\/lafourcadefanclub.com\/sitio\/videoteca\/music-videos\/azul-version-larga\/\">(Video)<\/a><\/small><br \/>\n1. Ella es bonita <small><a href=\"http:\/\/lafourcadefanclub.com\/sitio\/letras\/hu-hu-hu\/ella-es-bonita\/\">(Letra)<\/a> <a href=\"http:\/\/lafourcadefanclub.com\/sitio\/videoteca\/music-videos\/ella-es-bonita\/\">(Video)<\/a><\/small><br \/>\n2. Cursis melod\u00edas <small><a href=\"http:\/\/lafourcadefanclub.com\/sitio\/letras\/hu-hu-hu\/cursis-melodias\/\">(Letra)<\/a> <a href=\"http:\/\/lafourcadefanclub.com\/sitio\/videoteca\/music-videos\/cursis-melodias\/\">(Video)<\/a><\/small><br \/>\n3. No viniste <small><a href=\"http:\/\/lafourcadefanclub.com\/sitio\/letras\/hu-hu-hu\/no-viniste\/\">(Letra)<\/a> <a href=\"http:\/\/lafourcadefanclub.com\/sitio\/videoteca\/music-videos\/no-viniste\/\">(Video)<\/a><\/small><\/p>\n<hr>\n<p><b>OTRAS EDICIONES<\/b><\/p>\n<p><a href=\"http:\/\/lafourcadefanclub.com\/sitio\/discografia\/albums\/hu-hu-hu\/japan-edition\/\">Hu Hu Hu [Japan Edition] (2010)<\/a><br \/>\n<a href=\"http:\/\/lafourcadefanclub.com\/sitio\/discografia\/albums\/hu-hu-hu\/edicion-especial\/\">Hu Hu Hu [Edici\u00f3n Especial] (2010)<\/a><br \/>\n<a href=\"http:\/\/lafourcadefanclub.com\/sitio\/discografia\/albums\/hu-hu-hu\/edicion-especial-cd-dvd\/\">Hu Hu Hu [Edici\u00f3n Especial: CD + DVD] (2010)<\/a><br \/>\n<a href=\"http:\/\/lafourcadefanclub.com\/sitio\/discografia\/albums\/hu-hu-hu\/sampler\/\">Hu Hu Hu [Sampler] (2009)<\/a><br \/>\n<a href=\"http:\/\/lafourcadefanclub.com\/sitio\/discografia\/albums\/hu-hu-hu\/press-kit-edition\/\">Hu Hu Hu [Press Kit Edition] (2009)<\/a><br \/>\n<a href=\"http:\/\/lafourcadefanclub.com\/sitio\/discografia\/albums\/hu-hu-hu\/edicion-vinilo-lp\/\">Hu Hu Hu [Edici\u00f3n Vinilo \/ LP] (2018)<\/a><\/p>\n","protected":false},"excerpt":{"rendered":"<p>Int\u00e9rprete: Natalia Lafourcade \u00c1lbum: Hu Hu Hu Lanzamiento: 29 de mayo de 2009 Disquera: Sony Music Entertainment M\u00e9xico, S.A. de C.V. Formato: CD \/ Digital Producci\u00f3n: Emmanuel del Real \/ Natalia Lafourcade \/ Ernesto Garc\u00eda \/ Marco Moreno Tracklist: 01. Cursis melod\u00edas (4:30) 02. No viniste (4:08) 03. Siempre prisa (4:56) 04. Tiempo al viento [&hellip;]<\/p>\n","protected":false},"author":1,"featured_media":6741,"parent":7210,"menu_order":0,"comment_status":"closed","ping_status":"open","template":"","meta":[],"_links":{"self":[{"href":"https:\/\/lafourcadefanclub.com\/sitio\/wp-json\/wp\/v2\/pages\/4486"}],"collection":[{"href":"https:\/\/lafourcadefanclub.com\/sitio\/wp-json\/wp\/v2\/pages"}],"about":[{"href":"https:\/\/lafourcadefanclub.com\/sitio\/wp-json\/wp\/v2\/types\/page"}],"author":[{"embeddable":true,"href":"https:\/\/lafourcadefanclub.com\/sitio\/wp-json\/wp\/v2\/users\/1"}],"replies":[{"embeddable":true,"href":"https:\/\/lafourcadefanclub.com\/sitio\/wp-json\/wp\/v2\/comments?post=4486"}],"version-history":[{"count":7,"href":"https:\/\/lafourcadefanclub.com\/sitio\/wp-json\/wp\/v2\/pages\/4486\/revisions"}],"predecessor-version":[{"id":11022,"href":"https:\/\/lafourcadefanclub.com\/sitio\/wp-json\/wp\/v2\/pages\/4486\/revisions\/11022"}],"up":[{"embeddable":true,"href":"https:\/\/lafourcadefanclub.com\/sitio\/wp-json\/wp\/v2\/pages\/7210"}],"wp:featuredmedia":[{"embeddable":true,"href":"https:\/\/lafourcadefanclub.com\/sitio\/wp-json\/wp\/v2\/media\/6741"}],"wp:attachment":[{"href":"https:\/\/lafourcadefanclub.com\/sitio\/wp-json\/wp\/v2\/media?parent=4486"}],"curies":[{"name":"wp","href":"https:\/\/api.w.org\/{rel}","templated":true}]}}