{"id":4795,"date":"2015-03-04T00:53:08","date_gmt":"2015-03-04T06:53:08","guid":{"rendered":"http:\/\/lafourcadefanclub.com\/sitio\/?page_id=4795"},"modified":"2017-01-15T03:43:43","modified_gmt":"2017-01-15T09:43:43","slug":"lo-que-construimos","status":"publish","type":"page","link":"https:\/\/lafourcadefanclub.com\/sitio\/letras\/hasta-la-raiz\/lo-que-construimos\/","title":{"rendered":"Letra: Lo que construimos"},"content":{"rendered":"<p>Autor: Natalia Lafourcade<br \/>\nEditora: Universal Music Publishing Group<br \/>\nDirecci\u00f3n\/Realizaci\u00f3n: Cachorro L\u00f3pez \/ Natalia Lafourcade<\/p>\n<p><img loading=\"lazy\" src=\"http:\/\/lafourcadefanclub.com\/sitio\/wp-content\/uploads\/2012\/09\/hasta-la-raiz-vinilo-300x300.jpg\" alt=\"hasta-la-raiz-vinilo\" width=\"300\" height=\"300\" class=\"alignnone size-medium wp-image-5236\" srcset=\"https:\/\/lafourcadefanclub.com\/sitio\/wp-content\/uploads\/2012\/09\/hasta-la-raiz-vinilo-300x300.jpg 300w, https:\/\/lafourcadefanclub.com\/sitio\/wp-content\/uploads\/2012\/09\/hasta-la-raiz-vinilo-1024x1024.jpg 1024w, https:\/\/lafourcadefanclub.com\/sitio\/wp-content\/uploads\/2012\/09\/hasta-la-raiz-vinilo-150x150.jpg 150w, https:\/\/lafourcadefanclub.com\/sitio\/wp-content\/uploads\/2012\/09\/hasta-la-raiz-vinilo-768x768.jpg 768w, https:\/\/lafourcadefanclub.com\/sitio\/wp-content\/uploads\/2012\/09\/hasta-la-raiz-vinilo-1536x1536.jpg 1536w, https:\/\/lafourcadefanclub.com\/sitio\/wp-content\/uploads\/2012\/09\/hasta-la-raiz-vinilo-640x640.jpg 640w, https:\/\/lafourcadefanclub.com\/sitio\/wp-content\/uploads\/2012\/09\/hasta-la-raiz-vinilo-980x980.jpg 980w, https:\/\/lafourcadefanclub.com\/sitio\/wp-content\/uploads\/2012\/09\/hasta-la-raiz-vinilo.jpg 1800w\" sizes=\"(max-width: 300px) 100vw, 300px\" \/><\/p>\n<p>Esta historia termin\u00f3 no existe<br \/>\nLo que un d\u00eda construimos se ha esfumado<br \/>\nPareciera que es m\u00e1s f\u00e1cil dejarnos<br \/>\nPero eres un fantasma conmigo caminando<\/p>\n<p>No creas que no vali\u00f3 la pena<br \/>\nNo creas que no eres importante<br \/>\nAl contrario yo te am\u00e9 con todo el alma<\/p>\n<p>No creas que no vali\u00f3 la pena<br \/>\nNo creas que lo perdimos<br \/>\nEsto que nos duele&#8230; aunque nos duele<br \/>\nSolo nuestro<\/p>\n<p>Lo que construimos se acab\u00f3<br \/>\nLo que construimos se acab\u00f3<br \/>\nFue solo nuestro<br \/>\nFue solo nuestro<\/p>\n<p>Lo que construimos se acab\u00f3<br \/>\nLo que construimos se acab\u00f3<br \/>\nSe lo lleva el viento<br \/>\nSe lo lleva el viento<\/p>\n<p>Esta historia termin\u00f3 no existe<br \/>\nLo que un d\u00eda construimos se ha esfumado<br \/>\nPareciera que es m\u00e1s f\u00e1cil dejarnos<br \/>\nPero eres un fantasma conmigo caminando<\/p>\n<p>Yo no aprend\u00ed a soltar amores<br \/>\nYo no aprend\u00ed a dejarte ir<\/p>\n<p>Eras solo una apuesta de largo plazo<br \/>\nLo que construimos&#8230; lo que construimos<\/p>\n<p>Lo que construimos se acab\u00f3<br \/>\nLo que construimos se acab\u00f3<br \/>\nFue solo nuestro<br \/>\nFue solo nuestro<\/p>\n<p>Lo que construimos se acab\u00f3<br \/>\nLo que construimos se acab\u00f3<br \/>\nSe lo lleva el viento<br \/>\nSe lo lleva el viento<\/p>\n<p><iframe class=\"video\" src=\"https:\/\/www.youtube.com\/embed\/k55OYemA5Ds?rel=0&#038;showinfo=0&#038;theme=light&#038;autoplay=1\" frameborder=\"0\" allowfullscreen><\/iframe><\/p>\n<p><a href=\"http:\/\/lafourcadefanclub.com\/sitio\/letras\/hasta-la-raiz\/\" title=\"Letras de ''Hasta la ra\u00edz''\"><< Regresar a Letras de ''HASTA LA RA\u00cdZ''<\/a><\/p>\n","protected":false},"excerpt":{"rendered":"<p>Autor: Natalia Lafourcade Editora: Universal Music Publishing Group Direcci\u00f3n\/Realizaci\u00f3n: Cachorro L\u00f3pez \/ Natalia Lafourcade Esta historia termin\u00f3 no existe Lo que un d\u00eda construimos se ha esfumado Pareciera que es m\u00e1s f\u00e1cil dejarnos Pero eres un fantasma conmigo caminando No creas que no vali\u00f3 la pena No creas que no eres importante Al contrario yo [&hellip;]<\/p>\n","protected":false},"author":1,"featured_media":5236,"parent":4564,"menu_order":0,"comment_status":"closed","ping_status":"open","template":"","meta":[],"_links":{"self":[{"href":"https:\/\/lafourcadefanclub.com\/sitio\/wp-json\/wp\/v2\/pages\/4795"}],"collection":[{"href":"https:\/\/lafourcadefanclub.com\/sitio\/wp-json\/wp\/v2\/pages"}],"about":[{"href":"https:\/\/lafourcadefanclub.com\/sitio\/wp-json\/wp\/v2\/types\/page"}],"author":[{"embeddable":true,"href":"https:\/\/lafourcadefanclub.com\/sitio\/wp-json\/wp\/v2\/users\/1"}],"replies":[{"embeddable":true,"href":"https:\/\/lafourcadefanclub.com\/sitio\/wp-json\/wp\/v2\/comments?post=4795"}],"version-history":[{"count":7,"href":"https:\/\/lafourcadefanclub.com\/sitio\/wp-json\/wp\/v2\/pages\/4795\/revisions"}],"predecessor-version":[{"id":7026,"href":"https:\/\/lafourcadefanclub.com\/sitio\/wp-json\/wp\/v2\/pages\/4795\/revisions\/7026"}],"up":[{"embeddable":true,"href":"https:\/\/lafourcadefanclub.com\/sitio\/wp-json\/wp\/v2\/pages\/4564"}],"wp:featuredmedia":[{"embeddable":true,"href":"https:\/\/lafourcadefanclub.com\/sitio\/wp-json\/wp\/v2\/media\/5236"}],"wp:attachment":[{"href":"https:\/\/lafourcadefanclub.com\/sitio\/wp-json\/wp\/v2\/media?parent=4795"}],"curies":[{"name":"wp","href":"https:\/\/api.w.org\/{rel}","templated":true}]}}