{"id":5392,"date":"2016-05-15T17:08:25","date_gmt":"2016-05-15T23:08:25","guid":{"rendered":"http:\/\/lafourcadefanclub.com\/sitio\/?page_id=5392"},"modified":"2016-05-15T17:08:36","modified_gmt":"2016-05-15T23:08:36","slug":"people","status":"publish","type":"page","link":"https:\/\/lafourcadefanclub.com\/sitio\/discografia\/colaboraciones\/people\/","title":{"rendered":"People &#8211; con People Project"},"content":{"rendered":"<p><img loading=\"lazy\" src=\"http:\/\/lafourcadefanclub.com\/sitio\/wp-content\/uploads\/2016\/05\/People-project-Cover.jpg\" alt=\"People project [Cover]\" width=\"600\" height=\"600\" class=\"alignnone size-full wp-image-5390\" srcset=\"https:\/\/lafourcadefanclub.com\/sitio\/wp-content\/uploads\/2016\/05\/People-project-Cover.jpg 600w, https:\/\/lafourcadefanclub.com\/sitio\/wp-content\/uploads\/2016\/05\/People-project-Cover-300x300.jpg 300w, https:\/\/lafourcadefanclub.com\/sitio\/wp-content\/uploads\/2016\/05\/People-project-Cover-150x150.jpg 150w\" sizes=\"(max-width: 600px) 100vw, 600px\" \/><\/p>\n<p>Tema: &#8220;People&#8221;<br \/>\nAutor: Gabriel Bronfman &#8220;Queso&#8221; \/ Philippe Lafr\u00e9niere<br \/>\nInt\u00e9rprete: People Project \/ Natalia Lafourcade<br \/>\n\u00c1lbum: People Project<br \/>\nProducci\u00f3n: Gabriel Bronfman \/ Philippe Lafr\u00e9niere<br \/>\nDisquera: Producciones Mexicanas Discogr\u00e1ficas, S.A. de C.V.<br \/>\nEditora: Aykia Productions, S.A. de C.V.<br \/>\nA\u00f1o: 2006<br \/>\nDuraci\u00f3n: 4:22<br \/>\nNo. Track: 04<br \/>\nEAN: 7509848281723<\/p>\n","protected":false},"excerpt":{"rendered":"<p>Tema: &#8220;People&#8221; Autor: Gabriel Bronfman &#8220;Queso&#8221; \/ Philippe Lafr\u00e9niere Int\u00e9rprete: People Project \/ Natalia Lafourcade \u00c1lbum: People Project Producci\u00f3n: Gabriel Bronfman \/ Philippe Lafr\u00e9niere Disquera: Producciones Mexicanas Discogr\u00e1ficas, S.A. de C.V. Editora: Aykia Productions, S.A. de C.V. A\u00f1o: 2006 Duraci\u00f3n: 4:22 No. Track: 04 EAN: 7509848281723<\/p>\n","protected":false},"author":1,"featured_media":0,"parent":5339,"menu_order":0,"comment_status":"closed","ping_status":"closed","template":"","meta":[],"_links":{"self":[{"href":"https:\/\/lafourcadefanclub.com\/sitio\/wp-json\/wp\/v2\/pages\/5392"}],"collection":[{"href":"https:\/\/lafourcadefanclub.com\/sitio\/wp-json\/wp\/v2\/pages"}],"about":[{"href":"https:\/\/lafourcadefanclub.com\/sitio\/wp-json\/wp\/v2\/types\/page"}],"author":[{"embeddable":true,"href":"https:\/\/lafourcadefanclub.com\/sitio\/wp-json\/wp\/v2\/users\/1"}],"replies":[{"embeddable":true,"href":"https:\/\/lafourcadefanclub.com\/sitio\/wp-json\/wp\/v2\/comments?post=5392"}],"version-history":[{"count":2,"href":"https:\/\/lafourcadefanclub.com\/sitio\/wp-json\/wp\/v2\/pages\/5392\/revisions"}],"predecessor-version":[{"id":5394,"href":"https:\/\/lafourcadefanclub.com\/sitio\/wp-json\/wp\/v2\/pages\/5392\/revisions\/5394"}],"up":[{"embeddable":true,"href":"https:\/\/lafourcadefanclub.com\/sitio\/wp-json\/wp\/v2\/pages\/5339"}],"wp:attachment":[{"href":"https:\/\/lafourcadefanclub.com\/sitio\/wp-json\/wp\/v2\/media?parent=5392"}],"curies":[{"name":"wp","href":"https:\/\/api.w.org\/{rel}","templated":true}]}}