{"id":5395,"date":"2016-05-15T17:18:16","date_gmt":"2016-05-15T23:18:16","guid":{"rendered":"http:\/\/lafourcadefanclub.com\/sitio\/?page_id=5395"},"modified":"2016-05-15T17:18:28","modified_gmt":"2016-05-15T23:18:28","slug":"estelar","status":"publish","type":"page","link":"https:\/\/lafourcadefanclub.com\/sitio\/discografia\/colaboraciones\/estelar\/","title":{"rendered":"Estelar &#8211; con Capit\u00e1n Melao"},"content":{"rendered":"<p><img loading=\"lazy\" src=\"http:\/\/lafourcadefanclub.com\/sitio\/wp-content\/uploads\/2016\/05\/estelar.jpg\" alt=\"estelar\" width=\"600\" height=\"600\" class=\"alignnone size-full wp-image-5396\" srcset=\"https:\/\/lafourcadefanclub.com\/sitio\/wp-content\/uploads\/2016\/05\/estelar.jpg 600w, https:\/\/lafourcadefanclub.com\/sitio\/wp-content\/uploads\/2016\/05\/estelar-300x300.jpg 300w, https:\/\/lafourcadefanclub.com\/sitio\/wp-content\/uploads\/2016\/05\/estelar-150x150.jpg 150w\" sizes=\"(max-width: 600px) 100vw, 600px\" \/><\/p>\n<p>Tema: &#8220;Estelar&#8221;<br \/>\nAutor: Javier Weyler<br \/>\nInt\u00e9rprete: Capit\u00e1n Melao \/ Natalia Lafourcade<br \/>\n\u00c1lbum: L\u00e1grima<br \/>\nProducci\u00f3n: ~<br \/>\nDisquera: Black Beans Music<br \/>\nEditora: ~<br \/>\nA\u00f1o: 2007<br \/>\nDuraci\u00f3n: 2:31<br \/>\nNo. Track: 03<br \/>\nEAN: 0094922720078<\/p>\n","protected":false},"excerpt":{"rendered":"<p>Tema: &#8220;Estelar&#8221; Autor: Javier Weyler Int\u00e9rprete: Capit\u00e1n Melao \/ Natalia Lafourcade \u00c1lbum: L\u00e1grima Producci\u00f3n: ~ Disquera: Black Beans Music Editora: ~ A\u00f1o: 2007 Duraci\u00f3n: 2:31 No. Track: 03 EAN: 0094922720078<\/p>\n","protected":false},"author":1,"featured_media":0,"parent":5339,"menu_order":0,"comment_status":"closed","ping_status":"closed","template":"","meta":[],"_links":{"self":[{"href":"https:\/\/lafourcadefanclub.com\/sitio\/wp-json\/wp\/v2\/pages\/5395"}],"collection":[{"href":"https:\/\/lafourcadefanclub.com\/sitio\/wp-json\/wp\/v2\/pages"}],"about":[{"href":"https:\/\/lafourcadefanclub.com\/sitio\/wp-json\/wp\/v2\/types\/page"}],"author":[{"embeddable":true,"href":"https:\/\/lafourcadefanclub.com\/sitio\/wp-json\/wp\/v2\/users\/1"}],"replies":[{"embeddable":true,"href":"https:\/\/lafourcadefanclub.com\/sitio\/wp-json\/wp\/v2\/comments?post=5395"}],"version-history":[{"count":2,"href":"https:\/\/lafourcadefanclub.com\/sitio\/wp-json\/wp\/v2\/pages\/5395\/revisions"}],"predecessor-version":[{"id":5398,"href":"https:\/\/lafourcadefanclub.com\/sitio\/wp-json\/wp\/v2\/pages\/5395\/revisions\/5398"}],"up":[{"embeddable":true,"href":"https:\/\/lafourcadefanclub.com\/sitio\/wp-json\/wp\/v2\/pages\/5339"}],"wp:attachment":[{"href":"https:\/\/lafourcadefanclub.com\/sitio\/wp-json\/wp\/v2\/media?parent=5395"}],"curies":[{"name":"wp","href":"https:\/\/api.w.org\/{rel}","templated":true}]}}