{"id":5402,"date":"2016-05-15T17:33:45","date_gmt":"2016-05-15T23:33:45","guid":{"rendered":"http:\/\/lafourcadefanclub.com\/sitio\/?page_id=5402"},"modified":"2016-05-15T17:34:18","modified_gmt":"2016-05-15T23:34:18","slug":"vivire-para-ti","status":"publish","type":"page","link":"https:\/\/lafourcadefanclub.com\/sitio\/discografia\/colaboraciones\/vivire-para-ti\/","title":{"rendered":"Vivir\u00e9 para ti &#8211; con Los Amigos Invisibles"},"content":{"rendered":"<p><img loading=\"lazy\" src=\"http:\/\/lafourcadefanclub.com\/sitio\/wp-content\/uploads\/2016\/05\/Comercial.jpg\" alt=\"Comercial\" width=\"600\" height=\"600\" class=\"alignnone size-full wp-image-5403\" srcset=\"https:\/\/lafourcadefanclub.com\/sitio\/wp-content\/uploads\/2016\/05\/Comercial.jpg 600w, https:\/\/lafourcadefanclub.com\/sitio\/wp-content\/uploads\/2016\/05\/Comercial-300x300.jpg 300w, https:\/\/lafourcadefanclub.com\/sitio\/wp-content\/uploads\/2016\/05\/Comercial-150x150.jpg 150w\" sizes=\"(max-width: 600px) 100vw, 600px\" \/><\/p>\n<p>Tema: &#8220;Vivir\u00e9 para ti&#8221; [Versi\u00f3n Original]<br \/>\nAutor: Mauricio Arcas \/ Jos\u00e9 Luis Pardo<br \/>\nInt\u00e9rprete: Los Amigos Invisibles \/ Natalia Lafourcade<br \/>\n\u00c1lbum: Comercial<br \/>\nProducci\u00f3n: DJ Afro<br \/>\nDisquera: Producciones Mexicanas Discogr\u00e1ficas, S.A. de C.V.<br \/>\nEditora: Gozadera Records \/ Mico Musical<br \/>\nA\u00f1o: 2009<br \/>\nDuraci\u00f3n: 3:27 (Radio Edit: 3:30)<br \/>\nNo. Track: 03<br \/>\nEAN: 7509848286902<\/p>\n","protected":false},"excerpt":{"rendered":"<p>Tema: &#8220;Vivir\u00e9 para ti&#8221; [Versi\u00f3n Original] Autor: Mauricio Arcas \/ Jos\u00e9 Luis Pardo Int\u00e9rprete: Los Amigos Invisibles \/ Natalia Lafourcade \u00c1lbum: Comercial Producci\u00f3n: DJ Afro Disquera: Producciones Mexicanas Discogr\u00e1ficas, S.A. de C.V. Editora: Gozadera Records \/ Mico Musical A\u00f1o: 2009 Duraci\u00f3n: 3:27 (Radio Edit: 3:30) No. Track: 03 EAN: 7509848286902<\/p>\n","protected":false},"author":1,"featured_media":0,"parent":5339,"menu_order":0,"comment_status":"closed","ping_status":"closed","template":"","meta":[],"_links":{"self":[{"href":"https:\/\/lafourcadefanclub.com\/sitio\/wp-json\/wp\/v2\/pages\/5402"}],"collection":[{"href":"https:\/\/lafourcadefanclub.com\/sitio\/wp-json\/wp\/v2\/pages"}],"about":[{"href":"https:\/\/lafourcadefanclub.com\/sitio\/wp-json\/wp\/v2\/types\/page"}],"author":[{"embeddable":true,"href":"https:\/\/lafourcadefanclub.com\/sitio\/wp-json\/wp\/v2\/users\/1"}],"replies":[{"embeddable":true,"href":"https:\/\/lafourcadefanclub.com\/sitio\/wp-json\/wp\/v2\/comments?post=5402"}],"version-history":[{"count":2,"href":"https:\/\/lafourcadefanclub.com\/sitio\/wp-json\/wp\/v2\/pages\/5402\/revisions"}],"predecessor-version":[{"id":5405,"href":"https:\/\/lafourcadefanclub.com\/sitio\/wp-json\/wp\/v2\/pages\/5402\/revisions\/5405"}],"up":[{"embeddable":true,"href":"https:\/\/lafourcadefanclub.com\/sitio\/wp-json\/wp\/v2\/pages\/5339"}],"wp:attachment":[{"href":"https:\/\/lafourcadefanclub.com\/sitio\/wp-json\/wp\/v2\/media?parent=5402"}],"curies":[{"name":"wp","href":"https:\/\/api.w.org\/{rel}","templated":true}]}}