{"id":5484,"date":"2016-06-05T10:43:48","date_gmt":"2016-06-05T16:43:48","guid":{"rendered":"http:\/\/lafourcadefanclub.com\/sitio\/?page_id=5484"},"modified":"2017-01-15T03:37:00","modified_gmt":"2017-01-15T09:37:00","slug":"palomas-blancas","status":"publish","type":"page","link":"https:\/\/lafourcadefanclub.com\/sitio\/letras\/hasta-la-raiz\/palomas-blancas\/","title":{"rendered":"Letra: Palomas blancas"},"content":{"rendered":"<p>Autor: Natalia Lafourcade<br \/>\nEditora: Universal Music Publishing Group<br \/>\nDirecci\u00f3n\/Realizaci\u00f3n: Natalia Lafourcade<\/p>\n<p><img loading=\"lazy\" src=\"http:\/\/lafourcadefanclub.com\/sitio\/wp-content\/uploads\/2012\/09\/hasta-la-raiz-vinilo-300x300.jpg\" alt=\"hasta-la-raiz-vinilo\" width=\"300\" height=\"300\" class=\"alignnone size-medium wp-image-5236\" srcset=\"https:\/\/lafourcadefanclub.com\/sitio\/wp-content\/uploads\/2012\/09\/hasta-la-raiz-vinilo-300x300.jpg 300w, https:\/\/lafourcadefanclub.com\/sitio\/wp-content\/uploads\/2012\/09\/hasta-la-raiz-vinilo-1024x1024.jpg 1024w, https:\/\/lafourcadefanclub.com\/sitio\/wp-content\/uploads\/2012\/09\/hasta-la-raiz-vinilo-150x150.jpg 150w, https:\/\/lafourcadefanclub.com\/sitio\/wp-content\/uploads\/2012\/09\/hasta-la-raiz-vinilo-768x768.jpg 768w, https:\/\/lafourcadefanclub.com\/sitio\/wp-content\/uploads\/2012\/09\/hasta-la-raiz-vinilo-1536x1536.jpg 1536w, https:\/\/lafourcadefanclub.com\/sitio\/wp-content\/uploads\/2012\/09\/hasta-la-raiz-vinilo-640x640.jpg 640w, https:\/\/lafourcadefanclub.com\/sitio\/wp-content\/uploads\/2012\/09\/hasta-la-raiz-vinilo-980x980.jpg 980w, https:\/\/lafourcadefanclub.com\/sitio\/wp-content\/uploads\/2012\/09\/hasta-la-raiz-vinilo.jpg 1800w\" sizes=\"(max-width: 300px) 100vw, 300px\" \/><\/p>\n<p>Te pido de que no se vayan, de m\u00ed las palomas blancas<br \/>\nLa fuerza que hay en sus alas, que vuelan sobre monta\u00f1as<br \/>\nQue el suelo que siempre tiembla sostenga mis pantorrillas<br \/>\nQue el sol de esta melod\u00eda sea para alegrar mis d\u00edas <\/p>\n<p>Y que nunca se acabe nada de lo nuestro<br \/>\nQue nunca se acabe nada de lo nuestro <\/p>\n<p>Te pido que no se mueran las rosas y los suspiros<br \/>\nQue trajes y la elegancia sea siempre de vida un rito<br \/>\nQue el oro que voy cargando no mate ning\u00fan zumbido<br \/>\nQue eso que ando persiguiendo, no apague de m\u00ed un sentido <\/p>\n<p>Y que nunca se acabe nada de lo nuestro<br \/>\nQue nunca se acabe nada de lo nuestro <\/p>\n<p><strong>Tierra abr\u00e1zame,<br \/>\nAbr\u00e1zame con tu luz<br \/>\nEscucha mis pasos caminar<br \/>\nMi alma respirar en tus brazos <\/p>\n<p>Tierra abr\u00e1zame,<br \/>\nAbr\u00e1zame con tu piel<br \/>\nEscucha mi cuerpo acelerado<br \/>\nCorriendo hasta la cima por tener tu querer <\/strong><\/p>\n<p>Te pido que no se vayan de m\u00ed las palomas blancas<br \/>\nQue el fuego que hay en su aliento, no dejen mi fe un momento<br \/>\nQue el sue\u00f1o que siempre tiembla remueva un sue\u00f1o dormido<br \/>\nQue aquel que al seguir buscando despierte un amor cantando <\/p>\n<p><strong>Tierra abr\u00e1zame,<br \/>\nAbr\u00e1zame con tu luz<br \/>\nEscucha mis pasos caminar<br \/>\nMi alma respirar en tus brazos <\/p>\n<p>Tierra abr\u00e1zame,<br \/>\nAbr\u00e1zame con tu piel<br \/>\nEscucha mi cuerpo acelerado<br \/>\nCorriendo hasta la cima por tener tu querer <\/strong><\/p>\n<p>Que nunca se acabe nada de lo nuestro<br \/>\nQue nunca se acabe nada de lo nuestro<br \/>\nQue nunca se acabe nada de lo nuestro<br \/>\nQue nunca se acabe nada de lo nuestro<\/p>\n<p><iframe class=\"video\" src=\"https:\/\/www.youtube.com\/embed\/C91iy49ks1M?rel=0&#038;showinfo=0&#038;theme=light&#038;autoplay=1\" frameborder=\"0\" allowfullscreen><\/iframe><\/p>\n<p><a href=\"http:\/\/lafourcadefanclub.com\/sitio\/letras\/hasta-la-raiz\/\" title=\"Letras de ''Hasta la ra\u00edz''\"><< Regresar a Letras de ''HASTA LA RA\u00cdZ''<\/a><\/p>\n","protected":false},"excerpt":{"rendered":"<p>Autor: Natalia Lafourcade Editora: Universal Music Publishing Group Direcci\u00f3n\/Realizaci\u00f3n: Natalia Lafourcade Te pido de que no se vayan, de m\u00ed las palomas blancas La fuerza que hay en sus alas, que vuelan sobre monta\u00f1as Que el suelo que siempre tiembla sostenga mis pantorrillas Que el sol de esta melod\u00eda sea para alegrar mis d\u00edas Y [&hellip;]<\/p>\n","protected":false},"author":1,"featured_media":5236,"parent":4564,"menu_order":0,"comment_status":"closed","ping_status":"closed","template":"","meta":[],"_links":{"self":[{"href":"https:\/\/lafourcadefanclub.com\/sitio\/wp-json\/wp\/v2\/pages\/5484"}],"collection":[{"href":"https:\/\/lafourcadefanclub.com\/sitio\/wp-json\/wp\/v2\/pages"}],"about":[{"href":"https:\/\/lafourcadefanclub.com\/sitio\/wp-json\/wp\/v2\/types\/page"}],"author":[{"embeddable":true,"href":"https:\/\/lafourcadefanclub.com\/sitio\/wp-json\/wp\/v2\/users\/1"}],"replies":[{"embeddable":true,"href":"https:\/\/lafourcadefanclub.com\/sitio\/wp-json\/wp\/v2\/comments?post=5484"}],"version-history":[{"count":7,"href":"https:\/\/lafourcadefanclub.com\/sitio\/wp-json\/wp\/v2\/pages\/5484\/revisions"}],"predecessor-version":[{"id":7022,"href":"https:\/\/lafourcadefanclub.com\/sitio\/wp-json\/wp\/v2\/pages\/5484\/revisions\/7022"}],"up":[{"embeddable":true,"href":"https:\/\/lafourcadefanclub.com\/sitio\/wp-json\/wp\/v2\/pages\/4564"}],"wp:featuredmedia":[{"embeddable":true,"href":"https:\/\/lafourcadefanclub.com\/sitio\/wp-json\/wp\/v2\/media\/5236"}],"wp:attachment":[{"href":"https:\/\/lafourcadefanclub.com\/sitio\/wp-json\/wp\/v2\/media?parent=5484"}],"curies":[{"name":"wp","href":"https:\/\/api.w.org\/{rel}","templated":true}]}}