{"id":5512,"date":"2016-06-05T11:04:44","date_gmt":"2016-06-05T17:04:44","guid":{"rendered":"http:\/\/lafourcadefanclub.com\/sitio\/?page_id=5512"},"modified":"2017-01-15T02:58:15","modified_gmt":"2017-01-15T08:58:15","slug":"coplas-guajiras","status":"publish","type":"page","link":"https:\/\/lafourcadefanclub.com\/sitio\/letras\/mujer-divina\/coplas-guajiras\/","title":{"rendered":"Letra: Coplas guajiras [En vivo]"},"content":{"rendered":"<p>Autor: Agust\u00edn Lara<br \/>\nAdaptaci\u00f3n: Natalia Lafourcade \/ Gustavo Guerrero<br \/>\nEditora: PHAM<br \/>\nDirecci\u00f3n\/Realizaci\u00f3n: Carlos Huerta<br \/>\nCo-Direcci\u00f3n\/Co-Realizaci\u00f3n: Gast\u00f3n Etchechoury<\/p>\n<p><a href=\"http:\/\/lafourcadefanclub.com\/sitio\/wp-content\/uploads\/2013\/05\/mujer-divina-morir-y-renacer.jpg\"><img loading=\"lazy\" src=\"http:\/\/lafourcadefanclub.com\/sitio\/wp-content\/uploads\/2013\/05\/mujer-divina-morir-y-renacer-300x300.jpg\" alt=\"mujer-divina-morir-y-renacer\" width=\"300\" height=\"300\" class=\"alignnone size-medium wp-image-4588\" srcset=\"https:\/\/lafourcadefanclub.com\/sitio\/wp-content\/uploads\/2013\/05\/mujer-divina-morir-y-renacer-300x300.jpg 300w, https:\/\/lafourcadefanclub.com\/sitio\/wp-content\/uploads\/2013\/05\/mujer-divina-morir-y-renacer-150x150.jpg 150w, https:\/\/lafourcadefanclub.com\/sitio\/wp-content\/uploads\/2013\/05\/mujer-divina-morir-y-renacer.jpg 600w\" sizes=\"(max-width: 300px) 100vw, 300px\" \/><\/a><\/p>\n<p>Una vez rob\u00e9 un lucero de lo alto de un monte blanco<br \/>\nUna vez rob\u00e9 un lucero de lo alto de un monte blanco<br \/>\nSe lo regal\u00e9 a la noche para enriquecer su manto<br \/>\nSe lo regal\u00e9 a la noche para enriquecer su manto<\/p>\n<p>Una vez rob\u00e9 a los lagos la claridad de sus aguas<br \/>\nUna vez rob\u00e9 a los lagos la claridad de sus aguas<br \/>\nSe la regal\u00e9 a tus ojos, pero t\u00fa no me mirabas<br \/>\nSe la regal\u00e9 a tus ojos, pero t\u00fa no me mirabas<\/p>\n<p>Una vez rob\u00e9 a los lagos la claridad de sus aguas<br \/>\nUna vez rob\u00e9 a los lagos la claridad de sus aguas<br \/>\nSe la regal\u00e9 a tus ojos, pero t\u00fa no me mirabas<br \/>\nSe la regal\u00e9 a tus ojos, pero t\u00fa no me mirabas<\/p>\n<p>Canta guitarra guajira, canta hechicera<br \/>\nCanta guitarra guajira, canta hechicera<br \/>\nCanta guitarra guajira, canta, canta&#8230;<br \/>\nCanta, canta, canta, canta&#8230; guajiiira!<\/p>\n<p><iframe class=\"video\" src=\"\/\/www.youtube.com\/embed\/mmb4ztiYk5M?rel=0&#038;showinfo=0&#038;theme=light&#038;autoplay=1\" frameborder=\"0\" allowfullscreen><\/iframe><\/p>\n","protected":false},"excerpt":{"rendered":"<p>Autor: Agust\u00edn Lara Adaptaci\u00f3n: Natalia Lafourcade \/ Gustavo Guerrero Editora: PHAM Direcci\u00f3n\/Realizaci\u00f3n: Carlos Huerta Co-Direcci\u00f3n\/Co-Realizaci\u00f3n: Gast\u00f3n Etchechoury Una vez rob\u00e9 un lucero de lo alto de un monte blanco Una vez rob\u00e9 un lucero de lo alto de un monte blanco Se lo regal\u00e9 a la noche para enriquecer su manto Se lo regal\u00e9 a [&hellip;]<\/p>\n","protected":false},"author":1,"featured_media":4425,"parent":2968,"menu_order":0,"comment_status":"closed","ping_status":"closed","template":"","meta":[],"_links":{"self":[{"href":"https:\/\/lafourcadefanclub.com\/sitio\/wp-json\/wp\/v2\/pages\/5512"}],"collection":[{"href":"https:\/\/lafourcadefanclub.com\/sitio\/wp-json\/wp\/v2\/pages"}],"about":[{"href":"https:\/\/lafourcadefanclub.com\/sitio\/wp-json\/wp\/v2\/types\/page"}],"author":[{"embeddable":true,"href":"https:\/\/lafourcadefanclub.com\/sitio\/wp-json\/wp\/v2\/users\/1"}],"replies":[{"embeddable":true,"href":"https:\/\/lafourcadefanclub.com\/sitio\/wp-json\/wp\/v2\/comments?post=5512"}],"version-history":[{"count":9,"href":"https:\/\/lafourcadefanclub.com\/sitio\/wp-json\/wp\/v2\/pages\/5512\/revisions"}],"predecessor-version":[{"id":7006,"href":"https:\/\/lafourcadefanclub.com\/sitio\/wp-json\/wp\/v2\/pages\/5512\/revisions\/7006"}],"up":[{"embeddable":true,"href":"https:\/\/lafourcadefanclub.com\/sitio\/wp-json\/wp\/v2\/pages\/2968"}],"wp:featuredmedia":[{"embeddable":true,"href":"https:\/\/lafourcadefanclub.com\/sitio\/wp-json\/wp\/v2\/media\/4425"}],"wp:attachment":[{"href":"https:\/\/lafourcadefanclub.com\/sitio\/wp-json\/wp\/v2\/media?parent=5512"}],"curies":[{"name":"wp","href":"https:\/\/api.w.org\/{rel}","templated":true}]}}