{"id":5924,"date":"2016-12-21T21:45:25","date_gmt":"2016-12-22T03:45:25","guid":{"rendered":"http:\/\/lafourcadefanclub.com\/sitio\/?page_id=5924"},"modified":"2025-05-08T18:34:25","modified_gmt":"2025-05-09T00:34:25","slug":"busca-del-sonido-del-viento-mira-la-vida","status":"publish","type":"page","link":"https:\/\/lafourcadefanclub.com\/sitio\/ella-es\/libros\/busca-del-sonido-del-viento-mira-la-vida\/","title":{"rendered":"Libro: En busca del sonido del viento &#8211; Mira la vida"},"content":{"rendered":"<p><a href=\"http:\/\/lafourcadefanclub.com\/sitio\/wp-content\/uploads\/2016\/12\/enbuscadelsonidodelviento_.jpg\"><img loading=\"lazy\" src=\"http:\/\/lafourcadefanclub.com\/sitio\/wp-content\/uploads\/2016\/12\/enbuscadelsonidodelviento_-225x300.jpg\" alt=\"Libro: En busca del sonido del viento, Mira la vida\" width=\"225\" height=\"300\" class=\"alignnone size-medium wp-image-5925\" srcset=\"https:\/\/lafourcadefanclub.com\/sitio\/wp-content\/uploads\/2016\/12\/enbuscadelsonidodelviento_-225x300.jpg 225w, https:\/\/lafourcadefanclub.com\/sitio\/wp-content\/uploads\/2016\/12\/enbuscadelsonidodelviento_-769x1024.jpg 769w, https:\/\/lafourcadefanclub.com\/sitio\/wp-content\/uploads\/2016\/12\/enbuscadelsonidodelviento_-768x1022.jpg 768w, https:\/\/lafourcadefanclub.com\/sitio\/wp-content\/uploads\/2016\/12\/enbuscadelsonidodelviento_-640x852.jpg 640w, https:\/\/lafourcadefanclub.com\/sitio\/wp-content\/uploads\/2016\/12\/enbuscadelsonidodelviento_.jpg 830w\" sizes=\"(max-width: 225px) 100vw, 225px\" \/><\/a> <a href=\"http:\/\/lafourcadefanclub.com\/sitio\/wp-content\/uploads\/2016\/12\/enbuscadelsonidodelviento_trasera_.jpg\"><img loading=\"lazy\" src=\"http:\/\/lafourcadefanclub.com\/sitio\/wp-content\/uploads\/2016\/12\/enbuscadelsonidodelviento_trasera_-229x300.jpg\" alt=\"Libro: En busca del sonido del viento, Mira la vida\" width=\"229\" height=\"300\" class=\"alignnone size-medium wp-image-5926\" srcset=\"https:\/\/lafourcadefanclub.com\/sitio\/wp-content\/uploads\/2016\/12\/enbuscadelsonidodelviento_trasera_-229x300.jpg 229w, https:\/\/lafourcadefanclub.com\/sitio\/wp-content\/uploads\/2016\/12\/enbuscadelsonidodelviento_trasera_-781x1024.jpg 781w, https:\/\/lafourcadefanclub.com\/sitio\/wp-content\/uploads\/2016\/12\/enbuscadelsonidodelviento_trasera_-768x1007.jpg 768w, https:\/\/lafourcadefanclub.com\/sitio\/wp-content\/uploads\/2016\/12\/enbuscadelsonidodelviento_trasera_-640x839.jpg 640w, https:\/\/lafourcadefanclub.com\/sitio\/wp-content\/uploads\/2016\/12\/enbuscadelsonidodelviento_trasera_.jpg 830w\" sizes=\"(max-width: 229px) 100vw, 229px\" \/><\/a><\/p>\n<p>&#8220;En busca del sonido del viento: Mira la vida&#8221;, es un libro + DVD que recoge la experiencia vital de 5 j\u00f3venes m\u00fasicos de cuatro nacionalidades diferentes en la b\u00fasqueda de una cultura desconocida para la inmensa mayor\u00eda y en grave riesgo de desaparici\u00f3n: la cultura guaran\u00ed. El libro incluye m\u00e1s de 50 p\u00e1ginas que narran en im\u00e1genes, ilustraciones y textos (algunos de ellos de los propios artistas) todos los momentos de este viaje. El documental tiene una duraci\u00f3n aproximada de 62 minutos incluyendo extras. Los m\u00fasicos que protagonizan este documental (el primero de una serie con un concepto com\u00fan: la interacci\u00f3n de j\u00f3venes artistas de Espa\u00f1a y Am\u00e9rica), son los espa\u00f1oles Dani Mart\u00edn (El Canto de Loco) y Dolo Beltr\u00e1n (de Pastora), la mexicana Natalia Lafourcade, la brasile\u00f1a Ana Ca\u00f1as y el productor e ingeniero mexicano Neto Rodr\u00edguez, protagonistas de un viaje casi inici\u00e1tico que mezcla canciones, naturaleza, aventura, b\u00fasqueda, utop\u00eda, realismo, compromiso, amistad, conservacionismo y defensa del ecosistema. Dirigido por Nahuel Lerena, producido por Sony Music, Pinball y Gaucho Manero. <\/p>\n<p>A\u00f1o: 2011<br \/>\nAutor: Nahuel Lerena<br \/>\nEditorial: Sony Music<br \/>\nEAN: 886978414496<br \/>\nOrigen: Espa\u00f1a<br \/>\nP\u00e1ginas: 80<\/p>\n<p><iframe class=\"video\" src=\"https:\/\/www.youtube.com\/embed\/k3qqn1FNN0U\" frameborder=\"0\" allowfullscreen><\/iframe><\/p>\n<p>NOTA: Incluye DVD con documental de viaje.<\/p>\n<p><a href=\"http:\/\/lafourcadefanclub.com\/sitio\/videoteca\/documentales\/busca-del-sonido-del-viento-2010\/\">Mira el documental completo en DOCUMENTALES<\/a><\/p>\n","protected":false},"excerpt":{"rendered":"<p>&#8220;En busca del sonido del viento: Mira la vida&#8221;, es un libro + DVD que recoge la experiencia vital de 5 j\u00f3venes m\u00fasicos de cuatro nacionalidades diferentes en la b\u00fasqueda de una cultura desconocida para la inmensa mayor\u00eda y en grave riesgo de desaparici\u00f3n: la cultura guaran\u00ed. El libro incluye m\u00e1s de 50 p\u00e1ginas que [&hellip;]<\/p>\n","protected":false},"author":1,"featured_media":5925,"parent":5905,"menu_order":0,"comment_status":"closed","ping_status":"closed","template":"","meta":[],"_links":{"self":[{"href":"https:\/\/lafourcadefanclub.com\/sitio\/wp-json\/wp\/v2\/pages\/5924"}],"collection":[{"href":"https:\/\/lafourcadefanclub.com\/sitio\/wp-json\/wp\/v2\/pages"}],"about":[{"href":"https:\/\/lafourcadefanclub.com\/sitio\/wp-json\/wp\/v2\/types\/page"}],"author":[{"embeddable":true,"href":"https:\/\/lafourcadefanclub.com\/sitio\/wp-json\/wp\/v2\/users\/1"}],"replies":[{"embeddable":true,"href":"https:\/\/lafourcadefanclub.com\/sitio\/wp-json\/wp\/v2\/comments?post=5924"}],"version-history":[{"count":9,"href":"https:\/\/lafourcadefanclub.com\/sitio\/wp-json\/wp\/v2\/pages\/5924\/revisions"}],"predecessor-version":[{"id":10910,"href":"https:\/\/lafourcadefanclub.com\/sitio\/wp-json\/wp\/v2\/pages\/5924\/revisions\/10910"}],"up":[{"embeddable":true,"href":"https:\/\/lafourcadefanclub.com\/sitio\/wp-json\/wp\/v2\/pages\/5905"}],"wp:featuredmedia":[{"embeddable":true,"href":"https:\/\/lafourcadefanclub.com\/sitio\/wp-json\/wp\/v2\/media\/5925"}],"wp:attachment":[{"href":"https:\/\/lafourcadefanclub.com\/sitio\/wp-json\/wp\/v2\/media?parent=5924"}],"curies":[{"name":"wp","href":"https:\/\/api.w.org\/{rel}","templated":true}]}}