{"id":5954,"date":"2016-12-23T20:36:59","date_gmt":"2016-12-24T02:36:59","guid":{"rendered":"http:\/\/lafourcadefanclub.com\/sitio\/?page_id=5954"},"modified":"2016-12-23T22:14:30","modified_gmt":"2016-12-24T04:14:30","slug":"ey-dios","status":"publish","type":"page","link":"https:\/\/lafourcadefanclub.com\/sitio\/discografia\/colaboraciones\/ey-dios\/","title":{"rendered":"Ey Dios &#8211; con Illya Kuryaki &#038; The Valderramas"},"content":{"rendered":"<p><img loading=\"lazy\" src=\"http:\/\/lafourcadefanclub.com\/sitio\/wp-content\/uploads\/2016\/12\/eydios.jpg\" alt=\"eydios\" width=\"600\" height=\"600\" class=\"alignnone size-full wp-image-5783\" srcset=\"https:\/\/lafourcadefanclub.com\/sitio\/wp-content\/uploads\/2016\/12\/eydios.jpg 600w, https:\/\/lafourcadefanclub.com\/sitio\/wp-content\/uploads\/2016\/12\/eydios-300x300.jpg 300w, https:\/\/lafourcadefanclub.com\/sitio\/wp-content\/uploads\/2016\/12\/eydios-150x150.jpg 150w\" sizes=\"(max-width: 600px) 100vw, 600px\" \/><\/p>\n<p>Tema: &#8220;Ey Dios&#8221;<br \/>\nAutor: ~<br \/>\nInt\u00e9rprete: Illya Kuryaki &#038; The Valderramas \/ Natalia Lafourcade<br \/>\nDisquera: Sony Music Entertainment Argentina S.A.<br \/>\nEditora: ~<br \/>\nProducci\u00f3n: ~<br \/>\n\u00c1lbum: L.H.O.N.<br \/>\nA\u00f1o: 2016<br \/>\nDuraci\u00f3n: 4:13<br \/>\nNo. Track: 05<br \/>\nEAN: 889853154128<\/p>\n","protected":false},"excerpt":{"rendered":"<p>Tema: &#8220;Ey Dios&#8221; Autor: ~ Int\u00e9rprete: Illya Kuryaki &#038; The Valderramas \/ Natalia Lafourcade Disquera: Sony Music Entertainment Argentina S.A. Editora: ~ Producci\u00f3n: ~ \u00c1lbum: L.H.O.N. A\u00f1o: 2016 Duraci\u00f3n: 4:13 No. Track: 05 EAN: 889853154128<\/p>\n","protected":false},"author":1,"featured_media":0,"parent":5339,"menu_order":0,"comment_status":"closed","ping_status":"closed","template":"","meta":[],"_links":{"self":[{"href":"https:\/\/lafourcadefanclub.com\/sitio\/wp-json\/wp\/v2\/pages\/5954"}],"collection":[{"href":"https:\/\/lafourcadefanclub.com\/sitio\/wp-json\/wp\/v2\/pages"}],"about":[{"href":"https:\/\/lafourcadefanclub.com\/sitio\/wp-json\/wp\/v2\/types\/page"}],"author":[{"embeddable":true,"href":"https:\/\/lafourcadefanclub.com\/sitio\/wp-json\/wp\/v2\/users\/1"}],"replies":[{"embeddable":true,"href":"https:\/\/lafourcadefanclub.com\/sitio\/wp-json\/wp\/v2\/comments?post=5954"}],"version-history":[{"count":2,"href":"https:\/\/lafourcadefanclub.com\/sitio\/wp-json\/wp\/v2\/pages\/5954\/revisions"}],"predecessor-version":[{"id":5975,"href":"https:\/\/lafourcadefanclub.com\/sitio\/wp-json\/wp\/v2\/pages\/5954\/revisions\/5975"}],"up":[{"embeddable":true,"href":"https:\/\/lafourcadefanclub.com\/sitio\/wp-json\/wp\/v2\/pages\/5339"}],"wp:attachment":[{"href":"https:\/\/lafourcadefanclub.com\/sitio\/wp-json\/wp\/v2\/media?parent=5954"}],"curies":[{"name":"wp","href":"https:\/\/api.w.org\/{rel}","templated":true}]}}