{"id":5960,"date":"2016-12-23T20:51:09","date_gmt":"2016-12-24T02:51:09","guid":{"rendered":"http:\/\/lafourcadefanclub.com\/sitio\/?page_id=5960"},"modified":"2016-12-23T20:53:13","modified_gmt":"2016-12-24T02:53:13","slug":"detras-del-mar","status":"publish","type":"page","link":"https:\/\/lafourcadefanclub.com\/sitio\/discografia\/colaboraciones\/detras-del-mar\/","title":{"rendered":"Detr\u00e1s del mar &#8211; con Fet\u00e9n Fet\u00e9n"},"content":{"rendered":"<p><img loading=\"lazy\" src=\"http:\/\/lafourcadefanclub.com\/sitio\/wp-content\/uploads\/2016\/12\/cantables.jpg\" alt=\"cantables\" width=\"600\" height=\"600\" class=\"alignnone size-full wp-image-5802\" srcset=\"https:\/\/lafourcadefanclub.com\/sitio\/wp-content\/uploads\/2016\/12\/cantables.jpg 600w, https:\/\/lafourcadefanclub.com\/sitio\/wp-content\/uploads\/2016\/12\/cantables-300x300.jpg 300w, https:\/\/lafourcadefanclub.com\/sitio\/wp-content\/uploads\/2016\/12\/cantables-150x150.jpg 150w\" sizes=\"(max-width: 600px) 100vw, 600px\" \/><\/p>\n<p>Tema: &#8220;Detr\u00e1s del mar&#8221;<br \/>\nAutor: ~<br \/>\nInt\u00e9rprete: Fet\u00e9n Fet\u00e9n \/ Natalia Lafourcade<br \/>\nDisquera: Octubre<br \/>\nEditora: ~<br \/>\nProducci\u00f3n: ~<br \/>\n\u00c1lbum: Cantables<br \/>\nA\u00f1o: 2016<br \/>\nDuraci\u00f3n: 4:03<br \/>\nNo. Track: 01<br \/>\nEAN: 889853029020<br \/>\n\u2117 2016 Sony Music Entertainment Espa\u00f1a, S.L.<\/p>\n<p><img loading=\"lazy\" src=\"http:\/\/lafourcadefanclub.com\/sitio\/wp-content\/uploads\/2016\/12\/detrasdelmar.jpg\" alt=\"detrasdelmar\" width=\"600\" height=\"600\" class=\"alignnone size-full wp-image-5784\" srcset=\"https:\/\/lafourcadefanclub.com\/sitio\/wp-content\/uploads\/2016\/12\/detrasdelmar.jpg 600w, https:\/\/lafourcadefanclub.com\/sitio\/wp-content\/uploads\/2016\/12\/detrasdelmar-300x300.jpg 300w, https:\/\/lafourcadefanclub.com\/sitio\/wp-content\/uploads\/2016\/12\/detrasdelmar-150x150.jpg 150w\" sizes=\"(max-width: 600px) 100vw, 600px\" \/><\/p>\n<p><span class=\"apareceen\">Aparece tambi\u00e9n en:<\/span><br \/>\nSingle: \u201cDetr\u00e1s del mar\u201d (2002)<\/p>\n","protected":false},"excerpt":{"rendered":"<p>Tema: &#8220;Detr\u00e1s del mar&#8221; Autor: ~ Int\u00e9rprete: Fet\u00e9n Fet\u00e9n \/ Natalia Lafourcade Disquera: Octubre Editora: ~ Producci\u00f3n: ~ \u00c1lbum: Cantables A\u00f1o: 2016 Duraci\u00f3n: 4:03 No. Track: 01 EAN: 889853029020 \u2117 2016 Sony Music Entertainment Espa\u00f1a, S.L. Aparece tambi\u00e9n en: Single: \u201cDetr\u00e1s del mar\u201d (2002)<\/p>\n","protected":false},"author":1,"featured_media":0,"parent":5339,"menu_order":0,"comment_status":"closed","ping_status":"closed","template":"","meta":[],"_links":{"self":[{"href":"https:\/\/lafourcadefanclub.com\/sitio\/wp-json\/wp\/v2\/pages\/5960"}],"collection":[{"href":"https:\/\/lafourcadefanclub.com\/sitio\/wp-json\/wp\/v2\/pages"}],"about":[{"href":"https:\/\/lafourcadefanclub.com\/sitio\/wp-json\/wp\/v2\/types\/page"}],"author":[{"embeddable":true,"href":"https:\/\/lafourcadefanclub.com\/sitio\/wp-json\/wp\/v2\/users\/1"}],"replies":[{"embeddable":true,"href":"https:\/\/lafourcadefanclub.com\/sitio\/wp-json\/wp\/v2\/comments?post=5960"}],"version-history":[{"count":3,"href":"https:\/\/lafourcadefanclub.com\/sitio\/wp-json\/wp\/v2\/pages\/5960\/revisions"}],"predecessor-version":[{"id":5963,"href":"https:\/\/lafourcadefanclub.com\/sitio\/wp-json\/wp\/v2\/pages\/5960\/revisions\/5963"}],"up":[{"embeddable":true,"href":"https:\/\/lafourcadefanclub.com\/sitio\/wp-json\/wp\/v2\/pages\/5339"}],"wp:attachment":[{"href":"https:\/\/lafourcadefanclub.com\/sitio\/wp-json\/wp\/v2\/media?parent=5960"}],"curies":[{"name":"wp","href":"https:\/\/api.w.org\/{rel}","templated":true}]}}