{"id":6017,"date":"2016-12-26T01:31:40","date_gmt":"2016-12-26T07:31:40","guid":{"rendered":"http:\/\/lafourcadefanclub.com\/sitio\/?page_id=6017"},"modified":"2020-11-20T13:11:36","modified_gmt":"2020-11-20T19:11:36","slug":"premios","status":"publish","type":"page","link":"https:\/\/lafourcadefanclub.com\/sitio\/ella-es\/premios\/","title":{"rendered":"Premios"},"content":{"rendered":"<p><img loading=\"lazy\" class=\"alignnone size-full wp-image-7364\" src=\"http:\/\/lafourcadefanclub.com\/sitio\/wp-content\/uploads\/2016\/12\/premios-natalia-lafourcade.jpg\" alt=\"premios-natalia-lafourcade\" width=\"1366\" height=\"768\" srcset=\"https:\/\/lafourcadefanclub.com\/sitio\/wp-content\/uploads\/2016\/12\/premios-natalia-lafourcade.jpg 1366w, https:\/\/lafourcadefanclub.com\/sitio\/wp-content\/uploads\/2016\/12\/premios-natalia-lafourcade-300x169.jpg 300w, https:\/\/lafourcadefanclub.com\/sitio\/wp-content\/uploads\/2016\/12\/premios-natalia-lafourcade-1024x576.jpg 1024w, https:\/\/lafourcadefanclub.com\/sitio\/wp-content\/uploads\/2016\/12\/premios-natalia-lafourcade-768x432.jpg 768w, https:\/\/lafourcadefanclub.com\/sitio\/wp-content\/uploads\/2016\/12\/premios-natalia-lafourcade-640x360.jpg 640w, https:\/\/lafourcadefanclub.com\/sitio\/wp-content\/uploads\/2016\/12\/premios-natalia-lafourcade-980x551.jpg 980w\" sizes=\"(max-width: 1366px) 100vw, 1366px\" \/><\/p>\n<p>Natalia Lafourcade ha recibido varios premios y reconocimientos por su trabajo art\u00edstico y su labor altru\u00edsta durante su carrera. <!--more--><\/p>\n<h4>PREMIOS<\/h4>\n<figure id=\"attachment_6025\" aria-describedby=\"caption-attachment-6025\" style=\"width: 460px\" class=\"wp-caption alignnone\"><img loading=\"lazy\" class=\"size-full wp-image-6025\" src=\"http:\/\/lafourcadefanclub.com\/sitio\/wp-content\/uploads\/2016\/12\/natalia-lafourcade-latin-grammy.jpg\" alt=\"Natalia Lafourcade y sus Latin Grammy\" width=\"460\" height=\"575\" srcset=\"https:\/\/lafourcadefanclub.com\/sitio\/wp-content\/uploads\/2016\/12\/natalia-lafourcade-latin-grammy.jpg 1300w, https:\/\/lafourcadefanclub.com\/sitio\/wp-content\/uploads\/2016\/12\/natalia-lafourcade-latin-grammy-240x300.jpg 240w, https:\/\/lafourcadefanclub.com\/sitio\/wp-content\/uploads\/2016\/12\/natalia-lafourcade-latin-grammy-819x1024.jpg 819w, https:\/\/lafourcadefanclub.com\/sitio\/wp-content\/uploads\/2016\/12\/natalia-lafourcade-latin-grammy-768x960.jpg 768w, https:\/\/lafourcadefanclub.com\/sitio\/wp-content\/uploads\/2016\/12\/natalia-lafourcade-latin-grammy-1229x1536.jpg 1229w, https:\/\/lafourcadefanclub.com\/sitio\/wp-content\/uploads\/2016\/12\/natalia-lafourcade-latin-grammy-640x800.jpg 640w, https:\/\/lafourcadefanclub.com\/sitio\/wp-content\/uploads\/2016\/12\/natalia-lafourcade-latin-grammy-980x1225.jpg 980w\" sizes=\"(max-width: 460px) 100vw, 460px\" \/><figcaption id=\"caption-attachment-6025\" class=\"wp-caption-text\">Natalia Lafourcade durante la 16\u00aa. Entrega de los Premios Latin Grammy Awards<\/figcaption><\/figure>\n<p><strong>MTV Movie Awards Latin America<\/strong><br \/>\nFecha: 28 de mayo de 2003<br \/>\nLugar: M\u00e9xico, D.F.<br \/>\nCategor\u00eda: &#8220;Mejor Rola Peliculera&#8221; por <em>&#8220;Amarte Duele&#8221;<\/em><\/p>\n<p><strong>Second Annual MTV Video Music Awards Latin America<\/strong><br \/>\nFecha: 23 de octubre de 2003<br \/>\nLugar: Miami, Florida. Estados Unidos.<br \/>\nCategor\u00edas: &#8220;Best Solo Artist&#8221;, &#8220;Best Pop Artist&#8221; y &#8220;Best New Artist \u2014 M\u00e9xico&#8221;<br \/>\nInformaci\u00f3n: Natalia interpret\u00f3 <em>&#8220;En el 2000&#8221;<\/em> y junto a Control Machete interpretaron &#8220;Bien, bien&#8221;.<\/p>\n<p><strong>7\u00aa. Entrega de los Premios Latin Grammy Awards<\/strong><br \/>\nFecha: 2 de noviembre de 2006<br \/>\nLugar: Nueva York, Nueva York. Estados Unidos. (Madison Square Garden)<br \/>\nCategor\u00eda: &#8220;Best Rock Album by a Duo or Group with Vocal&#8221; por su \u00e1lbum <em>&#8220;Casa&#8221;<\/em><\/p>\n<p><strong>Festival Pantalla de Cristal<\/strong><br \/>\nFecha: 2006<br \/>\nLugar: M\u00e9xico, D.F.<br \/>\nCategor\u00eda: &#8220;Mejor Direcci\u00f3n de Arte (Videoclip)&#8221; y &#8220;Mejor Animaci\u00f3n (Videoclip)&#8221; por <em>&#8220;Cuarto encima&#8221;<\/em><\/p>\n<p><strong>Premios SACM<\/strong><br \/>\nFecha: 20 de octubre de 2010<br \/>\nLugar: M\u00e9xico, D.F.<br \/>\nCategor\u00eda: &#8220;Canciones m\u00e1s escuchadas en 2009&#8221;<br \/>\nInformaci\u00f3n: La SACM entreg\u00f3 este premio.<\/p>\n<p><strong>Premios Telehit<\/strong><br \/>\nFecha: 18 de noviembre de 2010<br \/>\nLugar: Acapulco, Guerrero. M\u00e9xico.<br \/>\nCategor\u00eda: &#8220;Premio por la Calidad Musical&#8221;<\/p>\n<p><strong>The Indie-O Music Awards<\/strong><br \/>\nFecha: 15 de abril de 2011<br \/>\nLugar: M\u00e9xico, D.F.<br \/>\nCategor\u00eda: &#8220;Productor nuevo&#8221; por <em>&#8220;Mientras t\u00fa dorm\u00edas&#8221;<\/em> de Carla Morrison<br \/>\nInformaci\u00f3n: La ceremonia se llev\u00f3 a cabo en el Teatro de la Ciudad. Natalia no asisti\u00f3.<\/p>\n<p><strong>Premios Oye! a la M\u00fasica Grabada<\/strong><br \/>\nFecha: 16 de mayo de 2013<br \/>\nLugar: Mazatl\u00e1n, Sinaloa. M\u00e9xico.<br \/>\nCategor\u00eda: &#8220;Solista Femenina Pop&#8221; por <em>&#8220;Mujer Divina: Homenaje a Agust\u00edn Lara&#8221;<\/em><\/p>\n<p><strong>14\u00aa. Entrega de los Premios Latin Grammy Awards <\/strong><br \/>\nFecha: 21 de noviembre de 2013<br \/>\nLugar: Las Vegas, Nevada. Estados Unidos.<br \/>\nCategor\u00edas: &#8220;Mejor \u00c1lbum de M\u00fasica Alternativa&#8221; por <em>&#8220;Mujer Divina: Homenaje a Agust\u00edn Lara&#8221;<\/em> y &#8220;Mejor Video Musical Versi\u00f3n Larga&#8221; por <em>&#8220;Mujer Divina: Homenaje a Agust\u00edn Lara&#8221;<\/em><br \/>\nInformaci\u00f3n: Natalia interpret\u00f3 <em>&#8220;Mar\u00eda bonita&#8221;<\/em> en la ceremonia. Tambi\u00e9n estuvo nominada en la categor\u00eda &#8220;Mejor Ingenier\u00eda de Grabaci\u00f3n para un \u00c1lbum&#8221; por <em>&#8220;Mujer Divina: Homenaje a Agust\u00edn Lara&#8221;<\/em>.<\/p>\n<p><strong>Premio Agust\u00edn Lara<\/strong><br \/>\nFecha: 24 de noviembre de 2013<br \/>\nLugar: Los \u00c1ngeles, California. Estados Unidos.<br \/>\nInformaci\u00f3n: El premio fue otorgado por el Patronato Agust\u00edn Lara en honor al \u00e1lbum <em>\u201cMujer Divina\u201d<\/em>.<\/p>\n<p><strong>16\u00aa. Entrega de los Premios Latin Grammy Awards<\/strong><br \/>\nFecha: 2015<br \/>\nLugar: Las Vegas, Nevada. Estados Unidos.<br \/>\nCategor\u00edas: &#8220;Grabaci\u00f3n del A\u00f1o&#8221; por <em>&#8220;Hasta la ra\u00edz&#8221;<\/em> junto a Leonel Garc\u00eda, &#8220;Canci\u00f3n del A\u00f1o&#8221; por <em>&#8220;Hasta la ra\u00edz&#8221;<\/em> junto a Leonel Garc\u00eda, &#8220;Mejor \u00c1lbum de M\u00fasica Alternativa&#8221; por su \u00e1lbum <em>&#8220;Hasta la ra\u00edz&#8221;<\/em>, &#8220;Mejor Canci\u00f3n Alternativa&#8221; por <em>&#8220;Hasta la ra\u00edz&#8221;<\/em> junto a Leonel Garc\u00eda y &#8220;Mejor Ingenier\u00eda de Grabaci\u00f3n&#8221; por su \u00e1lbum <em>&#8220;Hasta la ra\u00edz&#8221;<\/em> junto a Andr\u00e9s Borda, Eduardo del \u00c1guila, Demi\u00e1n Nava, Alan Ortiz Grande, Alan Saucedo, Sebasti\u00e1n Schunt, Cesar Sogbe y Jos\u00e9 Blanco.<br \/>\nInformaci\u00f3n: Natalia interpret\u00f3 <em>&#8220;Hasta la ra\u00edz&#8221;<\/em> en la ceremonia. Tambi\u00e9n estuvo nominada en la categor\u00eda &#8220;\u00c1lbum del A\u00f1o&#8221; por su \u00e1lbum <em>&#8220;Hasta la ra\u00edz&#8221;<\/em>.<\/p>\n<p><strong>58th Annual Grammy Awards<\/strong><br \/>\nFecha: 15 de febrero de 2016<br \/>\nLugar: Los \u00c1ngeles, California. Estados Unidos.<br \/>\nCategor\u00eda: &#8220;Mejor \u00e1lbum de rock latino o alternativo&#8221; por su \u00e1lbum <em>&#8220;Hasta la ra\u00edz&#8221;<\/em><br \/>\nInformaci\u00f3n: Comparti\u00f3 el premio con Pitbull con su \u00e1lbum <em>&#8220;Dale&#8221;<\/em>.<\/p>\n<p><strong>ASCAP Golden Note<\/strong><br \/>\nFecha: 11 de mayo de 2016<br \/>\nLugar: Miami, Florida. Estados Unidos.<br \/>\nCategor\u00eda: &#8220;ASCAP Golden Note Award&#8221;<br \/>\nInformaci\u00f3n: Reconocimiento especial otorgado por ASCAP or sus logros en su extraordinaria carrera. Natalia interpret\u00f3 <em>&#8220;Hasta la ra\u00edz&#8221;<\/em> en la ceremonia.<\/p>\n<p><strong>Premios SACM<\/strong><br \/>\nFecha: 18 de mayo de 2016<br \/>\nLugar: Ciudad de M\u00e9xico. M\u00e9xico. (Centro Cultural Roberto Cantoral)<br \/>\nCategor\u00eda: &#8220;Canciones m\u00e1s destacados en 2015&#8221;<br \/>\nInformaci\u00f3n: La SACM entreg\u00f3 este premio.<\/p>\n<p><strong>Premios Shock<\/strong><br \/>\nFecha: 30 de octubre de 2016<br \/>\nLugar: Medell\u00edn, Colombia.<br \/>\nCategor\u00eda: &#8220;Mejor Disco Latinoamericano&#8221; por su \u00e1lbum <em>&#8220;Hasta la ra\u00edz&#8221;<\/em><\/p>\n<p><strong>Medalla Agust\u00edn Lara 2016<\/strong><br \/>\nFecha: 4 de noviembre de 2016<br \/>\nLugar: Veracruz. M\u00e9xico.<br \/>\nCategor\u00eda: Medalla Agust\u00edn Lara<\/p>\n<p><strong>Premio Chiuku<\/strong><br \/>\nFecha: 10 de noviembre de 2016<br \/>\nLugar: Los Cabos, Baja California Sur. M\u00e9xico.<br \/>\nInformaci\u00f3n: Natalia Lafourcade recibi\u00f3 el Premio Chiuku de MTV de manos de Jimmy Sirvent, por sus labor altruista en sus a\u00f1os de trayectoria.<\/p>\n<p><strong>18\u00aa. Entrega de los Premios Latin Grammy Awards<\/strong><br \/>\nFecha: 16 de noviembre de 2017<br \/>\nLugar: Las Vegas, Nevada. Estados Unidos.<br \/>\nCategor\u00edas: &#8220;Mejor \u00c1lbum Folcl\u00f3rico&#8221; por <em>&#8220;Musas, Un homenaje al folclore latinoamericano en manos de Los Macorinos: Vol. 1&#8221;<\/em> y &#8220;Mejor Video Musical Versi\u00f3n Larga&#8221; por <em>&#8220;Musas: El documental&#8221;<\/em> junto a Bruno Bancalari y Juan Pablo L\u00f3pez-Fonseca.<br \/>\nInformaci\u00f3n: Natalia interpret\u00f3 <em>&#8220;Mexicana hermosa&#8221;<\/em> con Carlos Rivera y &#8220;T\u00fa s\u00ed sabes quererme&#8221; con Los Macorinos en la ceremonia de gala. Tambi\u00e9n estuvo nominada en la categor\u00eda &#8220;Canci\u00f3n del A\u00f1o&#8221; por <em>&#8220;T\u00fa s\u00ed sabes quererme&#8221;<\/em> y &#8220;\u00c1lbum del a\u00f1o&#8221; por su \u00e1lbum <em>&#8220;Musas, Un homenaje al folclore latinoamericano en manos de Los Macorinos: Vol. 1&#8221;<\/em>.<\/p>\n<p><strong>19\u00aa. Entrega de los Premios Latin Grammy Awards<\/strong><br \/>\nFecha: 15 de noviembre de 2018<br \/>\nLugar: Las Vegas, Nevada. Estados Unidos.<br \/>\nCategor\u00eda: &#8220;Mejor \u00c1lbum Folcl\u00f3rico&#8221; por <em>&#8220;Musas, Un homenaje al folclore latinoamericano en manos de Los Macorinos: Vol. 2&#8221;<\/em>.<br \/>\nInformaci\u00f3n: Natalia interpret\u00f3 <em>&#8220;Telefon\u00eda&#8221;<\/em> con Jorge Drexler, Mon Laferte y El David Aguilar. Tambi\u00e9n estuvo nominada en la categor\u00eda &#8220;Grabaci\u00f3n del A\u00f1o&#8221; y &#8220;Canci\u00f3n del A\u00f1o&#8221; por <em>&#8220;Danza de gardenias&#8221;<\/em> y &#8220;\u00c1lbum del A\u00f1o&#8221; por su \u00e1lbum <em>&#8220;Musas, Un homenaje al folclore latinoamericano en manos de Los Macorinos: Vol. 2&#8221;<\/em>.<\/p>\n<p><strong>Premios SACM<\/strong><br \/>\nFecha: 22 de mayo de 2019<br \/>\nLugar: Ciudad de M\u00e9xico. M\u00e9xico. (El Cantoral)<br \/>\nCategor\u00eda: &#8220;\u00c9xito SACM 2019, Trayectoria&#8221;<br \/>\nInformaci\u00f3n: La SACM entreg\u00f3 este premio.<\/p>\n<p><strong>21\u00aa. Entrega de los Premios Latin Grammy Awards<\/strong><br \/>\nFecha: 19 de noviembre de 2020<br \/>\nLugar: Miami, Florida. Estados Unidos.<br \/>\nCategor\u00eda: &#8220;Mejor \u00c1lbum del A\u00f1o&#8221; por <em>&#8220;Un Canto por M\u00e9xico: Vol. 1&#8221;<\/em>, &#8220;Mejor Canci\u00f3n Regional Mexicana&#8221; por <em>&#8220;Mi Religi\u00f3n&#8221;<\/em> y &#8220;Mejor Canci\u00f3n Alternativa&#8221; por <em>&#8220;En Cantos&#8221;<\/em> junto a Ismael Cancel e Ile.<br \/>\nInformaci\u00f3n: Natalia no asisti\u00f3 a la ceremonia.<\/p>\n<h4>CERTIFICACIONES<\/h4>\n<figure id=\"attachment_6031\" aria-describedby=\"caption-attachment-6031\" style=\"width: 460px\" class=\"wp-caption alignnone\"><img loading=\"lazy\" class=\"size-full wp-image-6031\" src=\"http:\/\/lafourcadefanclub.com\/sitio\/wp-content\/uploads\/2016\/12\/natalia-lafourcade-platino-hasta-la-raiz.jpg\" alt=\"Natalia Lafourcade y su Disco de Platino m\u00e1s Oro por su \u00e1lbum &quot;Hasta la ra\u00edz&quot;\" width=\"460\" height=\"307\" srcset=\"https:\/\/lafourcadefanclub.com\/sitio\/wp-content\/uploads\/2016\/12\/natalia-lafourcade-platino-hasta-la-raiz.jpg 879w, https:\/\/lafourcadefanclub.com\/sitio\/wp-content\/uploads\/2016\/12\/natalia-lafourcade-platino-hasta-la-raiz-300x200.jpg 300w, https:\/\/lafourcadefanclub.com\/sitio\/wp-content\/uploads\/2016\/12\/natalia-lafourcade-platino-hasta-la-raiz-768x512.jpg 768w, https:\/\/lafourcadefanclub.com\/sitio\/wp-content\/uploads\/2016\/12\/natalia-lafourcade-platino-hasta-la-raiz-640x427.jpg 640w\" sizes=\"(max-width: 460px) 100vw, 460px\" \/><figcaption id=\"caption-attachment-6031\" class=\"wp-caption-text\">Natalia Lafourcade y su Disco de Platino m\u00e1s Oro por su \u00e1lbum &#8220;Hasta la ra\u00edz&#8221;<\/figcaption><\/figure>\n<p><strong>Disco de Oro<\/strong> (2002)<br \/>\n\u00c1lbum: &#8220;Natalia Lafourcade&#8221;<br \/>\nFecha de registro: 11 de diciembre de 2002<br \/>\nLugar: M\u00e9xico, D.F.<br \/>\nInformaci\u00f3n: Seg\u00fan AMPROFON por m\u00e1s de 75 mil copias vendidas de su \u00e1lbum <em>&#8220;Natalia Lafourcade&#8221;<\/em>.<\/p>\n<p><strong>Disco de Platino<\/strong> (2003)<br \/>\n\u00c1lbum: &#8220;Natalia Lafourcade&#8221;<br \/>\nFecha de registro: 27 de junio de 2003<br \/>\nLugar: M\u00e9xico, D.F.<br \/>\nInformaci\u00f3n: Seg\u00fan AMPROFON por m\u00e1s de 150 mil copias vendidas de su \u00e1lbum <em>&#8220;Natalia Lafourcade&#8221;<\/em>.<\/p>\n<p><strong>Disco de Oro<\/strong> (2002)<br \/>\n\u00c1lbum: &#8220;Casa&#8221;<br \/>\nFecha de registro: 25 de agosto de 2005<br \/>\nEntrega de reconocimiento: 31 de agosto de 2005<br \/>\nLugar: M\u00e9xico, D.F.<br \/>\nInformaci\u00f3n: Seg\u00fan AMPROFON por m\u00e1s de 50 mil copias vendidas de su \u00e1lbum <em>&#8220;Casa&#8221;<\/em>.<\/p>\n<p><strong>Disco de Oro<\/strong> (2011)<br \/>\n\u00c1lbum: &#8220;Travieso carmes\u00ed&#8221;<br \/>\nInt\u00e9rprete original: Alondra de la Parra<br \/>\nFecha de registro: 5 de julio de 2011<br \/>\nLugar: M\u00e9xico, D.F.<br \/>\nInformaci\u00f3n: Seg\u00fan AMPROFON por m\u00e1s de 30 mil copias vendidas del \u00e1lbum <em>&#8220;Travieso carmes\u00ed&#8221;<\/em>.<\/p>\n<p><strong>Disco de Platino<\/strong> (2011)<br \/>\n\u00c1lbum: &#8220;Travieso carmes\u00ed&#8221;<br \/>\nInt\u00e9rprete original: Alondra de la Parra<br \/>\nFecha de registro: 10 de octubre de 2011<br \/>\nEntrega de reconocimiento: 29 de septiembre de 2011<br \/>\nLugar: M\u00e9xico, D.F.<br \/>\nInformaci\u00f3n: Seg\u00fan AMPROFON por m\u00e1s de 60 mil copias vendidas del \u00e1lbum <em>&#8220;Travieso carmes\u00ed&#8221;<\/em>.<\/p>\n<p><strong>Disco de Oro<\/strong> (2012)<br \/>\n\u00c1lbum: &#8220;Mujer Divina: Homenaje a Agust\u00edn Lara&#8221;<br \/>\nFecha de registro: 21 de noviembre de 2012<br \/>\nEntrega de reconocimiento: 27 de noviembre de 2012<br \/>\nLugar: M\u00e9xico, D.F.<br \/>\nInformaci\u00f3n: Seg\u00fan AMPROFON por m\u00e1s de 30 mil copias vendidas de su \u00e1lbum <em>&#8220;Mujer Divina: Homenaje a Agust\u00edn Lara&#8221;<\/em>.<\/p>\n<p><strong>Disco de Platino<\/strong> (2013)<br \/>\n\u00c1lbum: &#8220;Mujer Divina: Homenaje a Agust\u00edn Lara&#8221;<br \/>\nFecha de registro: 25 de febrero de 2013<br \/>\nLugar: M\u00e9xico, D.F.<br \/>\nInformaci\u00f3n: Seg\u00fan AMPROFON por m\u00e1s de 60 mil copias vendidas de su \u00e1lbum <em>&#8220;Mujer Divina: Homenaje a Agust\u00edn Lara&#8221;<\/em>.<\/p>\n<p><strong>Disco de Platino<\/strong> (2011)<br \/>\n\u00c1lbum: &#8220;Jos\u00e9 Jos\u00e9: Un tributo 1 y 2&#8221;<br \/>\nInt\u00e9rprete original: Jos\u00e9 Jos\u00e9<br \/>\nFecha de registro: 8 de enero de 2014<br \/>\nEntrega de reconocimiento: 19 de noviembre de 2013<br \/>\nLugar: M\u00e9xico, D.F.<br \/>\nInformaci\u00f3n: Seg\u00fan AMPROFON por m\u00e1s de 30 mil copias vendidas del \u00e1lbum <em>&#8220;Jos\u00e9 Jos\u00e9: Un tributo 1 y 2&#8221;<\/em>.<\/p>\n<p><strong>Disco de Platino m\u00e1s Oro<\/strong> (2013)<br \/>\n\u00c1lbum: &#8220;Mujer Divina: Homenaje a Agust\u00edn Lara&#8221;<br \/>\nFecha de registro: 28 de enero de 2014<br \/>\nEntrega de reconocimiento: 17 de diciembre de 2013<br \/>\nLugar: M\u00e9xico, D.F.<br \/>\nInformaci\u00f3n: Seg\u00fan AMPROFON por m\u00e1s de 90 mil copias vendidas de su \u00e1lbum <em>&#8220;Mujer Divina: Homenaje a Agust\u00edn Lara&#8221;<\/em>.<\/p>\n<p><strong>Disco de Oro<\/strong> (2014)<br \/>\nSingle Track: &#8220;Quisiera saber&#8221;<br \/>\nInt\u00e9rprete original: Los Daniels<br \/>\nFecha de registro: 4 de noviembre de 2014<br \/>\nLugar: M\u00e9xico, D.F.<br \/>\nInformaci\u00f3n: Seg\u00fan AMPROFON por m\u00e1s de 30 mil descargas digitales del sencillo <em>&#8220;Quisiera saber&#8221;<\/em>.<\/p>\n<p><strong>Disco de Oro<\/strong> (2015)<br \/>\n\u00c1lbum: &#8220;Hasta la ra\u00edz&#8221;<br \/>\nFecha de registro: 23 de abril de 2015<br \/>\nLugar: M\u00e9xico, D.F.<br \/>\nInformaci\u00f3n: Seg\u00fan AMPROFON por m\u00e1s de 30 mil copias vendidas de su \u00e1lbum <em>&#8220;Hasta la ra\u00edz&#8221;<\/em>.<\/p>\n<p><strong>Disco de Platino<\/strong> (2015)<br \/>\n\u00c1lbum: &#8220;Hasta la ra\u00edz&#8221;<br \/>\nFecha de registro: 27 de agosto de 2015<br \/>\nLugar: M\u00e9xico, D.F.<br \/>\nInformaci\u00f3n: Seg\u00fan AMPROFON por m\u00e1s de 60 mil copias vendidas de su \u00e1lbum <em>&#8220;Hasta la ra\u00edz&#8221;<\/em>.<\/p>\n<p><strong>Disco de Oro<\/strong> (2015)<br \/>\n\u00c1lbum: &#8220;Hasta la ra\u00edz&#8221;<br \/>\nFecha de registro: 14 septiembre de 2015<br \/>\nLugar: Italia<br \/>\nInformaci\u00f3n: Seg\u00fan FIMI por m\u00e1s de 30 mil copias vendidas de su \u00e1lbum <em>&#8220;Hasta la ra\u00edz&#8221;<\/em>.<\/p>\n<p><strong>Disco de Oro<\/strong> (2015)<br \/>\nSingle Track: &#8220;Nunca es suficiente&#8221;<br \/>\nFecha de registro: 20 de octubre de 2015<br \/>\nLugar: M\u00e9xico, D.F.<br \/>\nInformaci\u00f3n: Seg\u00fan AMPROFON por m\u00e1s de 30 mil descargas digitales de su sencillo <em>&#8220;Nunca es suficiente&#8221;<\/em>.<\/p>\n<p><strong>Disco de Platino m\u00e1s Oro<\/strong> (2016)<br \/>\n\u00c1lbum: &#8220;Hasta la ra\u00edz&#8221;<br \/>\nFecha de registro: 7 de febrero de 2016<br \/>\nLugar: Ciudad de M\u00e9xico. M\u00e9xico.<br \/>\nInformaci\u00f3n: Seg\u00fan AMPROFON por m\u00e1s de 90 mil copias vendidas de su \u00e1lbum <em>&#8220;Hasta la ra\u00edz&#8221;<\/em>.<\/p>\n<p><strong>Disco Doble de Platino m\u00e1s Oro<\/strong> (2016)<br \/>\n\u00c1lbum: &#8220;Hasta la ra\u00edz&#8221;<br \/>\nFecha de registro: 8 de diciembre de 2016<br \/>\nEntrega de reconocimiento: 16 de marzo de 2017<br \/>\nLugar: Ciudad de M\u00e9xico. M\u00e9xico.<br \/>\nInformaci\u00f3n: Seg\u00fan AMPROFON por m\u00e1s de 150 mil copias vendidas de su \u00e1lbum <em>&#8220;Hasta la ra\u00edz&#8221;<\/em>.<\/p>\n<p><strong>Disco de Oro<\/strong> (2017)<br \/>\n\u00c1lbum: &#8220;Musas: Un Homenaje al Folclore Latinomericano en manos de Los Macorinos, Vol. 1&#8221;<br \/>\nFecha de registro: Julio 2017<br \/>\nEntrega de reconocimiento: 1 de agosto de 2017<br \/>\nLugar: Ciudad de M\u00e9xico. M\u00e9xico.<br \/>\nInformaci\u00f3n: Seg\u00fan AMPROFON por m\u00e1s de 30 mil copias vendidas de su \u00e1lbum <em>&#8220;Musas: Un Homenaje al Folclore Latinomericano en manos de Los Macorinos, Vol. 1&#8221;<\/em>.<\/p>\n<p><strong>Disco de Oro<\/strong> (2017)<br \/>\n\u00c1lbum: &#8220;Musas: Un Homenaje al Folclore Latinomericano en manos de Los Macorinos, Vol. 1&#8221;<br \/>\nFecha de registro: Julio 2017<br \/>\nEntrega de reconocimiento: 1 de agosto de 2017<br \/>\nLugar: Ciudad de M\u00e9xico. M\u00e9xico.<br \/>\nInformaci\u00f3n: Seg\u00fan AMPROFON por m\u00e1s de 30 mil copias vendidas de su \u00e1lbum <em>&#8220;Musas: Un Homenaje al Folclore Latinomericano en manos de Los Macorinos, Vol. 1&#8221;<\/em>.<\/p>\n<p><strong>Disco de Platino<\/strong> (2018)<br \/>\n\u00c1lbum: &#8220;Musas: Un Homenaje al Folclore Latinomericano en manos de Los Macorinos, Vol. 1&#8221;<br \/>\nFecha de registro: Enero de 2018<br \/>\nLugar: Ciudad de M\u00e9xico. M\u00e9xico.<br \/>\nInformaci\u00f3n: Seg\u00fan AMPROFON por m\u00e1s de 60 mil copias vendidas de su \u00e1lbum <em>&#8220;Musas: Un Homenaje al Folclore Latinomericano en manos de Los Macorinos, Vol. 1&#8221;<\/em>.<\/p>\n<p><strong>Disco Doble de Platino<\/strong> (2018)<br \/>\nSingle Track: &#8220;T\u00fa s\u00ed sabes quererme&#8221;<br \/>\nInt\u00e9rprete original: Natalia Lafourcade \/ Los Macorinos<br \/>\nFecha de registro: Enero de 2018<br \/>\nLugar: M\u00e9xico, D.F.<br \/>\nInformaci\u00f3n: Seg\u00fan AMPROFON por m\u00e1s de 120 mil descargas digitales del sencillo <em>&#8220;T\u00fa s\u00ed sabes quererme&#8221;<\/em>.<\/p>\n","protected":false},"excerpt":{"rendered":"<p>Natalia Lafourcade ha recibido varios premios y reconocimientos por su trabajo art\u00edstico y su labor altru\u00edsta durante su carrera.<\/p>\n","protected":false},"author":1,"featured_media":7364,"parent":5903,"menu_order":0,"comment_status":"closed","ping_status":"closed","template":"","meta":[],"_links":{"self":[{"href":"https:\/\/lafourcadefanclub.com\/sitio\/wp-json\/wp\/v2\/pages\/6017"}],"collection":[{"href":"https:\/\/lafourcadefanclub.com\/sitio\/wp-json\/wp\/v2\/pages"}],"about":[{"href":"https:\/\/lafourcadefanclub.com\/sitio\/wp-json\/wp\/v2\/types\/page"}],"author":[{"embeddable":true,"href":"https:\/\/lafourcadefanclub.com\/sitio\/wp-json\/wp\/v2\/users\/1"}],"replies":[{"embeddable":true,"href":"https:\/\/lafourcadefanclub.com\/sitio\/wp-json\/wp\/v2\/comments?post=6017"}],"version-history":[{"count":35,"href":"https:\/\/lafourcadefanclub.com\/sitio\/wp-json\/wp\/v2\/pages\/6017\/revisions"}],"predecessor-version":[{"id":10715,"href":"https:\/\/lafourcadefanclub.com\/sitio\/wp-json\/wp\/v2\/pages\/6017\/revisions\/10715"}],"up":[{"embeddable":true,"href":"https:\/\/lafourcadefanclub.com\/sitio\/wp-json\/wp\/v2\/pages\/5903"}],"wp:featuredmedia":[{"embeddable":true,"href":"https:\/\/lafourcadefanclub.com\/sitio\/wp-json\/wp\/v2\/media\/7364"}],"wp:attachment":[{"href":"https:\/\/lafourcadefanclub.com\/sitio\/wp-json\/wp\/v2\/media?parent=6017"}],"curies":[{"name":"wp","href":"https:\/\/api.w.org\/{rel}","templated":true}]}}