{"id":6143,"date":"2016-12-26T16:34:48","date_gmt":"2016-12-26T22:34:48","guid":{"rendered":"http:\/\/lafourcadefanclub.com\/sitio\/?page_id=6143"},"modified":"2025-05-08T19:22:23","modified_gmt":"2025-05-09T01:22:23","slug":"limbo","status":"publish","type":"page","link":"https:\/\/lafourcadefanclub.com\/sitio\/ella-es\/teatro\/limbo\/","title":{"rendered":"Limbo (2015)"},"content":{"rendered":"<p><em>Limbo<\/em>, el espect\u00e1culo clown escrito, dirigido y actuado por <strong>Gabriela Mu\u00f1oz<\/strong> cont\u00f3 con la participaci\u00f3n especial de <strong>Natalia Lafourcade<\/strong>.<!--more--><\/p>\n<p><center><a href=\"http:\/\/lafourcadefanclub.com\/sitio\/wp-content\/uploads\/2016\/12\/obra-teatro-limbo-poster-especial-natalia-lafourcade-reina.jpg\"><img loading=\"lazy\" src=\"http:\/\/lafourcadefanclub.com\/sitio\/wp-content\/uploads\/2016\/12\/obra-teatro-limbo-poster-especial-natalia-lafourcade-reina-1024x683.jpg\" alt=\"obra-teatro-limbo-poster-especial-natalia-lafourcade-reina\" width=\"620\" height=\"414\" class=\"alignnone size-large wp-image-6148\" srcset=\"https:\/\/lafourcadefanclub.com\/sitio\/wp-content\/uploads\/2016\/12\/obra-teatro-limbo-poster-especial-natalia-lafourcade-reina-1024x683.jpg 1024w, https:\/\/lafourcadefanclub.com\/sitio\/wp-content\/uploads\/2016\/12\/obra-teatro-limbo-poster-especial-natalia-lafourcade-reina-300x200.jpg 300w, https:\/\/lafourcadefanclub.com\/sitio\/wp-content\/uploads\/2016\/12\/obra-teatro-limbo-poster-especial-natalia-lafourcade-reina-768x512.jpg 768w, https:\/\/lafourcadefanclub.com\/sitio\/wp-content\/uploads\/2016\/12\/obra-teatro-limbo-poster-especial-natalia-lafourcade-reina-1536x1024.jpg 1536w, https:\/\/lafourcadefanclub.com\/sitio\/wp-content\/uploads\/2016\/12\/obra-teatro-limbo-poster-especial-natalia-lafourcade-reina-2048x1365.jpg 2048w, https:\/\/lafourcadefanclub.com\/sitio\/wp-content\/uploads\/2016\/12\/obra-teatro-limbo-poster-especial-natalia-lafourcade-reina-640x427.jpg 640w, https:\/\/lafourcadefanclub.com\/sitio\/wp-content\/uploads\/2016\/12\/obra-teatro-limbo-poster-especial-natalia-lafourcade-reina-980x653.jpg 980w\" sizes=\"(max-width: 620px) 100vw, 620px\" \/><\/a><\/center><\/p>\n<p>Remiti\u00e9ndonos a un mundo paralelo entre la fantas\u00eda y la realidad, <em>Limbo<\/em> nos \u201chabla\u201d de luz y sombra, de la delgada l\u00ednea que separa la vida, de la muerte. Adem\u00e1s nos demuestra que para hablar de la muerte, hay que verla de frente sin filtros. Es por ello que Mu\u00f1oz nos lleva de la mano a este limbo: la confrontaci\u00f3n del sentimiento con la raz\u00f3n, donde postrada en una cama, recorre a trav\u00e9s del sue\u00f1o, un universo imposible en donde todo es posible, \u00e9sta es la premisa de \u00e9sta bella y singular obra.<\/p>\n<p><center><iframe class=\"video\" src=\"https:\/\/www.youtube.com\/embed\/4JTAcBIzoMA?rel=0&amp;showinfo=0\" frameborder=\"0\" allowfullscreen><\/iframe><\/center><\/p>\n<p><em>Limbo<\/em>, sucede escaladamente entre la realidad &#8211;<em>con un espacio f\u00edsico y en un cuarto de hospital<\/em>&#8211; y un pasaje fant\u00e1stico integrado por un bosque, un laberinto y un cementerio, todos estos caminos se recorren de una manera l\u00fadica con piezas musicales creadas y seleccionadas especialmente para la obra, ah\u00ed es donde convergen las habilidades musicales po\u00e9ticas de <strong>Natalia Lafourcade<\/strong> y de <strong>Ernesto Garc\u00eda<\/strong>.<\/p>\n<p>Es importante mencionar que <em>Limbo<\/em> es una puesta en escena que atrapa al espectador, lo sujeta y lo transporta a una fantas\u00eda que a partir de una experiencia de vida, se vuelve real. Un suceso que comparte en el escenario a trav\u00e9s de su lenguaje y con la t\u00e9cnica clown; el arte de expresar emociones sin pronunciar palabras, una disciplina que desnuda el alma del artista.<\/p>\n<p><center><a href=\"http:\/\/lafourcadefanclub.com\/sitio\/wp-content\/uploads\/2016\/12\/obra-teatro-limbo-poster-especial-natalia-lafourcade.jpg\"><img loading=\"lazy\" src=\"http:\/\/lafourcadefanclub.com\/sitio\/wp-content\/uploads\/2016\/12\/obra-teatro-limbo-poster-especial-natalia-lafourcade-683x1024.jpg\" alt=\"obra-teatro-limbo-poster-especial-natalia-lafourcade\" width=\"620\" height=\"930\" class=\"alignnone size-large wp-image-6139\" srcset=\"https:\/\/lafourcadefanclub.com\/sitio\/wp-content\/uploads\/2016\/12\/obra-teatro-limbo-poster-especial-natalia-lafourcade-683x1024.jpg 683w, https:\/\/lafourcadefanclub.com\/sitio\/wp-content\/uploads\/2016\/12\/obra-teatro-limbo-poster-especial-natalia-lafourcade-200x300.jpg 200w, https:\/\/lafourcadefanclub.com\/sitio\/wp-content\/uploads\/2016\/12\/obra-teatro-limbo-poster-especial-natalia-lafourcade-768x1152.jpg 768w, https:\/\/lafourcadefanclub.com\/sitio\/wp-content\/uploads\/2016\/12\/obra-teatro-limbo-poster-especial-natalia-lafourcade-640x960.jpg 640w, https:\/\/lafourcadefanclub.com\/sitio\/wp-content\/uploads\/2016\/12\/obra-teatro-limbo-poster-especial-natalia-lafourcade.jpg 800w\" sizes=\"(max-width: 620px) 100vw, 620px\" \/><\/a><\/center><\/p>\n<p>Las funciones especiales de <em>Limbo<\/em> se realizaron en el <em>Teatro de la Ciudad Esperanza Iris<\/em> los d\u00edas 9, 10 y 11 de octubre de 2015, el montaje cont\u00f3 con las actuaciones de <strong>Gaby Mu\u00f1oz<\/strong> y <strong>Ernesto Garc\u00eda<\/strong>, as\u00ed como la intervenci\u00f3n musical y de performance de <strong>Natalia Lafourcade<\/strong> como la voz de la Reina del bosque. <\/p>\n<p><center><iframe class=\"video\" src=\"https:\/\/www.youtube.com\/embed\/6YaR9OOOqS8?rel=0&amp;showinfo=0\" frameborder=\"0\" allowfullscreen><\/iframe><\/center><\/p>\n<p><strong>Natalia Lafourcade<\/strong> particip\u00f3 en el soundtrack de <strong>&#8220;Limbo&#8221; <\/strong>en los temas <em>&#8220;Muletas&#8221;<\/em> y <em>&#8220;Despertar&#8221;<\/em>. El \u00e1lbum estuvo disponible a la venta solamente al finalizar cada funci\u00f3n en el Teatro de la Ciudad y fue editado por Tribu Records y Co-Productions.<\/p>\n<p><iframe width=\"100%\" height=\"180\" scrolling=\"no\" frameborder=\"no\" src=\"https:\/\/w.soundcloud.com\/player\/?url=https%3A\/\/api.soundcloud.com\/tracks\/228111422%3Fsecret_token%3Ds-LfqmP&amp;auto_play=false&amp;hide_related=false&amp;show_comments=true&amp;show_user=true&amp;show_reposts=false&amp;visual=true\"><\/iframe><\/p>\n<p><!--<center><iframe class=\"video\" src=\"https:\/\/www.youtube.com\/embed\/Quo_s2Ul7Bk\/?rel=0&amp;showinfo=0\" frameborder=\"0\" allowfullscreen><\/iframe><\/center>--><\/p>\n","protected":false},"excerpt":{"rendered":"<p>Limbo, el espect\u00e1culo clown escrito, dirigido y actuado por Gabriela Mu\u00f1oz cont\u00f3 con la participaci\u00f3n especial de Natalia Lafourcade.<\/p>\n","protected":false},"author":1,"featured_media":7374,"parent":6138,"menu_order":0,"comment_status":"closed","ping_status":"closed","template":"","meta":[],"_links":{"self":[{"href":"https:\/\/lafourcadefanclub.com\/sitio\/wp-json\/wp\/v2\/pages\/6143"}],"collection":[{"href":"https:\/\/lafourcadefanclub.com\/sitio\/wp-json\/wp\/v2\/pages"}],"about":[{"href":"https:\/\/lafourcadefanclub.com\/sitio\/wp-json\/wp\/v2\/types\/page"}],"author":[{"embeddable":true,"href":"https:\/\/lafourcadefanclub.com\/sitio\/wp-json\/wp\/v2\/users\/1"}],"replies":[{"embeddable":true,"href":"https:\/\/lafourcadefanclub.com\/sitio\/wp-json\/wp\/v2\/comments?post=6143"}],"version-history":[{"count":8,"href":"https:\/\/lafourcadefanclub.com\/sitio\/wp-json\/wp\/v2\/pages\/6143\/revisions"}],"predecessor-version":[{"id":10914,"href":"https:\/\/lafourcadefanclub.com\/sitio\/wp-json\/wp\/v2\/pages\/6143\/revisions\/10914"}],"up":[{"embeddable":true,"href":"https:\/\/lafourcadefanclub.com\/sitio\/wp-json\/wp\/v2\/pages\/6138"}],"wp:featuredmedia":[{"embeddable":true,"href":"https:\/\/lafourcadefanclub.com\/sitio\/wp-json\/wp\/v2\/media\/7374"}],"wp:attachment":[{"href":"https:\/\/lafourcadefanclub.com\/sitio\/wp-json\/wp\/v2\/media?parent=6143"}],"curies":[{"name":"wp","href":"https:\/\/api.w.org\/{rel}","templated":true}]}}