{"id":6162,"date":"2016-12-26T20:33:56","date_gmt":"2016-12-27T02:33:56","guid":{"rendered":"http:\/\/lafourcadefanclub.com\/sitio\/?page_id=6162"},"modified":"2017-01-18T01:11:51","modified_gmt":"2017-01-18T07:11:51","slug":"mi-mundo-privado","status":"publish","type":"page","link":"https:\/\/lafourcadefanclub.com\/sitio\/videoteca\/reality-show\/mi-mundo-privado\/","title":{"rendered":"Mi mundo privado"},"content":{"rendered":"<p><img loading=\"lazy\" src=\"http:\/\/lafourcadefanclub.com\/sitio\/wp-content\/uploads\/2016\/12\/MIMUNDOPRIVADO_flyer29oct-1024x1024.jpg\" alt=\"mimundoprivado_flyer29oct\" width=\"620\" height=\"620\" class=\"alignnone size-large wp-image-6169\" srcset=\"https:\/\/lafourcadefanclub.com\/sitio\/wp-content\/uploads\/2016\/12\/MIMUNDOPRIVADO_flyer29oct-1024x1024.jpg 1024w, https:\/\/lafourcadefanclub.com\/sitio\/wp-content\/uploads\/2016\/12\/MIMUNDOPRIVADO_flyer29oct-300x300.jpg 300w, https:\/\/lafourcadefanclub.com\/sitio\/wp-content\/uploads\/2016\/12\/MIMUNDOPRIVADO_flyer29oct-150x150.jpg 150w, https:\/\/lafourcadefanclub.com\/sitio\/wp-content\/uploads\/2016\/12\/MIMUNDOPRIVADO_flyer29oct-768x768.jpg 768w, https:\/\/lafourcadefanclub.com\/sitio\/wp-content\/uploads\/2016\/12\/MIMUNDOPRIVADO_flyer29oct-640x640.jpg 640w, https:\/\/lafourcadefanclub.com\/sitio\/wp-content\/uploads\/2016\/12\/MIMUNDOPRIVADO_flyer29oct-980x980.jpg 980w, https:\/\/lafourcadefanclub.com\/sitio\/wp-content\/uploads\/2016\/12\/MIMUNDOPRIVADO_flyer29oct.jpg 1400w\" sizes=\"(max-width: 620px) 100vw, 620px\" \/><\/p>\n<p>Durante varias semanas <strong>Natalia Lafourcade<\/strong> fue perseguida por el lente de <strong>Cosmopolitan<\/strong>, las experiencias de una cantante y compositora \u00fanica, con un mundo especial y particular. <\/p>\n<p>13 cap\u00edtulos conformaron la primera temporada de la serie, la cantante revel\u00f3 mucho de su vida interior, el aspecto privado que ella consider\u00f3 que si no es aburrido, s\u00ed es poco convencional y en ocasiones demasiado informal.<\/p>\n<p>Disfruta de este reality show producido por Cosmopolitan en 2012:<\/p>\n<p><a href=\"http:\/\/lafourcadefanclub.com\/sitio\/videoteca\/reality-show\/mi-mundo-privado\/episodio-01\/\">Episodio 1<\/a><br \/>\n<a href=\"http:\/\/lafourcadefanclub.com\/sitio\/videoteca\/reality-show\/mi-mundo-privado\/episodio-02\/\">Episodio 2<\/a><br \/>\n<a href=\"http:\/\/lafourcadefanclub.com\/sitio\/videoteca\/reality-show\/mi-mundo-privado\/episodio-03\/\">Episodio 3<\/a><br \/>\n<a href=\"http:\/\/lafourcadefanclub.com\/sitio\/videoteca\/reality-show\/mi-mundo-privado\/episodio-04\/\">Episodio 4<\/a><br \/>\n<a href=\"http:\/\/lafourcadefanclub.com\/sitio\/videoteca\/reality-show\/mi-mundo-privado\/episodio-05\/\">Episodio 5<\/a><br \/>\n<a href=\"http:\/\/lafourcadefanclub.com\/sitio\/videoteca\/reality-show\/mi-mundo-privado\/episodio-06\/\">Episodio 6<\/a><br \/>\n<a href=\"http:\/\/lafourcadefanclub.com\/sitio\/videoteca\/reality-show\/mi-mundo-privado\/episodio-07\/\">Episodio 7<\/a><br \/>\n<a href=\"http:\/\/lafourcadefanclub.com\/sitio\/videoteca\/reality-show\/mi-mundo-privado\/episodio-08\/\">Episodio 8<\/a><br \/>\n<a href=\"http:\/\/lafourcadefanclub.com\/sitio\/videoteca\/reality-show\/mi-mundo-privado\/episodio-09\/\">Episodio 9<\/a><br \/>\n<a href=\"http:\/\/lafourcadefanclub.com\/sitio\/videoteca\/reality-show\/mi-mundo-privado\/episodio-10\/\">Episodio 10<\/a><br \/>\n<a href=\"http:\/\/lafourcadefanclub.com\/sitio\/videoteca\/reality-show\/mi-mundo-privado\/episodio-11\/\">Episodio 11<\/a><br \/>\n<a href=\"http:\/\/lafourcadefanclub.com\/sitio\/videoteca\/reality-show\/mi-mundo-privado\/episodio-12\/\">Episodio 12<\/a><br \/>\n<a href=\"http:\/\/lafourcadefanclub.com\/sitio\/videoteca\/reality-show\/mi-mundo-privado\/episodio-13\/\">Episodio 13<\/a><\/p>\n","protected":false},"excerpt":{"rendered":"<p>Durante varias semanas Natalia Lafourcade fue perseguida por el lente de Cosmopolitan, las experiencias de una cantante y compositora \u00fanica, con un mundo especial y particular. 13 cap\u00edtulos conformaron la primera temporada de la serie, la cantante revel\u00f3 mucho de su vida interior, el aspecto privado que ella consider\u00f3 que si no es aburrido, s\u00ed [&hellip;]<\/p>\n","protected":false},"author":1,"featured_media":1269,"parent":6160,"menu_order":0,"comment_status":"closed","ping_status":"closed","template":"","meta":[],"_links":{"self":[{"href":"https:\/\/lafourcadefanclub.com\/sitio\/wp-json\/wp\/v2\/pages\/6162"}],"collection":[{"href":"https:\/\/lafourcadefanclub.com\/sitio\/wp-json\/wp\/v2\/pages"}],"about":[{"href":"https:\/\/lafourcadefanclub.com\/sitio\/wp-json\/wp\/v2\/types\/page"}],"author":[{"embeddable":true,"href":"https:\/\/lafourcadefanclub.com\/sitio\/wp-json\/wp\/v2\/users\/1"}],"replies":[{"embeddable":true,"href":"https:\/\/lafourcadefanclub.com\/sitio\/wp-json\/wp\/v2\/comments?post=6162"}],"version-history":[{"count":6,"href":"https:\/\/lafourcadefanclub.com\/sitio\/wp-json\/wp\/v2\/pages\/6162\/revisions"}],"predecessor-version":[{"id":6238,"href":"https:\/\/lafourcadefanclub.com\/sitio\/wp-json\/wp\/v2\/pages\/6162\/revisions\/6238"}],"up":[{"embeddable":true,"href":"https:\/\/lafourcadefanclub.com\/sitio\/wp-json\/wp\/v2\/pages\/6160"}],"wp:featuredmedia":[{"embeddable":true,"href":"https:\/\/lafourcadefanclub.com\/sitio\/wp-json\/wp\/v2\/media\/1269"}],"wp:attachment":[{"href":"https:\/\/lafourcadefanclub.com\/sitio\/wp-json\/wp\/v2\/media?parent=6162"}],"curies":[{"name":"wp","href":"https:\/\/api.w.org\/{rel}","templated":true}]}}