{"id":6255,"date":"2016-12-27T01:34:42","date_gmt":"2016-12-27T07:34:42","guid":{"rendered":"http:\/\/lafourcadefanclub.com\/sitio\/?page_id=6255"},"modified":"2016-12-27T01:37:01","modified_gmt":"2016-12-27T07:37:01","slug":"videos-robados","status":"publish","type":"page","link":"https:\/\/lafourcadefanclub.com\/sitio\/videoteca\/reality-show\/videos-robados\/","title":{"rendered":"Videos robados"},"content":{"rendered":"<p>Programa de EXA TV que transmiti\u00f3 los <em>&#8220;Videos Robados&#8221;<\/em> de <strong>Natalia y la Forquetina<\/strong>. Esta emisi\u00f3n fue transmitida a trav\u00e9s de Canal 52 de MVS Television el 6 de mayo de 2006.<!--more--><\/p>\n<p><iframe class=\"video\" src=\"https:\/\/www.youtube.com\/embed\/0CBVYS2zmP0?rel=0&#038;showinfo=0&#038;theme=light&#038;autoplay=1\" frameborder=\"0\" allowfullscreen><\/iframe><\/p>\n<p><small>\u00a9 2006 MVS Television.<\/small><\/p>\n","protected":false},"excerpt":{"rendered":"<p>Programa de EXA TV que transmiti\u00f3 los &#8220;Videos Robados&#8221; de Natalia y la Forquetina. Esta emisi\u00f3n fue transmitida a trav\u00e9s de Canal 52 de MVS Television el 6 de mayo de 2006.<\/p>\n","protected":false},"author":1,"featured_media":6256,"parent":6160,"menu_order":0,"comment_status":"closed","ping_status":"closed","template":"","meta":[],"_links":{"self":[{"href":"https:\/\/lafourcadefanclub.com\/sitio\/wp-json\/wp\/v2\/pages\/6255"}],"collection":[{"href":"https:\/\/lafourcadefanclub.com\/sitio\/wp-json\/wp\/v2\/pages"}],"about":[{"href":"https:\/\/lafourcadefanclub.com\/sitio\/wp-json\/wp\/v2\/types\/page"}],"author":[{"embeddable":true,"href":"https:\/\/lafourcadefanclub.com\/sitio\/wp-json\/wp\/v2\/users\/1"}],"replies":[{"embeddable":true,"href":"https:\/\/lafourcadefanclub.com\/sitio\/wp-json\/wp\/v2\/comments?post=6255"}],"version-history":[{"count":4,"href":"https:\/\/lafourcadefanclub.com\/sitio\/wp-json\/wp\/v2\/pages\/6255\/revisions"}],"predecessor-version":[{"id":6260,"href":"https:\/\/lafourcadefanclub.com\/sitio\/wp-json\/wp\/v2\/pages\/6255\/revisions\/6260"}],"up":[{"embeddable":true,"href":"https:\/\/lafourcadefanclub.com\/sitio\/wp-json\/wp\/v2\/pages\/6160"}],"wp:featuredmedia":[{"embeddable":true,"href":"https:\/\/lafourcadefanclub.com\/sitio\/wp-json\/wp\/v2\/media\/6256"}],"wp:attachment":[{"href":"https:\/\/lafourcadefanclub.com\/sitio\/wp-json\/wp\/v2\/media?parent=6255"}],"curies":[{"name":"wp","href":"https:\/\/api.w.org\/{rel}","templated":true}]}}