{"id":6340,"date":"2016-12-29T14:27:03","date_gmt":"2016-12-29T20:27:03","guid":{"rendered":"http:\/\/lafourcadefanclub.com\/sitio\/?page_id=6340"},"modified":"2017-01-13T15:16:20","modified_gmt":"2017-01-13T21:16:20","slug":"opera-prima-la-banda-2012","status":"publish","type":"page","link":"https:\/\/lafourcadefanclub.com\/sitio\/videoteca\/conduccion\/opera-prima-la-banda-2012\/","title":{"rendered":"\u00d3pera Prima: La banda (2012)"},"content":{"rendered":"<p><img loading=\"lazy\" src=\"http:\/\/lafourcadefanclub.com\/sitio\/wp-content\/uploads\/2016\/12\/conduccion-opera-prima-la-banda-natalia-lafourcade.jpg\" alt=\"conduccion-opera-prima-la-banda-natalia-lafourcade\" width=\"860\" height=\"360\" class=\"alignnone size-full wp-image-6338\" srcset=\"https:\/\/lafourcadefanclub.com\/sitio\/wp-content\/uploads\/2016\/12\/conduccion-opera-prima-la-banda-natalia-lafourcade.jpg 860w, https:\/\/lafourcadefanclub.com\/sitio\/wp-content\/uploads\/2016\/12\/conduccion-opera-prima-la-banda-natalia-lafourcade-300x126.jpg 300w, https:\/\/lafourcadefanclub.com\/sitio\/wp-content\/uploads\/2016\/12\/conduccion-opera-prima-la-banda-natalia-lafourcade-768x321.jpg 768w, https:\/\/lafourcadefanclub.com\/sitio\/wp-content\/uploads\/2016\/12\/conduccion-opera-prima-la-banda-natalia-lafourcade-640x268.jpg 640w\" sizes=\"(max-width: 860px) 100vw, 860px\" \/><\/p>\n<p>\u00d3pera Prima: La banda [2012]<\/p>\n<p><iframe class=\"video\" src=\"https:\/\/www.youtube.com\/embed\/ot6HJ4lyq4Q?rel=0&#038;showinfo=0&#038;theme=light&#038;autoplay=0\" frameborder=\"0\" allowfullscreen><\/iframe><\/p>\n<p>&#8220;\u00d3pera Prima: La Banda&#8221;: Es un reality documental en el que ni\u00f1os y j\u00f3venes crecer\u00e1n en el lenguaje de la m\u00fasica. Fue transmitido por el Canal 22 de M\u00e9xico en 2012. Natalia Lafourcade condujo uno de los cap\u00edtulos del documental.<!--more--><\/p>\n<p><iframe class=\"video\" src=\"https:\/\/www.youtube.com\/embed\/0pofxHIXPtk?rel=0&#038;showinfo=0&#038;theme=light&#038;autoplay=0\" frameborder=\"0\" allowfullscreen><\/iframe><\/p>\n<p><a href=\"https:\/\/www.youtube.com\/watch?v=SaDtF6TYgM0\" target=\"_blank\">Parte 1<\/a> | <a href=\"https:\/\/www.youtube.com\/watch?v=RDzMu-qW82g\" target=\"_blank\">Parte 2<\/a> | <a href=\"https:\/\/www.youtube.com\/watch?v=ytm6LxjQQwI\" target=\"_blank\">Parte 3<\/a> | <a href=\"https:\/\/www.youtube.com\/watch?v=ytm6LxjQQwI\" target=\"_blank\">Parte 4<\/a> | <a href=\"https:\/\/www.youtube.com\/watch?v=ytm6LxjQQwI\" target=\"_blank\">Parte 5<\/a><\/p>\n<p>\u00a9 2016 Televisi\u00f3n Metropolitana S.A. de C.V. <\/p>\n","protected":false},"excerpt":{"rendered":"<p>\u00d3pera Prima: La banda [2012] &#8220;\u00d3pera Prima: La Banda&#8221;: Es un reality documental en el que ni\u00f1os y j\u00f3venes crecer\u00e1n en el lenguaje de la m\u00fasica. Fue transmitido por el Canal 22 de M\u00e9xico en 2012. Natalia Lafourcade condujo uno de los cap\u00edtulos del documental.<\/p>\n","protected":false},"author":1,"featured_media":0,"parent":6337,"menu_order":0,"comment_status":"closed","ping_status":"closed","template":"","meta":[],"_links":{"self":[{"href":"https:\/\/lafourcadefanclub.com\/sitio\/wp-json\/wp\/v2\/pages\/6340"}],"collection":[{"href":"https:\/\/lafourcadefanclub.com\/sitio\/wp-json\/wp\/v2\/pages"}],"about":[{"href":"https:\/\/lafourcadefanclub.com\/sitio\/wp-json\/wp\/v2\/types\/page"}],"author":[{"embeddable":true,"href":"https:\/\/lafourcadefanclub.com\/sitio\/wp-json\/wp\/v2\/users\/1"}],"replies":[{"embeddable":true,"href":"https:\/\/lafourcadefanclub.com\/sitio\/wp-json\/wp\/v2\/comments?post=6340"}],"version-history":[{"count":2,"href":"https:\/\/lafourcadefanclub.com\/sitio\/wp-json\/wp\/v2\/pages\/6340\/revisions"}],"predecessor-version":[{"id":6734,"href":"https:\/\/lafourcadefanclub.com\/sitio\/wp-json\/wp\/v2\/pages\/6340\/revisions\/6734"}],"up":[{"embeddable":true,"href":"https:\/\/lafourcadefanclub.com\/sitio\/wp-json\/wp\/v2\/pages\/6337"}],"wp:attachment":[{"href":"https:\/\/lafourcadefanclub.com\/sitio\/wp-json\/wp\/v2\/media?parent=6340"}],"curies":[{"name":"wp","href":"https:\/\/api.w.org\/{rel}","templated":true}]}}