{"id":6412,"date":"2017-01-01T17:01:19","date_gmt":"2017-01-01T23:01:19","guid":{"rendered":"http:\/\/lafourcadefanclub.com\/sitio\/?page_id=6412"},"modified":"2025-05-08T18:40:29","modified_gmt":"2025-05-09T00:40:29","slug":"el-cielo-en-tu-mirada-2012","status":"publish","type":"page","link":"https:\/\/lafourcadefanclub.com\/sitio\/videoteca\/peliculas\/el-cielo-en-tu-mirada-2012\/","title":{"rendered":"El cielo en tu mirada (2012)"},"content":{"rendered":"<p><img loading=\"lazy\" src=\"http:\/\/lafourcadefanclub.com\/sitio\/wp-content\/uploads\/2012\/01\/ElCieloEnTuMirada_PosterNatalia.jpg\" alt=\"Natalia Lafourcade en 'El cielo en tu mirada'\" width=\"1417\" height=\"1890\" class=\"alignnone size-full wp-image-589\" srcset=\"https:\/\/lafourcadefanclub.com\/sitio\/wp-content\/uploads\/2012\/01\/ElCieloEnTuMirada_PosterNatalia.jpg 1417w, https:\/\/lafourcadefanclub.com\/sitio\/wp-content\/uploads\/2012\/01\/ElCieloEnTuMirada_PosterNatalia-225x300.jpg 225w, https:\/\/lafourcadefanclub.com\/sitio\/wp-content\/uploads\/2012\/01\/ElCieloEnTuMirada_PosterNatalia-768x1024.jpg 768w, https:\/\/lafourcadefanclub.com\/sitio\/wp-content\/uploads\/2012\/01\/ElCieloEnTuMirada_PosterNatalia-1152x1536.jpg 1152w, https:\/\/lafourcadefanclub.com\/sitio\/wp-content\/uploads\/2012\/01\/ElCieloEnTuMirada_PosterNatalia-640x854.jpg 640w, https:\/\/lafourcadefanclub.com\/sitio\/wp-content\/uploads\/2012\/01\/ElCieloEnTuMirada_PosterNatalia-980x1307.jpg 980w\" sizes=\"(max-width: 1417px) 100vw, 1417px\" \/><\/p>\n<p><strong>Natalia Lafourcade<\/strong> debuta en el cine con un papel especial en la pel\u00edcula mexicana <em>&#8220;El cielo en tu mirada&#8221;<\/em>, junto a Man\u00e9 de la Parra, Aislinn Derbez, Jaime Camil y Danna Garc\u00eda. Ella es <em>Fernanda<\/em>, la amiga de Abril, quien pronto se casar\u00e1 con Mario, su hermano. Fer es una joven millonaria y alcoh\u00f3lica. Lafourcade lleg\u00f3 a la pel\u00edcula un poco por casualidad, luego de que la actriz Claudia R\u00edos le sugiri\u00f3 al director buscar a la estrella musical tras descubrir su talento para la actuaci\u00f3n en un taller art\u00edstico.<!--more--><\/p>\n<p>T\u00edtulo original: El cielo en tu mirada<br \/>\nA\u00f1o: 2012<br \/>\nDuraci\u00f3n: 101 min.<br \/>\nPa\u00eds: M\u00e9xico<br \/>\nDirector: Pedro Pablo Ibarra (AKA Pitipol Ybarra)<br \/>\nGui\u00f3n: Enrique Chmelnik, Rafael Gayt\u00e1n<br \/>\nM\u00fasica: Odil\u00f3n Ch\u00e1vez<br \/>\nFotograf\u00eda: Fido P\u00e9rez Gavil\u00e1n<br \/>\nReparto: Mane De La Parra, Aislinn Derbez, Jaime Camil, Danna Garc\u00eda, Juan Pablo Raba, Natalia Lafourcade, Renato L\u00f3pez.<br \/>\nProductora: Sobrevivientes Films<br \/>\nFecha de estreno en M\u00e9xico: 2 de marzo de 2012.<\/p>\n<p>Sinopsis: Pepe, un cantante talentoso pero a veces inseguro de s\u00ed mismo, va a concursar en el FICLA y est\u00e1 nervisoso. El mismo d\u00eda del concurso conoce a Abril, una astr\u00f3noma guapa y simp\u00e1tica. Hay mucha qu\u00edmica entre ellos y Pepe est\u00e1 seguro que es amor a primera vista y que ella es la mujer perfecta para \u00e9l, por su mala fortuna, Abril se casa esa noche. \u00bfQu\u00e9 puede hacer Pepe en tan poco tiempo? \u00bfQu\u00e9 planes tiene el destino para \u00e9l? Las cosas nunca son como parecen y esta comedia rom\u00e1ntica te har\u00e1 re\u00edr y recordarte del poder del amor y c\u00f3mo los \u00e1ngeles, intervienen en nuestras vidas diarias.<\/p>\n<p><iframe class=\"video\" src=\"https:\/\/www.youtube.com\/embed\/F5awkK9zAh0?rel=0&#038;showinfo=0&#038;theme=light&#038;autoplay=0\" frameborder=\"0\" allowfullscreen><\/iframe><\/p>\n<p>&#8211;>Videos: <a href=\"https:\/\/www.youtube.com\/watch?v=XsHEcMqU6M8\" target=\"_blank\" rel=\"noopener noreferrer\">Bloopers<\/a> | <a href=\"https:\/\/www.youtube.com\/watch?v=GNRIKMO9mGM\" target=\"_blank\" rel=\"noopener noreferrer\">Invitaci\u00f3n<\/a> | <a href=\"https:\/\/www.youtube.com\/watch?v=CAw-_PNc07c\" target=\"_blank\" rel=\"noopener noreferrer\">Shooting <\/a><\/p>\n<p><a href=\"http:\/\/lafourcadefanclub.com\/sitio\/hoy-premiere-del-debut-en-cine-de-lafourcade-en-el-cielo-en-tu-mirada\/\">M\u00e1s informaci\u00f3n<\/a><\/p>\n<p>Formato a la venta: DVD \/ Bluray \/ Digital<\/p>\n","protected":false},"excerpt":{"rendered":"<p>Natalia Lafourcade debuta en el cine con un papel especial en la pel\u00edcula mexicana &#8220;El cielo en tu mirada&#8221;, junto a Man\u00e9 de la Parra, Aislinn Derbez, Jaime Camil y Danna Garc\u00eda. Ella es Fernanda, la amiga de Abril, quien pronto se casar\u00e1 con Mario, su hermano. Fer es una joven millonaria y alcoh\u00f3lica. Lafourcade [&hellip;]<\/p>\n","protected":false},"author":1,"featured_media":0,"parent":6408,"menu_order":0,"comment_status":"closed","ping_status":"closed","template":"","meta":[],"_links":{"self":[{"href":"https:\/\/lafourcadefanclub.com\/sitio\/wp-json\/wp\/v2\/pages\/6412"}],"collection":[{"href":"https:\/\/lafourcadefanclub.com\/sitio\/wp-json\/wp\/v2\/pages"}],"about":[{"href":"https:\/\/lafourcadefanclub.com\/sitio\/wp-json\/wp\/v2\/types\/page"}],"author":[{"embeddable":true,"href":"https:\/\/lafourcadefanclub.com\/sitio\/wp-json\/wp\/v2\/users\/1"}],"replies":[{"embeddable":true,"href":"https:\/\/lafourcadefanclub.com\/sitio\/wp-json\/wp\/v2\/comments?post=6412"}],"version-history":[{"count":17,"href":"https:\/\/lafourcadefanclub.com\/sitio\/wp-json\/wp\/v2\/pages\/6412\/revisions"}],"predecessor-version":[{"id":10912,"href":"https:\/\/lafourcadefanclub.com\/sitio\/wp-json\/wp\/v2\/pages\/6412\/revisions\/10912"}],"up":[{"embeddable":true,"href":"https:\/\/lafourcadefanclub.com\/sitio\/wp-json\/wp\/v2\/pages\/6408"}],"wp:attachment":[{"href":"https:\/\/lafourcadefanclub.com\/sitio\/wp-json\/wp\/v2\/media?parent=6412"}],"curies":[{"name":"wp","href":"https:\/\/api.w.org\/{rel}","templated":true}]}}