{"id":6443,"date":"2017-01-01T22:02:39","date_gmt":"2017-01-02T04:02:39","guid":{"rendered":"http:\/\/lafourcadefanclub.com\/sitio\/?page_id=6443"},"modified":"2025-05-14T08:44:25","modified_gmt":"2025-05-14T14:44:25","slug":"music-videos","status":"publish","type":"page","link":"https:\/\/lafourcadefanclub.com\/sitio\/videoteca\/music-videos\/","title":{"rendered":"Music Videos"},"content":{"rendered":"<p><img loading=\"lazy\" src=\"http:\/\/lafourcadefanclub.com\/sitio\/wp-content\/uploads\/2017\/01\/music-videos-natalia-lafourcade.jpg\" alt=\"music-videos-natalia-lafourcade\" width=\"1366\" height=\"768\" class=\"alignnone size-full wp-image-6676\" srcset=\"https:\/\/lafourcadefanclub.com\/sitio\/wp-content\/uploads\/2017\/01\/music-videos-natalia-lafourcade.jpg 1366w, https:\/\/lafourcadefanclub.com\/sitio\/wp-content\/uploads\/2017\/01\/music-videos-natalia-lafourcade-300x169.jpg 300w, https:\/\/lafourcadefanclub.com\/sitio\/wp-content\/uploads\/2017\/01\/music-videos-natalia-lafourcade-1024x576.jpg 1024w, https:\/\/lafourcadefanclub.com\/sitio\/wp-content\/uploads\/2017\/01\/music-videos-natalia-lafourcade-768x432.jpg 768w, https:\/\/lafourcadefanclub.com\/sitio\/wp-content\/uploads\/2017\/01\/music-videos-natalia-lafourcade-640x360.jpg 640w, https:\/\/lafourcadefanclub.com\/sitio\/wp-content\/uploads\/2017\/01\/music-videos-natalia-lafourcade-980x551.jpg 980w\" sizes=\"(max-width: 1366px) 100vw, 1366px\" \/><\/p>\n<p><a href=\"http:\/\/lafourcadefanclub.com\/sitio\/videoteca\/music-videos\/una-vida\/\">Una vida<\/a><br \/>\n<a href=\"http:\/\/lafourcadefanclub.com\/sitio\/videoteca\/music-videos\/danza-de-gardenias\/\">Danza de gardenias<\/a><br \/>\n<a href=\"http:\/\/lafourcadefanclub.com\/sitio\/videoteca\/music-videos\/mexicana-hermosa\/\">Mexicana hermosa<\/a><br \/>\n<a href=\"http:\/\/lafourcadefanclub.com\/sitio\/videoteca\/music-videos\/tu-si-sabes-quererme\/\">T\u00fa s\u00ed sabes quererme<\/a><br \/>\n<a href=\"http:\/\/lafourcadefanclub.com\/sitio\/videoteca\/music-videos\/lo-que-construimos\/\">Lo que construimos<\/a><br \/>\n<a href=\"http:\/\/lafourcadefanclub.com\/sitio\/videoteca\/music-videos\/hasta-la-raiz\/\">Hasta la ra\u00edz<\/a><br \/>\n<a href=\"http:\/\/lafourcadefanclub.com\/sitio\/videoteca\/music-videos\/nunca-es-suficiente\/\">Nunca es suficiente<\/a><br \/>\n<a href=\"http:\/\/lafourcadefanclub.com\/sitio\/videoteca\/music-videos\/el-amor-acaba\/\">El amor acaba<\/a><br \/>\n<a href=\"http:\/\/lafourcadefanclub.com\/sitio\/videoteca\/music-videos\/aventurera\/\">Aventurera<\/a><br \/>\n<a href=\"http:\/\/lafourcadefanclub.com\/sitio\/videoteca\/music-videos\/aventurera-acustica\/\">Aventurera &#8211; Ac\u00fastica<\/a><br \/>\n<a href=\"http:\/\/lafourcadefanclub.com\/sitio\/videoteca\/music-videos\/mujer-divina\/\">Mujer divina<\/a><br \/>\n<a href=\"http:\/\/lafourcadefanclub.com\/sitio\/videoteca\/music-videos\/limosna\">Limosna<\/a><br \/>\n<a href=\"http:\/\/lafourcadefanclub.com\/sitio\/videoteca\/music-videos\/la-fugitiva\/\">La fugitiva<\/a><br \/>\n<a href=\"http:\/\/lafourcadefanclub.com\/sitio\/videoteca\/music-videos\/un-derecho-de-nacimiento\/\">Un derecho de nacimiento<\/a><br \/>\n<a href=\"http:\/\/lafourcadefanclub.com\/sitio\/videoteca\/music-videos\/no-viniste\/\">No viniste<\/a><br \/>\n<a href=\"http:\/\/lafourcadefanclub.com\/sitio\/videoteca\/music-videos\/cursis-melodias\/\">Cursis melod\u00edas<\/a><br \/>\n<a href=\"http:\/\/lafourcadefanclub.com\/sitio\/videoteca\/music-videos\/ella-es-bonita-remix\/\">Ella es bonita<\/a> <span class=\"SubtituloSpan\">Remix Video<\/span><br \/>\n<a href=\"http:\/\/lafourcadefanclub.com\/sitio\/videoteca\/music-videos\/ella-es-bonita\/\">Ella es bonita<\/a><br \/>\n<a href=\"http:\/\/lafourcadefanclub.com\/sitio\/videoteca\/music-videos\/azul\/\">Azul<\/a><br \/>\n<a href=\"http:\/\/lafourcadefanclub.com\/sitio\/videoteca\/music-videos\/azul-version-larga\/\">Azul &#8211; Versi\u00f3n Larga<\/a><br \/>\n<a href=\"http:\/\/lafourcadefanclub.com\/sitio\/videoteca\/music-videos\/piel-canela\/\">Piel canela<\/a><br \/>\n<a href=\"http:\/\/lafourcadefanclub.com\/sitio\/videoteca\/music-videos\/cuarto-encima\/\">Cuarto encima<\/a><br \/>\n<a href=\"http:\/\/lafourcadefanclub.com\/sitio\/videoteca\/music-videos\/casa\/\">Casa<\/a><br \/>\n<a href=\"http:\/\/lafourcadefanclub.com\/sitio\/videoteca\/music-videos\/ser-humano\/\">Ser humano<\/a><br \/>\n<a href=\"http:\/\/lafourcadefanclub.com\/sitio\/videoteca\/music-videos\/un-pato\/\">Un pato (O pato)<\/a><br \/>\n<a href=\"http:\/\/lafourcadefanclub.com\/sitio\/videoteca\/music-videos\/elefantes\/\">Elefantes<\/a><br \/>\n<a href=\"http:\/\/lafourcadefanclub.com\/sitio\/videoteca\/music-videos\/te-quiero-dar\/\">Te quiero dar<\/a><br \/>\n<a href=\"http:\/\/lafourcadefanclub.com\/sitio\/videoteca\/music-videos\/amarte-duele\/\">Amarte duele<\/a><br \/>\n<a href=\"http:\/\/lafourcadefanclub.com\/sitio\/videoteca\/music-videos\/en-el-2000-forquetina-visita-la-tierra\/\">En el 2000 &#8211; Forquetina visita la tierra<\/a><br \/>\n<a href=\"http:\/\/lafourcadefanclub.com\/sitio\/videoteca\/music-videos\/en-el-2000\/\">En el 2000<\/a><br \/>\n<a href=\"http:\/\/lafourcadefanclub.com\/sitio\/videoteca\/music-videos\/busca-un-problema\/\">Busca un problema<\/a><\/p>\n<p>Con otros artistas<\/p>\n<p><a href=\"http:\/\/lafourcadefanclub.com\/sitio\/videoteca\/music-videos\/gulliver\/\">Gulliver &#8211; con Miguel Bos\u00e9<\/a><br \/>\n<a href=\"http:\/\/lafourcadefanclub.com\/sitio\/videoteca\/music-videos\/la-cumbia-del-infinito\/\">La cumbia del infinito &#8211; con Los \u00c1ngeles Azules<\/a><br \/>\n<a href=\"http:\/\/lafourcadefanclub.com\/sitio\/videoteca\/music-videos\/slowly\/\">Slowly &#8211; con Leiva<\/a><br \/>\n<a href=\"http:\/\/lafourcadefanclub.com\/sitio\/videoteca\/music-videos\/azul-gueros\/\">Azul &#8211; de la pel\u00edcula &#8220;G\u00fceros&#8221;<\/a><br \/>\n<a href=\"http:\/\/lafourcadefanclub.com\/sitio\/videoteca\/music-videos\/ya-no-vivo-por-vivir\/\">Ya no vivo por vivir &#8211; con Juan Gabriel<\/a><br \/>\n<a href=\"http:\/\/lafourcadefanclub.com\/sitio\/videoteca\/music-videos\/confieso-visual\/\">Confieso &#8211; con Leonel Garc\u00eda<\/a><br \/>\n<a href=\"http:\/\/lafourcadefanclub.com\/sitio\/videoteca\/music-videos\/maria\/\">Mar\u00eda &#8211; con La Oreja de Van Gogh<\/a><br \/>\n<a href=\"http:\/\/lafourcadefanclub.com\/sitio\/videoteca\/music-videos\/nos-llevamos-tan-bien\/\">Nos llevamos tan bien &#8211; con Mariel Mariel<\/a><br \/>\n<a href=\"http:\/\/lafourcadefanclub.com\/sitio\/videoteca\/music-videos\/el-fin\/\">El fin<\/a><br \/>\n<a href=\"http:\/\/lafourcadefanclub.com\/sitio\/videoteca\/music-videos\/quisiera-saber\/\">Quisiera saber &#8211; con Los Daniels<\/a><br \/>\n<a href=\"http:\/\/lafourcadefanclub.com\/sitio\/videoteca\/music-videos\/contigo\/\">Contigo &#8211; con El Canto del Loco<\/a><br \/>\n<a href=\"http:\/\/lafourcadefanclub.com\/sitio\/videoteca\/music-videos\/estelar\/\">Estelar &#8211; con Capit\u00e1n Melao<\/a><br \/>\n<a href=\"http:\/\/lafourcadefanclub.com\/sitio\/videoteca\/music-videos\/jardin\/\">Jard\u00edn &#8211; con Liquits<\/a><br \/>\n<a href=\"http:\/\/lafourcadefanclub.com\/sitio\/videoteca\/music-videos\/el-apostador\/\">El apostador &#8211; con Control Machete<\/a><\/p>\n","protected":false},"excerpt":{"rendered":"<p>Una vida Danza de gardenias Mexicana hermosa T\u00fa s\u00ed sabes quererme Lo que construimos Hasta la ra\u00edz Nunca es suficiente El amor acaba Aventurera Aventurera &#8211; Ac\u00fastica Mujer divina Limosna La fugitiva Un derecho de nacimiento No viniste Cursis melod\u00edas Ella es bonita Remix Video Ella es bonita Azul Azul &#8211; Versi\u00f3n Larga Piel canela [&hellip;]<\/p>\n","protected":false},"author":1,"featured_media":6676,"parent":6156,"menu_order":0,"comment_status":"closed","ping_status":"closed","template":"","meta":[],"_links":{"self":[{"href":"https:\/\/lafourcadefanclub.com\/sitio\/wp-json\/wp\/v2\/pages\/6443"}],"collection":[{"href":"https:\/\/lafourcadefanclub.com\/sitio\/wp-json\/wp\/v2\/pages"}],"about":[{"href":"https:\/\/lafourcadefanclub.com\/sitio\/wp-json\/wp\/v2\/types\/page"}],"author":[{"embeddable":true,"href":"https:\/\/lafourcadefanclub.com\/sitio\/wp-json\/wp\/v2\/users\/1"}],"replies":[{"embeddable":true,"href":"https:\/\/lafourcadefanclub.com\/sitio\/wp-json\/wp\/v2\/comments?post=6443"}],"version-history":[{"count":12,"href":"https:\/\/lafourcadefanclub.com\/sitio\/wp-json\/wp\/v2\/pages\/6443\/revisions"}],"predecessor-version":[{"id":10949,"href":"https:\/\/lafourcadefanclub.com\/sitio\/wp-json\/wp\/v2\/pages\/6443\/revisions\/10949"}],"up":[{"embeddable":true,"href":"https:\/\/lafourcadefanclub.com\/sitio\/wp-json\/wp\/v2\/pages\/6156"}],"wp:featuredmedia":[{"embeddable":true,"href":"https:\/\/lafourcadefanclub.com\/sitio\/wp-json\/wp\/v2\/media\/6676"}],"wp:attachment":[{"href":"https:\/\/lafourcadefanclub.com\/sitio\/wp-json\/wp\/v2\/media?parent=6443"}],"curies":[{"name":"wp","href":"https:\/\/api.w.org\/{rel}","templated":true}]}}