{"id":6497,"date":"2017-01-01T23:45:27","date_gmt":"2017-01-02T05:45:27","guid":{"rendered":"http:\/\/lafourcadefanclub.com\/sitio\/?page_id=6497"},"modified":"2017-01-02T01:46:11","modified_gmt":"2017-01-02T07:46:11","slug":"busca-un-problema","status":"publish","type":"page","link":"https:\/\/lafourcadefanclub.com\/sitio\/videoteca\/music-videos\/busca-un-problema\/","title":{"rendered":"Busca un problema [Video]"},"content":{"rendered":"<p><img loading=\"lazy\" src=\"http:\/\/lafourcadefanclub.com\/sitio\/wp-content\/uploads\/2017\/01\/video-natalia-lafourcade-busca-problema.jpg\" alt=\"video-natalia-lafourcade-busca-problema\" width=\"1366\" height=\"768\" class=\"alignnone size-full wp-image-6456\" srcset=\"https:\/\/lafourcadefanclub.com\/sitio\/wp-content\/uploads\/2017\/01\/video-natalia-lafourcade-busca-problema.jpg 1366w, https:\/\/lafourcadefanclub.com\/sitio\/wp-content\/uploads\/2017\/01\/video-natalia-lafourcade-busca-problema-300x169.jpg 300w, https:\/\/lafourcadefanclub.com\/sitio\/wp-content\/uploads\/2017\/01\/video-natalia-lafourcade-busca-problema-1024x576.jpg 1024w, https:\/\/lafourcadefanclub.com\/sitio\/wp-content\/uploads\/2017\/01\/video-natalia-lafourcade-busca-problema-768x432.jpg 768w, https:\/\/lafourcadefanclub.com\/sitio\/wp-content\/uploads\/2017\/01\/video-natalia-lafourcade-busca-problema-640x360.jpg 640w, https:\/\/lafourcadefanclub.com\/sitio\/wp-content\/uploads\/2017\/01\/video-natalia-lafourcade-busca-problema-980x551.jpg 980w\" sizes=\"(max-width: 1366px) 100vw, 1366px\" \/><\/p>\n<p>Tema: &#8220;Busca un problema&#8221;<br \/>\nDirecci\u00f3n y Realizaci\u00f3n: Christian Murg\u00eda<br \/>\n&#8220;Busca un problema&#8221; aparece en el \u00e1lbum &#8220;Natalia Lafourcade&#8221;.<br \/>\n\u2117 2002 Sony Music Entertainment M\u00e9xico, S.A. de C.V.<\/p>\n<p><iframe class=\"video\" src=\"https:\/\/www.youtube.com\/embed\/ZAQzJ0RtUQ4?rel=0&#038;showinfo=0&#038;theme=light&#038;autoplay=1\" frameborder=\"0\" allowfullscreen><\/iframe><\/p>\n<p>Artista invitado: Juan Manuel Torreblanca de Torreblanca<\/p>\n<p><a href=\"https:\/\/www.youtube.com\/watch?v=aUKAlcoDujY\" target=\"_blank\">Ver &#8220;Detr\u00e1s de c\u00e1maras&#8221;<\/a><\/p>\n","protected":false},"excerpt":{"rendered":"<p>Tema: &#8220;Busca un problema&#8221; Direcci\u00f3n y Realizaci\u00f3n: Christian Murg\u00eda &#8220;Busca un problema&#8221; aparece en el \u00e1lbum &#8220;Natalia Lafourcade&#8221;. \u2117 2002 Sony Music Entertainment M\u00e9xico, S.A. de C.V. Artista invitado: Juan Manuel Torreblanca de Torreblanca Ver &#8220;Detr\u00e1s de c\u00e1maras&#8221;<\/p>\n","protected":false},"author":1,"featured_media":6456,"parent":6443,"menu_order":0,"comment_status":"closed","ping_status":"closed","template":"","meta":[],"_links":{"self":[{"href":"https:\/\/lafourcadefanclub.com\/sitio\/wp-json\/wp\/v2\/pages\/6497"}],"collection":[{"href":"https:\/\/lafourcadefanclub.com\/sitio\/wp-json\/wp\/v2\/pages"}],"about":[{"href":"https:\/\/lafourcadefanclub.com\/sitio\/wp-json\/wp\/v2\/types\/page"}],"author":[{"embeddable":true,"href":"https:\/\/lafourcadefanclub.com\/sitio\/wp-json\/wp\/v2\/users\/1"}],"replies":[{"embeddable":true,"href":"https:\/\/lafourcadefanclub.com\/sitio\/wp-json\/wp\/v2\/comments?post=6497"}],"version-history":[{"count":6,"href":"https:\/\/lafourcadefanclub.com\/sitio\/wp-json\/wp\/v2\/pages\/6497\/revisions"}],"predecessor-version":[{"id":6567,"href":"https:\/\/lafourcadefanclub.com\/sitio\/wp-json\/wp\/v2\/pages\/6497\/revisions\/6567"}],"up":[{"embeddable":true,"href":"https:\/\/lafourcadefanclub.com\/sitio\/wp-json\/wp\/v2\/pages\/6443"}],"wp:featuredmedia":[{"embeddable":true,"href":"https:\/\/lafourcadefanclub.com\/sitio\/wp-json\/wp\/v2\/media\/6456"}],"wp:attachment":[{"href":"https:\/\/lafourcadefanclub.com\/sitio\/wp-json\/wp\/v2\/media?parent=6497"}],"curies":[{"name":"wp","href":"https:\/\/api.w.org\/{rel}","templated":true}]}}