{"id":6508,"date":"2017-01-02T00:14:03","date_gmt":"2017-01-02T06:14:03","guid":{"rendered":"http:\/\/lafourcadefanclub.com\/sitio\/?page_id=6508"},"modified":"2017-01-02T00:14:13","modified_gmt":"2017-01-02T06:14:13","slug":"elefantes","status":"publish","type":"page","link":"https:\/\/lafourcadefanclub.com\/sitio\/videoteca\/music-videos\/elefantes\/","title":{"rendered":"Elefantes [Video]"},"content":{"rendered":"<p><img loading=\"lazy\" src=\"http:\/\/lafourcadefanclub.com\/sitio\/wp-content\/uploads\/2017\/01\/video-natalia-lafourcade-elefantes-japon.jpg\" alt=\"video-natalia-lafourcade-elefantes-japon\" width=\"1366\" height=\"768\" class=\"alignnone size-full wp-image-6465\" srcset=\"https:\/\/lafourcadefanclub.com\/sitio\/wp-content\/uploads\/2017\/01\/video-natalia-lafourcade-elefantes-japon.jpg 1366w, https:\/\/lafourcadefanclub.com\/sitio\/wp-content\/uploads\/2017\/01\/video-natalia-lafourcade-elefantes-japon-300x169.jpg 300w, https:\/\/lafourcadefanclub.com\/sitio\/wp-content\/uploads\/2017\/01\/video-natalia-lafourcade-elefantes-japon-1024x576.jpg 1024w, https:\/\/lafourcadefanclub.com\/sitio\/wp-content\/uploads\/2017\/01\/video-natalia-lafourcade-elefantes-japon-768x432.jpg 768w, https:\/\/lafourcadefanclub.com\/sitio\/wp-content\/uploads\/2017\/01\/video-natalia-lafourcade-elefantes-japon-640x360.jpg 640w, https:\/\/lafourcadefanclub.com\/sitio\/wp-content\/uploads\/2017\/01\/video-natalia-lafourcade-elefantes-japon-980x551.jpg 980w\" sizes=\"(max-width: 1366px) 100vw, 1366px\" \/><\/p>\n<p>Tema: &#8220;Elefantes&#8221;<br \/>\nDirecci\u00f3n y Realizaci\u00f3n: Felipe G\u00f3mez<br \/>\n&#8220;Elefantes&#8221; aparece en el \u00e1lbum &#8220;Natalia Lafourcade&#8221;.<br \/>\n\u2117 2003 Sony Music Entertainment M\u00e9xico, S.A. de C.V.<\/p>\n<p><iframe src=\"https:\/\/player.vimeo.com\/video\/190626935\" class=\"video\" frameborder=\"0\" webkitallowfullscreen mozallowfullscreen allowfullscreen><\/iframe><\/p>\n","protected":false},"excerpt":{"rendered":"<p>Tema: &#8220;Elefantes&#8221; Direcci\u00f3n y Realizaci\u00f3n: Felipe G\u00f3mez &#8220;Elefantes&#8221; aparece en el \u00e1lbum &#8220;Natalia Lafourcade&#8221;. \u2117 2003 Sony Music Entertainment M\u00e9xico, S.A. de C.V.<\/p>\n","protected":false},"author":1,"featured_media":6465,"parent":6443,"menu_order":0,"comment_status":"closed","ping_status":"closed","template":"","meta":[],"_links":{"self":[{"href":"https:\/\/lafourcadefanclub.com\/sitio\/wp-json\/wp\/v2\/pages\/6508"}],"collection":[{"href":"https:\/\/lafourcadefanclub.com\/sitio\/wp-json\/wp\/v2\/pages"}],"about":[{"href":"https:\/\/lafourcadefanclub.com\/sitio\/wp-json\/wp\/v2\/types\/page"}],"author":[{"embeddable":true,"href":"https:\/\/lafourcadefanclub.com\/sitio\/wp-json\/wp\/v2\/users\/1"}],"replies":[{"embeddable":true,"href":"https:\/\/lafourcadefanclub.com\/sitio\/wp-json\/wp\/v2\/comments?post=6508"}],"version-history":[{"count":2,"href":"https:\/\/lafourcadefanclub.com\/sitio\/wp-json\/wp\/v2\/pages\/6508\/revisions"}],"predecessor-version":[{"id":6510,"href":"https:\/\/lafourcadefanclub.com\/sitio\/wp-json\/wp\/v2\/pages\/6508\/revisions\/6510"}],"up":[{"embeddable":true,"href":"https:\/\/lafourcadefanclub.com\/sitio\/wp-json\/wp\/v2\/pages\/6443"}],"wp:featuredmedia":[{"embeddable":true,"href":"https:\/\/lafourcadefanclub.com\/sitio\/wp-json\/wp\/v2\/media\/6465"}],"wp:attachment":[{"href":"https:\/\/lafourcadefanclub.com\/sitio\/wp-json\/wp\/v2\/media?parent=6508"}],"curies":[{"name":"wp","href":"https:\/\/api.w.org\/{rel}","templated":true}]}}