{"id":6514,"date":"2017-01-02T00:22:23","date_gmt":"2017-01-02T06:22:23","guid":{"rendered":"http:\/\/lafourcadefanclub.com\/sitio\/?page_id=6514"},"modified":"2017-01-02T01:06:25","modified_gmt":"2017-01-02T07:06:25","slug":"ser-humano","status":"publish","type":"page","link":"https:\/\/lafourcadefanclub.com\/sitio\/videoteca\/music-videos\/ser-humano\/","title":{"rendered":"Ser humano [Video]"},"content":{"rendered":"<p><img loading=\"lazy\" src=\"http:\/\/lafourcadefanclub.com\/sitio\/wp-content\/uploads\/2017\/01\/video-natalia-lafourcade-forquetina-ser-humano.jpg\" alt=\"video-natalia-lafourcade-forquetina-ser-humano\" width=\"1366\" height=\"768\" class=\"alignnone size-full wp-image-6474\" srcset=\"https:\/\/lafourcadefanclub.com\/sitio\/wp-content\/uploads\/2017\/01\/video-natalia-lafourcade-forquetina-ser-humano.jpg 1366w, https:\/\/lafourcadefanclub.com\/sitio\/wp-content\/uploads\/2017\/01\/video-natalia-lafourcade-forquetina-ser-humano-300x169.jpg 300w, https:\/\/lafourcadefanclub.com\/sitio\/wp-content\/uploads\/2017\/01\/video-natalia-lafourcade-forquetina-ser-humano-1024x576.jpg 1024w, https:\/\/lafourcadefanclub.com\/sitio\/wp-content\/uploads\/2017\/01\/video-natalia-lafourcade-forquetina-ser-humano-768x432.jpg 768w, https:\/\/lafourcadefanclub.com\/sitio\/wp-content\/uploads\/2017\/01\/video-natalia-lafourcade-forquetina-ser-humano-640x360.jpg 640w, https:\/\/lafourcadefanclub.com\/sitio\/wp-content\/uploads\/2017\/01\/video-natalia-lafourcade-forquetina-ser-humano-980x551.jpg 980w\" sizes=\"(max-width: 1366px) 100vw, 1366px\" \/><\/p>\n<p>Tema: &#8220;Ser humano&#8221;<br \/>\nDirecci\u00f3n y Realizaci\u00f3n: Rodrigo Vald\u00e9z y Alejandro Ramos<br \/>\nProducci\u00f3n: The Maestros<br \/>\n&#8220;Ser humano&#8221; aparece en el \u00e1lbum &#8220;Casa&#8221;.<br \/>\n\u2117 2005 Sony BMG Music Entertainment (M\u00e9xico), S.A. de C.V.<\/p>\n<p><iframe class=\"video\" src=\"https:\/\/www.youtube.com\/embed\/kB1qGauKNbU?rel=0&#038;showinfo=0&#038;theme=light&#038;autoplay=1\" frameborder=\"0\" allowfullscreen><\/iframe><\/p>\n<p><a href=\"https:\/\/www.youtube.com\/watch?v=GOKagh_zi3w\" target=\"_blank\">Ver &#8220;Detr\u00e1s de c\u00e1maras&#8221;<\/a><\/p>\n","protected":false},"excerpt":{"rendered":"<p>Tema: &#8220;Ser humano&#8221; Direcci\u00f3n y Realizaci\u00f3n: Rodrigo Vald\u00e9z y Alejandro Ramos Producci\u00f3n: The Maestros &#8220;Ser humano&#8221; aparece en el \u00e1lbum &#8220;Casa&#8221;. \u2117 2005 Sony BMG Music Entertainment (M\u00e9xico), S.A. de C.V. Ver &#8220;Detr\u00e1s de c\u00e1maras&#8221;<\/p>\n","protected":false},"author":1,"featured_media":6474,"parent":6443,"menu_order":0,"comment_status":"closed","ping_status":"closed","template":"","meta":[],"_links":{"self":[{"href":"https:\/\/lafourcadefanclub.com\/sitio\/wp-json\/wp\/v2\/pages\/6514"}],"collection":[{"href":"https:\/\/lafourcadefanclub.com\/sitio\/wp-json\/wp\/v2\/pages"}],"about":[{"href":"https:\/\/lafourcadefanclub.com\/sitio\/wp-json\/wp\/v2\/types\/page"}],"author":[{"embeddable":true,"href":"https:\/\/lafourcadefanclub.com\/sitio\/wp-json\/wp\/v2\/users\/1"}],"replies":[{"embeddable":true,"href":"https:\/\/lafourcadefanclub.com\/sitio\/wp-json\/wp\/v2\/comments?post=6514"}],"version-history":[{"count":4,"href":"https:\/\/lafourcadefanclub.com\/sitio\/wp-json\/wp\/v2\/pages\/6514\/revisions"}],"predecessor-version":[{"id":6550,"href":"https:\/\/lafourcadefanclub.com\/sitio\/wp-json\/wp\/v2\/pages\/6514\/revisions\/6550"}],"up":[{"embeddable":true,"href":"https:\/\/lafourcadefanclub.com\/sitio\/wp-json\/wp\/v2\/pages\/6443"}],"wp:featuredmedia":[{"embeddable":true,"href":"https:\/\/lafourcadefanclub.com\/sitio\/wp-json\/wp\/v2\/media\/6474"}],"wp:attachment":[{"href":"https:\/\/lafourcadefanclub.com\/sitio\/wp-json\/wp\/v2\/media?parent=6514"}],"curies":[{"name":"wp","href":"https:\/\/api.w.org\/{rel}","templated":true}]}}