{"id":6568,"date":"2017-01-02T01:49:21","date_gmt":"2017-01-02T07:49:21","guid":{"rendered":"http:\/\/lafourcadefanclub.com\/sitio\/?page_id=6568"},"modified":"2017-01-02T01:53:03","modified_gmt":"2017-01-02T07:53:03","slug":"en-el-2000-forquetina-visita-la-tierra","status":"publish","type":"page","link":"https:\/\/lafourcadefanclub.com\/sitio\/videoteca\/music-videos\/en-el-2000-forquetina-visita-la-tierra\/","title":{"rendered":"En el 2000 [Video] &#8211; Forquetina visita la tierra"},"content":{"rendered":"<p><img loading=\"lazy\" src=\"http:\/\/lafourcadefanclub.com\/sitio\/wp-content\/uploads\/2017\/01\/video-natalia-lafourcade-en-el-2000-quinceanera-xv-anos-visita-tierra-02.jpg\" alt=\"video-natalia-lafourcade-en-el-2000-quinceanera-xv-anos-visita-tierra-02\" width=\"1366\" height=\"768\" class=\"alignnone size-full wp-image-6471\" srcset=\"https:\/\/lafourcadefanclub.com\/sitio\/wp-content\/uploads\/2017\/01\/video-natalia-lafourcade-en-el-2000-quinceanera-xv-anos-visita-tierra-02.jpg 1366w, https:\/\/lafourcadefanclub.com\/sitio\/wp-content\/uploads\/2017\/01\/video-natalia-lafourcade-en-el-2000-quinceanera-xv-anos-visita-tierra-02-300x169.jpg 300w, https:\/\/lafourcadefanclub.com\/sitio\/wp-content\/uploads\/2017\/01\/video-natalia-lafourcade-en-el-2000-quinceanera-xv-anos-visita-tierra-02-1024x576.jpg 1024w, https:\/\/lafourcadefanclub.com\/sitio\/wp-content\/uploads\/2017\/01\/video-natalia-lafourcade-en-el-2000-quinceanera-xv-anos-visita-tierra-02-768x432.jpg 768w, https:\/\/lafourcadefanclub.com\/sitio\/wp-content\/uploads\/2017\/01\/video-natalia-lafourcade-en-el-2000-quinceanera-xv-anos-visita-tierra-02-640x360.jpg 640w, https:\/\/lafourcadefanclub.com\/sitio\/wp-content\/uploads\/2017\/01\/video-natalia-lafourcade-en-el-2000-quinceanera-xv-anos-visita-tierra-02-980x551.jpg 980w\" sizes=\"(max-width: 1366px) 100vw, 1366px\" \/><\/p>\n<p>Tema: &#8220;En el 2000&#8221; &#8211; Forquetina visita la tierra<br \/>\nDirecci\u00f3n y Realizaci\u00f3n: Fernando Eimbcke<br \/>\n&#8220;En el 2000&#8221; aparece en el \u00e1lbum &#8220;Natalia Lafourcade&#8221;.<br \/>\n\u2117 2002 Sony Music Entertainment M\u00e9xico, S.A. de C.V.<\/p>\n<p><iframe class=\"video\" src=\"https:\/\/www.youtube.com\/embed\/Xqr-Ku5EaGE?rel=0&#038;showinfo=0&#038;theme=light&#038;autoplay=1\" frameborder=\"0\" allowfullscreen><\/iframe><\/p>\n<p>Actriz invitada: Alejandra Gollas<\/p>\n","protected":false},"excerpt":{"rendered":"<p>Tema: &#8220;En el 2000&#8221; &#8211; Forquetina visita la tierra Direcci\u00f3n y Realizaci\u00f3n: Fernando Eimbcke &#8220;En el 2000&#8221; aparece en el \u00e1lbum &#8220;Natalia Lafourcade&#8221;. \u2117 2002 Sony Music Entertainment M\u00e9xico, S.A. de C.V. Actriz invitada: Alejandra Gollas<\/p>\n","protected":false},"author":1,"featured_media":6471,"parent":6443,"menu_order":0,"comment_status":"closed","ping_status":"closed","template":"","meta":[],"_links":{"self":[{"href":"https:\/\/lafourcadefanclub.com\/sitio\/wp-json\/wp\/v2\/pages\/6568"}],"collection":[{"href":"https:\/\/lafourcadefanclub.com\/sitio\/wp-json\/wp\/v2\/pages"}],"about":[{"href":"https:\/\/lafourcadefanclub.com\/sitio\/wp-json\/wp\/v2\/types\/page"}],"author":[{"embeddable":true,"href":"https:\/\/lafourcadefanclub.com\/sitio\/wp-json\/wp\/v2\/users\/1"}],"replies":[{"embeddable":true,"href":"https:\/\/lafourcadefanclub.com\/sitio\/wp-json\/wp\/v2\/comments?post=6568"}],"version-history":[{"count":2,"href":"https:\/\/lafourcadefanclub.com\/sitio\/wp-json\/wp\/v2\/pages\/6568\/revisions"}],"predecessor-version":[{"id":6570,"href":"https:\/\/lafourcadefanclub.com\/sitio\/wp-json\/wp\/v2\/pages\/6568\/revisions\/6570"}],"up":[{"embeddable":true,"href":"https:\/\/lafourcadefanclub.com\/sitio\/wp-json\/wp\/v2\/pages\/6443"}],"wp:featuredmedia":[{"embeddable":true,"href":"https:\/\/lafourcadefanclub.com\/sitio\/wp-json\/wp\/v2\/media\/6471"}],"wp:attachment":[{"href":"https:\/\/lafourcadefanclub.com\/sitio\/wp-json\/wp\/v2\/media?parent=6568"}],"curies":[{"name":"wp","href":"https:\/\/api.w.org\/{rel}","templated":true}]}}