{"id":6574,"date":"2017-01-02T02:09:14","date_gmt":"2017-01-02T08:09:14","guid":{"rendered":"http:\/\/lafourcadefanclub.com\/sitio\/?page_id=6574"},"modified":"2017-01-02T02:11:53","modified_gmt":"2017-01-02T08:11:53","slug":"nunca-es-suficiente","status":"publish","type":"page","link":"https:\/\/lafourcadefanclub.com\/sitio\/videoteca\/music-videos\/nunca-es-suficiente\/","title":{"rendered":"Nunca es suficiente [Video]"},"content":{"rendered":"<p><img loading=\"lazy\" src=\"http:\/\/lafourcadefanclub.com\/sitio\/wp-content\/uploads\/2017\/01\/video-natalia-lafourcade-nunca-suficiente-tenoch.jpg\" alt=\"video-natalia-lafourcade-nunca-suficiente-tenoch\" width=\"1366\" height=\"768\" class=\"alignnone size-full wp-image-6491\" srcset=\"https:\/\/lafourcadefanclub.com\/sitio\/wp-content\/uploads\/2017\/01\/video-natalia-lafourcade-nunca-suficiente-tenoch.jpg 1366w, https:\/\/lafourcadefanclub.com\/sitio\/wp-content\/uploads\/2017\/01\/video-natalia-lafourcade-nunca-suficiente-tenoch-300x169.jpg 300w, https:\/\/lafourcadefanclub.com\/sitio\/wp-content\/uploads\/2017\/01\/video-natalia-lafourcade-nunca-suficiente-tenoch-1024x576.jpg 1024w, https:\/\/lafourcadefanclub.com\/sitio\/wp-content\/uploads\/2017\/01\/video-natalia-lafourcade-nunca-suficiente-tenoch-768x432.jpg 768w, https:\/\/lafourcadefanclub.com\/sitio\/wp-content\/uploads\/2017\/01\/video-natalia-lafourcade-nunca-suficiente-tenoch-640x360.jpg 640w, https:\/\/lafourcadefanclub.com\/sitio\/wp-content\/uploads\/2017\/01\/video-natalia-lafourcade-nunca-suficiente-tenoch-980x551.jpg 980w\" sizes=\"(max-width: 1366px) 100vw, 1366px\" \/><\/p>\n<p>Tema: &#8220;Nunca es suficiente&#8221;<br \/>\nDirecci\u00f3n: Mart\u00edn Bautista<br \/>\nRealizaci\u00f3n: Arturo Fincowsky y Roberto Reynoso<br \/>\n&#8220;Nunca es suficiente&#8221; aparece en el \u00e1lbum &#8220;Hasta la ra\u00edz&#8221;.<br \/>\n\u2117 2015 Sony Music Entertainment M\u00e9xico, S.A. de C.V.<\/p>\n<p><iframe class=\"video\" src=\"https:\/\/www.youtube.com\/embed\/410cZw2YI0g?rel=0&#038;showinfo=0&#038;theme=light&#038;autoplay=1\" frameborder=\"0\" allowfullscreen><\/iframe><\/p>\n<p>Actores invitados: Tenoch Huerta, Gustavo S\u00e1nchez Parra y Diana Lein.<\/p>\n<p><a href=\"https:\/\/www.youtube.com\/watch?v=Ge1TgueQv1c\" target=\"_blank\">Ver &#8220;Detr\u00e1s de c\u00e1maras&#8221;<\/a><\/p>\n","protected":false},"excerpt":{"rendered":"<p>Tema: &#8220;Nunca es suficiente&#8221; Direcci\u00f3n: Mart\u00edn Bautista Realizaci\u00f3n: Arturo Fincowsky y Roberto Reynoso &#8220;Nunca es suficiente&#8221; aparece en el \u00e1lbum &#8220;Hasta la ra\u00edz&#8221;. \u2117 2015 Sony Music Entertainment M\u00e9xico, S.A. de C.V. Actores invitados: Tenoch Huerta, Gustavo S\u00e1nchez Parra y Diana Lein. Ver &#8220;Detr\u00e1s de c\u00e1maras&#8221;<\/p>\n","protected":false},"author":1,"featured_media":6491,"parent":6443,"menu_order":0,"comment_status":"closed","ping_status":"closed","template":"","meta":[],"_links":{"self":[{"href":"https:\/\/lafourcadefanclub.com\/sitio\/wp-json\/wp\/v2\/pages\/6574"}],"collection":[{"href":"https:\/\/lafourcadefanclub.com\/sitio\/wp-json\/wp\/v2\/pages"}],"about":[{"href":"https:\/\/lafourcadefanclub.com\/sitio\/wp-json\/wp\/v2\/types\/page"}],"author":[{"embeddable":true,"href":"https:\/\/lafourcadefanclub.com\/sitio\/wp-json\/wp\/v2\/users\/1"}],"replies":[{"embeddable":true,"href":"https:\/\/lafourcadefanclub.com\/sitio\/wp-json\/wp\/v2\/comments?post=6574"}],"version-history":[{"count":2,"href":"https:\/\/lafourcadefanclub.com\/sitio\/wp-json\/wp\/v2\/pages\/6574\/revisions"}],"predecessor-version":[{"id":6577,"href":"https:\/\/lafourcadefanclub.com\/sitio\/wp-json\/wp\/v2\/pages\/6574\/revisions\/6577"}],"up":[{"embeddable":true,"href":"https:\/\/lafourcadefanclub.com\/sitio\/wp-json\/wp\/v2\/pages\/6443"}],"wp:featuredmedia":[{"embeddable":true,"href":"https:\/\/lafourcadefanclub.com\/sitio\/wp-json\/wp\/v2\/media\/6491"}],"wp:attachment":[{"href":"https:\/\/lafourcadefanclub.com\/sitio\/wp-json\/wp\/v2\/media?parent=6574"}],"curies":[{"name":"wp","href":"https:\/\/api.w.org\/{rel}","templated":true}]}}