{"id":6581,"date":"2017-01-02T02:17:33","date_gmt":"2017-01-02T08:17:33","guid":{"rendered":"http:\/\/lafourcadefanclub.com\/sitio\/?page_id=6581"},"modified":"2017-01-02T02:18:59","modified_gmt":"2017-01-02T08:18:59","slug":"lo-que-construimos","status":"publish","type":"page","link":"https:\/\/lafourcadefanclub.com\/sitio\/videoteca\/music-videos\/lo-que-construimos\/","title":{"rendered":"Lo que construimos [Video]"},"content":{"rendered":"<p><img loading=\"lazy\" src=\"http:\/\/lafourcadefanclub.com\/sitio\/wp-content\/uploads\/2017\/01\/video-natalia-lafourcade-lo-que-construimos.jpg\" alt=\"video-natalia-lafourcade-lo-que-construimos\" width=\"1366\" height=\"768\" class=\"alignnone size-full wp-image-6483\" srcset=\"https:\/\/lafourcadefanclub.com\/sitio\/wp-content\/uploads\/2017\/01\/video-natalia-lafourcade-lo-que-construimos.jpg 1366w, https:\/\/lafourcadefanclub.com\/sitio\/wp-content\/uploads\/2017\/01\/video-natalia-lafourcade-lo-que-construimos-300x169.jpg 300w, https:\/\/lafourcadefanclub.com\/sitio\/wp-content\/uploads\/2017\/01\/video-natalia-lafourcade-lo-que-construimos-1024x576.jpg 1024w, https:\/\/lafourcadefanclub.com\/sitio\/wp-content\/uploads\/2017\/01\/video-natalia-lafourcade-lo-que-construimos-768x432.jpg 768w, https:\/\/lafourcadefanclub.com\/sitio\/wp-content\/uploads\/2017\/01\/video-natalia-lafourcade-lo-que-construimos-640x360.jpg 640w, https:\/\/lafourcadefanclub.com\/sitio\/wp-content\/uploads\/2017\/01\/video-natalia-lafourcade-lo-que-construimos-980x551.jpg 980w\" sizes=\"(max-width: 1366px) 100vw, 1366px\" \/><\/p>\n<p>Tema: &#8220;Lo que construimos&#8221;<br \/>\nDirecci\u00f3n: Alonso Ruiz Palacios<br \/>\nRealizaci\u00f3n: Giordo Ganem y Daniela Dom\u00ednguez<br \/>\n&#8220;Lo que construimos&#8221; aparece en el \u00e1lbum &#8220;Hasta la ra\u00edz&#8221;.<br \/>\n\u2117 2015 Sony Music Entertainment M\u00e9xico, S.A. de C.V.<\/p>\n<p><iframe class=\"video\" src=\"https:\/\/www.youtube.com\/embed\/RS6CRP_OoQA?rel=0&#038;showinfo=0&#038;theme=light&#038;autoplay=1\" frameborder=\"0\" allowfullscreen><\/iframe><\/p>\n<p><a href=\"https:\/\/www.youtube.com\/watch?v=c-tokWClY6A\" target=\"_blank\">Ver &#8220;Detr\u00e1s de c\u00e1maras&#8221;<\/a><\/p>\n","protected":false},"excerpt":{"rendered":"<p>Tema: &#8220;Lo que construimos&#8221; Direcci\u00f3n: Alonso Ruiz Palacios Realizaci\u00f3n: Giordo Ganem y Daniela Dom\u00ednguez &#8220;Lo que construimos&#8221; aparece en el \u00e1lbum &#8220;Hasta la ra\u00edz&#8221;. \u2117 2015 Sony Music Entertainment M\u00e9xico, S.A. de C.V. Ver &#8220;Detr\u00e1s de c\u00e1maras&#8221;<\/p>\n","protected":false},"author":1,"featured_media":6483,"parent":6443,"menu_order":0,"comment_status":"closed","ping_status":"closed","template":"","meta":[],"_links":{"self":[{"href":"https:\/\/lafourcadefanclub.com\/sitio\/wp-json\/wp\/v2\/pages\/6581"}],"collection":[{"href":"https:\/\/lafourcadefanclub.com\/sitio\/wp-json\/wp\/v2\/pages"}],"about":[{"href":"https:\/\/lafourcadefanclub.com\/sitio\/wp-json\/wp\/v2\/types\/page"}],"author":[{"embeddable":true,"href":"https:\/\/lafourcadefanclub.com\/sitio\/wp-json\/wp\/v2\/users\/1"}],"replies":[{"embeddable":true,"href":"https:\/\/lafourcadefanclub.com\/sitio\/wp-json\/wp\/v2\/comments?post=6581"}],"version-history":[{"count":2,"href":"https:\/\/lafourcadefanclub.com\/sitio\/wp-json\/wp\/v2\/pages\/6581\/revisions"}],"predecessor-version":[{"id":6583,"href":"https:\/\/lafourcadefanclub.com\/sitio\/wp-json\/wp\/v2\/pages\/6581\/revisions\/6583"}],"up":[{"embeddable":true,"href":"https:\/\/lafourcadefanclub.com\/sitio\/wp-json\/wp\/v2\/pages\/6443"}],"wp:featuredmedia":[{"embeddable":true,"href":"https:\/\/lafourcadefanclub.com\/sitio\/wp-json\/wp\/v2\/media\/6483"}],"wp:attachment":[{"href":"https:\/\/lafourcadefanclub.com\/sitio\/wp-json\/wp\/v2\/media?parent=6581"}],"curies":[{"name":"wp","href":"https:\/\/api.w.org\/{rel}","templated":true}]}}