{"id":6593,"date":"2017-01-02T02:43:53","date_gmt":"2017-01-02T08:43:53","guid":{"rendered":"http:\/\/lafourcadefanclub.com\/sitio\/?page_id=6593"},"modified":"2025-05-14T08:26:14","modified_gmt":"2025-05-14T14:26:14","slug":"cuarto-encima","status":"publish","type":"page","link":"https:\/\/lafourcadefanclub.com\/sitio\/videoteca\/music-videos\/cuarto-encima\/","title":{"rendered":"Cuarto encima [Video]"},"content":{"rendered":"<p><img loading=\"lazy\" src=\"http:\/\/lafourcadefanclub.com\/sitio\/wp-content\/uploads\/2017\/01\/video-natalia-lafourcade-cuarto-encima.jpg\" alt=\"video-natalia-lafourcade-cuarto-encima\" width=\"1366\" height=\"768\" class=\"alignnone size-full wp-image-6460\" srcset=\"https:\/\/lafourcadefanclub.com\/sitio\/wp-content\/uploads\/2017\/01\/video-natalia-lafourcade-cuarto-encima.jpg 1366w, https:\/\/lafourcadefanclub.com\/sitio\/wp-content\/uploads\/2017\/01\/video-natalia-lafourcade-cuarto-encima-300x169.jpg 300w, https:\/\/lafourcadefanclub.com\/sitio\/wp-content\/uploads\/2017\/01\/video-natalia-lafourcade-cuarto-encima-1024x576.jpg 1024w, https:\/\/lafourcadefanclub.com\/sitio\/wp-content\/uploads\/2017\/01\/video-natalia-lafourcade-cuarto-encima-768x432.jpg 768w, https:\/\/lafourcadefanclub.com\/sitio\/wp-content\/uploads\/2017\/01\/video-natalia-lafourcade-cuarto-encima-640x360.jpg 640w, https:\/\/lafourcadefanclub.com\/sitio\/wp-content\/uploads\/2017\/01\/video-natalia-lafourcade-cuarto-encima-980x551.jpg 980w\" sizes=\"(max-width: 1366px) 100vw, 1366px\" \/><\/p>\n<p>Tema: &#8220;Cuarto encima&#8221;<br \/>\nDirecci\u00f3n: Natalia Lafourcade<br \/>\nRealizaci\u00f3n: H\u00e9ctor Amavizca, Roc\u00edo Riquer y Edna G\u00f3mez.<br \/>\nProducci\u00f3n: Turnerama<br \/>\n&#8220;Cuarto encima&#8221; aparece en el \u00e1lbum &#8220;Casa&#8221;.<br \/>\n\u2117 2005 Sony Music Entertainment M\u00e9xico, S.A. de C.V.<\/p>\n<p><iframe class=\"video\" src=\"https:\/\/www.youtube.com\/embed\/PySgNgyviD0?rel=0&#038;showinfo=0&#038;theme=light&#038;autoplay=1\" frameborder=\"0\" allowfullscreen><\/iframe><\/p>\n","protected":false},"excerpt":{"rendered":"<p>Tema: &#8220;Cuarto encima&#8221; Direcci\u00f3n: Natalia Lafourcade Realizaci\u00f3n: H\u00e9ctor Amavizca, Roc\u00edo Riquer y Edna G\u00f3mez. Producci\u00f3n: Turnerama &#8220;Cuarto encima&#8221; aparece en el \u00e1lbum &#8220;Casa&#8221;. \u2117 2005 Sony Music Entertainment M\u00e9xico, S.A. de C.V.<\/p>\n","protected":false},"author":1,"featured_media":6460,"parent":6443,"menu_order":0,"comment_status":"closed","ping_status":"closed","template":"","meta":[],"_links":{"self":[{"href":"https:\/\/lafourcadefanclub.com\/sitio\/wp-json\/wp\/v2\/pages\/6593"}],"collection":[{"href":"https:\/\/lafourcadefanclub.com\/sitio\/wp-json\/wp\/v2\/pages"}],"about":[{"href":"https:\/\/lafourcadefanclub.com\/sitio\/wp-json\/wp\/v2\/types\/page"}],"author":[{"embeddable":true,"href":"https:\/\/lafourcadefanclub.com\/sitio\/wp-json\/wp\/v2\/users\/1"}],"replies":[{"embeddable":true,"href":"https:\/\/lafourcadefanclub.com\/sitio\/wp-json\/wp\/v2\/comments?post=6593"}],"version-history":[{"count":3,"href":"https:\/\/lafourcadefanclub.com\/sitio\/wp-json\/wp\/v2\/pages\/6593\/revisions"}],"predecessor-version":[{"id":10944,"href":"https:\/\/lafourcadefanclub.com\/sitio\/wp-json\/wp\/v2\/pages\/6593\/revisions\/10944"}],"up":[{"embeddable":true,"href":"https:\/\/lafourcadefanclub.com\/sitio\/wp-json\/wp\/v2\/pages\/6443"}],"wp:featuredmedia":[{"embeddable":true,"href":"https:\/\/lafourcadefanclub.com\/sitio\/wp-json\/wp\/v2\/media\/6460"}],"wp:attachment":[{"href":"https:\/\/lafourcadefanclub.com\/sitio\/wp-json\/wp\/v2\/media?parent=6593"}],"curies":[{"name":"wp","href":"https:\/\/api.w.org\/{rel}","templated":true}]}}