{"id":6639,"date":"2017-01-08T23:30:26","date_gmt":"2017-01-09T05:30:26","guid":{"rendered":"http:\/\/lafourcadefanclub.com\/sitio\/?page_id=6639"},"modified":"2017-01-09T00:04:28","modified_gmt":"2017-01-09T06:04:28","slug":"nos-llevamos-tan-bien","status":"publish","type":"page","link":"https:\/\/lafourcadefanclub.com\/sitio\/videoteca\/music-videos\/nos-llevamos-tan-bien\/","title":{"rendered":"Nos llevamos tan bien [Video] &#8211; con Mariel Mariel"},"content":{"rendered":"<p><img loading=\"lazy\" src=\"http:\/\/lafourcadefanclub.com\/sitio\/wp-content\/uploads\/2017\/01\/video-natalia-lafourcade-nos-llevamos-tan-bien-mariel.jpg\" alt=\"video-natalia-lafourcade-nos-llevamos-tan-bien-mariel\" width=\"1366\" height=\"768\" class=\"alignnone size-full wp-image-6488\" srcset=\"https:\/\/lafourcadefanclub.com\/sitio\/wp-content\/uploads\/2017\/01\/video-natalia-lafourcade-nos-llevamos-tan-bien-mariel.jpg 1366w, https:\/\/lafourcadefanclub.com\/sitio\/wp-content\/uploads\/2017\/01\/video-natalia-lafourcade-nos-llevamos-tan-bien-mariel-300x169.jpg 300w, https:\/\/lafourcadefanclub.com\/sitio\/wp-content\/uploads\/2017\/01\/video-natalia-lafourcade-nos-llevamos-tan-bien-mariel-1024x576.jpg 1024w, https:\/\/lafourcadefanclub.com\/sitio\/wp-content\/uploads\/2017\/01\/video-natalia-lafourcade-nos-llevamos-tan-bien-mariel-768x432.jpg 768w, https:\/\/lafourcadefanclub.com\/sitio\/wp-content\/uploads\/2017\/01\/video-natalia-lafourcade-nos-llevamos-tan-bien-mariel-640x360.jpg 640w, https:\/\/lafourcadefanclub.com\/sitio\/wp-content\/uploads\/2017\/01\/video-natalia-lafourcade-nos-llevamos-tan-bien-mariel-980x551.jpg 980w\" sizes=\"(max-width: 1366px) 100vw, 1366px\" \/><\/p>\n<p>Tema: &#8220;Nos llevamos tan bien&#8221; de Mariel Mariel<br \/>\nDirecci\u00f3n y Realizaci\u00f3n: Benjam\u00edn Estrada<br \/>\nProducci\u00f3n: Ni\u00f1os Perdidos<br \/>\n&#8220;Nos llevamos tan bien&#8221; aparece en el \u00e1lbum &#8220;Nos llevamos tan bien&#8221;.<br \/>\n\u2117 2012 Mariel Mariel Music.<\/p>\n<p><iframe class=\"video\" src=\"https:\/\/www.youtube.com\/embed\/EoPYM4FE31M?rel=0&#038;showinfo=0&#038;theme=light&#038;autoplay=1\" frameborder=\"0\" allowfullscreen><\/iframe><\/p>\n","protected":false},"excerpt":{"rendered":"<p>Tema: &#8220;Nos llevamos tan bien&#8221; de Mariel Mariel Direcci\u00f3n y Realizaci\u00f3n: Benjam\u00edn Estrada Producci\u00f3n: Ni\u00f1os Perdidos &#8220;Nos llevamos tan bien&#8221; aparece en el \u00e1lbum &#8220;Nos llevamos tan bien&#8221;. \u2117 2012 Mariel Mariel Music.<\/p>\n","protected":false},"author":1,"featured_media":6488,"parent":6443,"menu_order":0,"comment_status":"closed","ping_status":"closed","template":"","meta":[],"_links":{"self":[{"href":"https:\/\/lafourcadefanclub.com\/sitio\/wp-json\/wp\/v2\/pages\/6639"}],"collection":[{"href":"https:\/\/lafourcadefanclub.com\/sitio\/wp-json\/wp\/v2\/pages"}],"about":[{"href":"https:\/\/lafourcadefanclub.com\/sitio\/wp-json\/wp\/v2\/types\/page"}],"author":[{"embeddable":true,"href":"https:\/\/lafourcadefanclub.com\/sitio\/wp-json\/wp\/v2\/users\/1"}],"replies":[{"embeddable":true,"href":"https:\/\/lafourcadefanclub.com\/sitio\/wp-json\/wp\/v2\/comments?post=6639"}],"version-history":[{"count":3,"href":"https:\/\/lafourcadefanclub.com\/sitio\/wp-json\/wp\/v2\/pages\/6639\/revisions"}],"predecessor-version":[{"id":6666,"href":"https:\/\/lafourcadefanclub.com\/sitio\/wp-json\/wp\/v2\/pages\/6639\/revisions\/6666"}],"up":[{"embeddable":true,"href":"https:\/\/lafourcadefanclub.com\/sitio\/wp-json\/wp\/v2\/pages\/6443"}],"wp:featuredmedia":[{"embeddable":true,"href":"https:\/\/lafourcadefanclub.com\/sitio\/wp-json\/wp\/v2\/media\/6488"}],"wp:attachment":[{"href":"https:\/\/lafourcadefanclub.com\/sitio\/wp-json\/wp\/v2\/media?parent=6639"}],"curies":[{"name":"wp","href":"https:\/\/api.w.org\/{rel}","templated":true}]}}