{"id":6657,"date":"2017-01-08T23:59:17","date_gmt":"2017-01-09T05:59:17","guid":{"rendered":"http:\/\/lafourcadefanclub.com\/sitio\/?page_id=6657"},"modified":"2017-01-08T23:59:32","modified_gmt":"2017-01-09T05:59:32","slug":"el-apostador","status":"publish","type":"page","link":"https:\/\/lafourcadefanclub.com\/sitio\/videoteca\/music-videos\/el-apostador\/","title":{"rendered":"El apostador [Video] &#8211; con Control Machete"},"content":{"rendered":"<p><img loading=\"lazy\" src=\"http:\/\/lafourcadefanclub.com\/sitio\/wp-content\/uploads\/2017\/01\/video-natalia-lafourcade-apostador-control-machete.jpg\" alt=\"video-natalia-lafourcade-apostador-control-machete\" width=\"1366\" height=\"768\" class=\"alignnone size-full wp-image-6448\" srcset=\"https:\/\/lafourcadefanclub.com\/sitio\/wp-content\/uploads\/2017\/01\/video-natalia-lafourcade-apostador-control-machete.jpg 1366w, https:\/\/lafourcadefanclub.com\/sitio\/wp-content\/uploads\/2017\/01\/video-natalia-lafourcade-apostador-control-machete-300x169.jpg 300w, https:\/\/lafourcadefanclub.com\/sitio\/wp-content\/uploads\/2017\/01\/video-natalia-lafourcade-apostador-control-machete-1024x576.jpg 1024w, https:\/\/lafourcadefanclub.com\/sitio\/wp-content\/uploads\/2017\/01\/video-natalia-lafourcade-apostador-control-machete-768x432.jpg 768w, https:\/\/lafourcadefanclub.com\/sitio\/wp-content\/uploads\/2017\/01\/video-natalia-lafourcade-apostador-control-machete-640x360.jpg 640w, https:\/\/lafourcadefanclub.com\/sitio\/wp-content\/uploads\/2017\/01\/video-natalia-lafourcade-apostador-control-machete-980x551.jpg 980w\" sizes=\"(max-width: 1366px) 100vw, 1366px\" \/><\/p>\n<p>Tema: &#8220;El apostador&#8221; de Control Machete<br \/>\nDirecci\u00f3n: Sergio Moreno, Josu\u00e9 Candia y Mario Videgaray<br \/>\nProducci\u00f3n: Artetoboggan<br \/>\n&#8220;El apostador&#8221; aparece en el \u00e1lbum &#8220;Uno, dos: Bandera&#8221;.<br \/>\n\u2117 2003 Universal Music M\u00e9xico, S.A. de C.V.<\/p>\n<p><iframe src=\"https:\/\/player.vimeo.com\/video\/193779333\" class=\"video\" frameborder=\"0\" webkitallowfullscreen mozallowfullscreen allowfullscreen><\/iframe><\/p>\n","protected":false},"excerpt":{"rendered":"<p>Tema: &#8220;El apostador&#8221; de Control Machete Direcci\u00f3n: Sergio Moreno, Josu\u00e9 Candia y Mario Videgaray Producci\u00f3n: Artetoboggan &#8220;El apostador&#8221; aparece en el \u00e1lbum &#8220;Uno, dos: Bandera&#8221;. \u2117 2003 Universal Music M\u00e9xico, S.A. de C.V.<\/p>\n","protected":false},"author":1,"featured_media":6448,"parent":6443,"menu_order":0,"comment_status":"closed","ping_status":"closed","template":"","meta":[],"_links":{"self":[{"href":"https:\/\/lafourcadefanclub.com\/sitio\/wp-json\/wp\/v2\/pages\/6657"}],"collection":[{"href":"https:\/\/lafourcadefanclub.com\/sitio\/wp-json\/wp\/v2\/pages"}],"about":[{"href":"https:\/\/lafourcadefanclub.com\/sitio\/wp-json\/wp\/v2\/types\/page"}],"author":[{"embeddable":true,"href":"https:\/\/lafourcadefanclub.com\/sitio\/wp-json\/wp\/v2\/users\/1"}],"replies":[{"embeddable":true,"href":"https:\/\/lafourcadefanclub.com\/sitio\/wp-json\/wp\/v2\/comments?post=6657"}],"version-history":[{"count":2,"href":"https:\/\/lafourcadefanclub.com\/sitio\/wp-json\/wp\/v2\/pages\/6657\/revisions"}],"predecessor-version":[{"id":6659,"href":"https:\/\/lafourcadefanclub.com\/sitio\/wp-json\/wp\/v2\/pages\/6657\/revisions\/6659"}],"up":[{"embeddable":true,"href":"https:\/\/lafourcadefanclub.com\/sitio\/wp-json\/wp\/v2\/pages\/6443"}],"wp:featuredmedia":[{"embeddable":true,"href":"https:\/\/lafourcadefanclub.com\/sitio\/wp-json\/wp\/v2\/media\/6448"}],"wp:attachment":[{"href":"https:\/\/lafourcadefanclub.com\/sitio\/wp-json\/wp\/v2\/media?parent=6657"}],"curies":[{"name":"wp","href":"https:\/\/api.w.org\/{rel}","templated":true}]}}