{"id":6710,"date":"2017-01-13T13:59:56","date_gmt":"2017-01-13T19:59:56","guid":{"rendered":"http:\/\/lafourcadefanclub.com\/sitio\/?page_id=6710"},"modified":"2017-01-13T14:00:06","modified_gmt":"2017-01-13T20:00:06","slug":"tuve-para-dar","status":"publish","type":"page","link":"https:\/\/lafourcadefanclub.com\/sitio\/videoteca\/aparicion-especial\/tuve-para-dar\/","title":{"rendered":"Tuve para dar (2012)"},"content":{"rendered":"<p><img loading=\"lazy\" src=\"http:\/\/lafourcadefanclub.com\/sitio\/wp-content\/uploads\/2017\/01\/video-aparicion-julieta-venegas-tuve-para-dar-momentos-01.jpg\" alt=\"video-aparicion-julieta-venegas-tuve-para-dar-momentos-01\" width=\"1366\" height=\"768\" class=\"alignnone size-full wp-image-6713\" srcset=\"https:\/\/lafourcadefanclub.com\/sitio\/wp-content\/uploads\/2017\/01\/video-aparicion-julieta-venegas-tuve-para-dar-momentos-01.jpg 1366w, https:\/\/lafourcadefanclub.com\/sitio\/wp-content\/uploads\/2017\/01\/video-aparicion-julieta-venegas-tuve-para-dar-momentos-01-300x169.jpg 300w, https:\/\/lafourcadefanclub.com\/sitio\/wp-content\/uploads\/2017\/01\/video-aparicion-julieta-venegas-tuve-para-dar-momentos-01-1024x576.jpg 1024w, https:\/\/lafourcadefanclub.com\/sitio\/wp-content\/uploads\/2017\/01\/video-aparicion-julieta-venegas-tuve-para-dar-momentos-01-768x432.jpg 768w, https:\/\/lafourcadefanclub.com\/sitio\/wp-content\/uploads\/2017\/01\/video-aparicion-julieta-venegas-tuve-para-dar-momentos-01-640x360.jpg 640w, https:\/\/lafourcadefanclub.com\/sitio\/wp-content\/uploads\/2017\/01\/video-aparicion-julieta-venegas-tuve-para-dar-momentos-01-980x551.jpg 980w\" sizes=\"(max-width: 1366px) 100vw, 1366px\" \/><\/p>\n<p>Interprete: Julieta Venegas<br \/>\nCanci\u00f3n: &#8220;Tuve para dar&#8221;<br \/>\n\u00c1lbum: Los momentos<br \/>\nA\u00f1o: 2012<br \/>\n\u2117 2012 Sony Music Entertainment, S.A. de C.V.<\/p>\n<p><iframe class=\"video\" src=\"https:\/\/www.youtube.com\/embed\/tkJc1VuJti8?rel=0&#038;showinfo=0&#038;theme=light&#038;autoplay=1\" frameborder=\"0\" allowfullscreen><\/iframe><\/p>\n","protected":false},"excerpt":{"rendered":"<p>Interprete: Julieta Venegas Canci\u00f3n: &#8220;Tuve para dar&#8221; \u00c1lbum: Los momentos A\u00f1o: 2012 \u2117 2012 Sony Music Entertainment, S.A. de C.V.<\/p>\n","protected":false},"author":1,"featured_media":0,"parent":6679,"menu_order":0,"comment_status":"closed","ping_status":"closed","template":"","meta":[],"_links":{"self":[{"href":"https:\/\/lafourcadefanclub.com\/sitio\/wp-json\/wp\/v2\/pages\/6710"}],"collection":[{"href":"https:\/\/lafourcadefanclub.com\/sitio\/wp-json\/wp\/v2\/pages"}],"about":[{"href":"https:\/\/lafourcadefanclub.com\/sitio\/wp-json\/wp\/v2\/types\/page"}],"author":[{"embeddable":true,"href":"https:\/\/lafourcadefanclub.com\/sitio\/wp-json\/wp\/v2\/users\/1"}],"replies":[{"embeddable":true,"href":"https:\/\/lafourcadefanclub.com\/sitio\/wp-json\/wp\/v2\/comments?post=6710"}],"version-history":[{"count":2,"href":"https:\/\/lafourcadefanclub.com\/sitio\/wp-json\/wp\/v2\/pages\/6710\/revisions"}],"predecessor-version":[{"id":6715,"href":"https:\/\/lafourcadefanclub.com\/sitio\/wp-json\/wp\/v2\/pages\/6710\/revisions\/6715"}],"up":[{"embeddable":true,"href":"https:\/\/lafourcadefanclub.com\/sitio\/wp-json\/wp\/v2\/pages\/6679"}],"wp:attachment":[{"href":"https:\/\/lafourcadefanclub.com\/sitio\/wp-json\/wp\/v2\/media?parent=6710"}],"curies":[{"name":"wp","href":"https:\/\/api.w.org\/{rel}","templated":true}]}}