{"id":6812,"date":"2017-01-13T18:17:02","date_gmt":"2017-01-14T00:17:02","guid":{"rendered":"http:\/\/lafourcadefanclub.com\/sitio\/?page_id=6812"},"modified":"2017-01-15T01:51:24","modified_gmt":"2017-01-15T07:51:24","slug":"suelo","status":"publish","type":"page","link":"https:\/\/lafourcadefanclub.com\/sitio\/letras\/casa\/suelo\/","title":{"rendered":"Letra: Suelo"},"content":{"rendered":"<p>Letra: Mar\u00eda Natalia Lafourcade Silva \/ Juan Manuel Torreblanca Becerra Acosta<br \/>\nM\u00fasica: Alonso Cort\u00e9s V\u00e1zquez \/ C\u00e9sar Augusto G\u00f3mez Chanona \/ Mar\u00eda Natalia Lafourcade Silva \/ Adolfo Yunu\u00e9n Viveros Caldera<br \/>\nEditora: EMI Musical, S.A. de C.V. \/ Universal Music Publishing MGB M\u00e9xico, S.A. de C.V.<br \/>\nDirecci\u00f3n\/Realizaci\u00f3n: Emmanuel del Real<\/p>\n<p><img loading=\"lazy\" src=\"http:\/\/lafourcadefanclub.com\/sitio\/wp-content\/uploads\/2012\/05\/00-Casa-iTunes-Deluxe-Cover-300x300.jpg\" alt=\"Natalia Lafourcade y La Forquetina - Casa\" width=\"300\" height=\"300\" class=\"alignnone size-medium wp-image-5624\" srcset=\"https:\/\/lafourcadefanclub.com\/sitio\/wp-content\/uploads\/2012\/05\/00-Casa-iTunes-Deluxe-Cover-300x300.jpg 300w, https:\/\/lafourcadefanclub.com\/sitio\/wp-content\/uploads\/2012\/05\/00-Casa-iTunes-Deluxe-Cover-150x150.jpg 150w, https:\/\/lafourcadefanclub.com\/sitio\/wp-content\/uploads\/2012\/05\/00-Casa-iTunes-Deluxe-Cover.jpg 600w\" sizes=\"(max-width: 300px) 100vw, 300px\" \/><\/p>\n<p>Rosas<br \/>\nEn el suelo<br \/>\nY las letras andan escondidas<br \/>\nMi\u00e9rcoles<br \/>\nNo de cine<br \/>\nCorro siempre tras los sentimientos<\/p>\n<p>M\u00edrame<br \/>\nQued\u00e9 en el suelo y<br \/>\nNo puedo levantarme<br \/>\nEl reloj<br \/>\nSigue avanzando y yo<br \/>\nNo quiero levantarme<\/p>\n<p>Globos<br \/>\nEn la calle<br \/>\nY los ni\u00f1os juegan con burbujas<br \/>\nDe repente<br \/>\nSe desaparecen<br \/>\nY mi coraz\u00f3n se pone d\u00e9bil<br \/>\nPor tu culpa<\/p>\n<p>M\u00edrame<br \/>\nQued\u00e9 en el suelo y<br \/>\nNo puedo levantarme<br \/>\nEl reloj<br \/>\nSigue avanzando y yo<br \/>\nNo quiero levantarme<\/p>\n<p>Las estrellas del lugar<br \/>\nColman la melancolia<br \/>\nPuedes rescatarme ya<br \/>\nDe este infierno de oficina<\/p>\n<p>Las estrellas del lugar<br \/>\n(Algo se escondi\u00f3 aqu\u00ed adentro)<br \/>\nColman la melancol\u00eda<br \/>\n(Cierro las cortinas)<br \/>\nPuedes rescatarme ya<br \/>\n(Ya soy polvo caf\u00e9 en un rinc\u00f3n)<br \/>\nDe este infierno de oficina&#8230;.<\/p>\n<p>Todo el color se me fue de la piel<br \/>\nPero no me importa pronto ser\u00e1s t\u00fa<\/p>\n<p><iframe class=\"video\" src=\"https:\/\/www.youtube.com\/embed\/75DcuiQ6z0c?rel=0&#038;showinfo=0&#038;theme=light&#038;autoplay=1\" frameborder=\"0\" allowfullscreen><\/iframe><\/p>\n","protected":false},"excerpt":{"rendered":"<p>Letra: Mar\u00eda Natalia Lafourcade Silva \/ Juan Manuel Torreblanca Becerra Acosta M\u00fasica: Alonso Cort\u00e9s V\u00e1zquez \/ C\u00e9sar Augusto G\u00f3mez Chanona \/ Mar\u00eda Natalia Lafourcade Silva \/ Adolfo Yunu\u00e9n Viveros Caldera Editora: EMI Musical, S.A. de C.V. \/ Universal Music Publishing MGB M\u00e9xico, S.A. de C.V. Direcci\u00f3n\/Realizaci\u00f3n: Emmanuel del Real Rosas En el suelo Y las [&hellip;]<\/p>\n","protected":false},"author":1,"featured_media":0,"parent":5625,"menu_order":0,"comment_status":"closed","ping_status":"closed","template":"","meta":[],"_links":{"self":[{"href":"https:\/\/lafourcadefanclub.com\/sitio\/wp-json\/wp\/v2\/pages\/6812"}],"collection":[{"href":"https:\/\/lafourcadefanclub.com\/sitio\/wp-json\/wp\/v2\/pages"}],"about":[{"href":"https:\/\/lafourcadefanclub.com\/sitio\/wp-json\/wp\/v2\/types\/page"}],"author":[{"embeddable":true,"href":"https:\/\/lafourcadefanclub.com\/sitio\/wp-json\/wp\/v2\/users\/1"}],"replies":[{"embeddable":true,"href":"https:\/\/lafourcadefanclub.com\/sitio\/wp-json\/wp\/v2\/comments?post=6812"}],"version-history":[{"count":4,"href":"https:\/\/lafourcadefanclub.com\/sitio\/wp-json\/wp\/v2\/pages\/6812\/revisions"}],"predecessor-version":[{"id":6947,"href":"https:\/\/lafourcadefanclub.com\/sitio\/wp-json\/wp\/v2\/pages\/6812\/revisions\/6947"}],"up":[{"embeddable":true,"href":"https:\/\/lafourcadefanclub.com\/sitio\/wp-json\/wp\/v2\/pages\/5625"}],"wp:attachment":[{"href":"https:\/\/lafourcadefanclub.com\/sitio\/wp-json\/wp\/v2\/media?parent=6812"}],"curies":[{"name":"wp","href":"https:\/\/api.w.org\/{rel}","templated":true}]}}