{"id":6815,"date":"2017-01-13T18:26:42","date_gmt":"2017-01-14T00:26:42","guid":{"rendered":"http:\/\/lafourcadefanclub.com\/sitio\/?page_id=6815"},"modified":"2017-01-15T01:52:11","modified_gmt":"2017-01-15T07:52:11","slug":"en-direccion-contraria","status":"publish","type":"page","link":"https:\/\/lafourcadefanclub.com\/sitio\/letras\/casa\/en-direccion-contraria\/","title":{"rendered":"Letra: En direcci\u00f3n contraria"},"content":{"rendered":"<p>Letra: Mar\u00eda Natalia Lafourcade Silva<br \/>\nM\u00fasica: Alonso Cort\u00e9s V\u00e1zquez \/ C\u00e9sar Augusto G\u00f3mez Chanona \/ Mar\u00eda Natalia Lafourcade Silva \/ Adolfo Yunu\u00e9n Viveros Caldera<br \/>\nEditora: EMI Musical, S.A. de C.V. \/ Universal Music Publishing MGB M\u00e9xico, S.A. de C.V.<br \/>\nDirecci\u00f3n\/Realizaci\u00f3n: Aureo Baqueiro<\/p>\n<p><img loading=\"lazy\" src=\"http:\/\/lafourcadefanclub.com\/sitio\/wp-content\/uploads\/2012\/05\/00-Casa-iTunes-Deluxe-Cover-300x300.jpg\" alt=\"Natalia Lafourcade y La Forquetina - Casa\" width=\"300\" height=\"300\" class=\"alignnone size-medium wp-image-5624\" srcset=\"https:\/\/lafourcadefanclub.com\/sitio\/wp-content\/uploads\/2012\/05\/00-Casa-iTunes-Deluxe-Cover-300x300.jpg 300w, https:\/\/lafourcadefanclub.com\/sitio\/wp-content\/uploads\/2012\/05\/00-Casa-iTunes-Deluxe-Cover-150x150.jpg 150w, https:\/\/lafourcadefanclub.com\/sitio\/wp-content\/uploads\/2012\/05\/00-Casa-iTunes-Deluxe-Cover.jpg 600w\" sizes=\"(max-width: 300px) 100vw, 300px\" \/><\/p>\n<p>Tengo<br \/>\nUn sabor amargo<br \/>\nEn la boca<\/p>\n<p>Mientras<br \/>\nEl mundo gira<br \/>\nMis pies se detienen<\/p>\n<p>Doy la vuelta y camino<br \/>\nEn direcci\u00f3n contraria<br \/>\nDoy la vuelta y mis piernas<br \/>\nSe sienten libres<\/p>\n<p>Y la noche sabe bien<br \/>\nQue los sonidos<br \/>\nCubren mis o\u00eddos<br \/>\nY entre migajas de mi ser<br \/>\nVoy reconstruyendo mi destino<\/p>\n<p>Tengo helada la piel<br \/>\nLa memoria se va despu\u00e9s<\/p>\n<p>Tengo<br \/>\nEntre mis manos<br \/>\nEl pasado<\/p>\n<p>Mientras<br \/>\nLos \u00e1rboles miran<br \/>\nMe r\u00edo de la vida<\/p>\n<p>Muestran el camino, donde debo ir<br \/>\nVoy tirando los recuerdos&#8230;<\/p>\n<p>Y la noche sabe bien<br \/>\nQue los sonidos<br \/>\nCubren mis o\u00eddos<br \/>\nY entre migajas de mi ser<br \/>\nVoy reconstruyendo mi destino<\/p>\n<p>Tengo helada la piel<br \/>\nLa memoria se va despu\u00e9s&#8230;<\/p>\n<p>Tengo helada la piel<br \/>\nLa memoria se va despu\u00e9s<\/p>\n<p><iframe class=\"video\" src=\"https:\/\/www.youtube.com\/embed\/mhLTbNOsngE?rel=0&#038;showinfo=0&#038;theme=light&#038;autoplay=1\" frameborder=\"0\" allowfullscreen><\/iframe><\/p>\n","protected":false},"excerpt":{"rendered":"<p>Letra: Mar\u00eda Natalia Lafourcade Silva M\u00fasica: Alonso Cort\u00e9s V\u00e1zquez \/ C\u00e9sar Augusto G\u00f3mez Chanona \/ Mar\u00eda Natalia Lafourcade Silva \/ Adolfo Yunu\u00e9n Viveros Caldera Editora: EMI Musical, S.A. de C.V. \/ Universal Music Publishing MGB M\u00e9xico, S.A. de C.V. Direcci\u00f3n\/Realizaci\u00f3n: Aureo Baqueiro Tengo Un sabor amargo En la boca Mientras El mundo gira Mis pies [&hellip;]<\/p>\n","protected":false},"author":1,"featured_media":0,"parent":5625,"menu_order":0,"comment_status":"closed","ping_status":"closed","template":"","meta":[],"_links":{"self":[{"href":"https:\/\/lafourcadefanclub.com\/sitio\/wp-json\/wp\/v2\/pages\/6815"}],"collection":[{"href":"https:\/\/lafourcadefanclub.com\/sitio\/wp-json\/wp\/v2\/pages"}],"about":[{"href":"https:\/\/lafourcadefanclub.com\/sitio\/wp-json\/wp\/v2\/types\/page"}],"author":[{"embeddable":true,"href":"https:\/\/lafourcadefanclub.com\/sitio\/wp-json\/wp\/v2\/users\/1"}],"replies":[{"embeddable":true,"href":"https:\/\/lafourcadefanclub.com\/sitio\/wp-json\/wp\/v2\/comments?post=6815"}],"version-history":[{"count":5,"href":"https:\/\/lafourcadefanclub.com\/sitio\/wp-json\/wp\/v2\/pages\/6815\/revisions"}],"predecessor-version":[{"id":6948,"href":"https:\/\/lafourcadefanclub.com\/sitio\/wp-json\/wp\/v2\/pages\/6815\/revisions\/6948"}],"up":[{"embeddable":true,"href":"https:\/\/lafourcadefanclub.com\/sitio\/wp-json\/wp\/v2\/pages\/5625"}],"wp:attachment":[{"href":"https:\/\/lafourcadefanclub.com\/sitio\/wp-json\/wp\/v2\/media?parent=6815"}],"curies":[{"name":"wp","href":"https:\/\/api.w.org\/{rel}","templated":true}]}}