{"id":6828,"date":"2017-01-13T19:09:17","date_gmt":"2017-01-14T01:09:17","guid":{"rendered":"http:\/\/lafourcadefanclub.com\/sitio\/?page_id=6828"},"modified":"2017-01-17T21:41:18","modified_gmt":"2017-01-18T03:41:18","slug":"con-las-hojas-las-hormigas","status":"publish","type":"page","link":"https:\/\/lafourcadefanclub.com\/sitio\/letras\/casa\/con-las-hojas-las-hormigas\/","title":{"rendered":"Letra: Con las hojas las hormigas"},"content":{"rendered":"<p>Letra: Mar\u00eda Natalia Lafourcade Silva<br \/>\nM\u00fasica: Alonso Cort\u00e9s V\u00e1zquez \/ C\u00e9sar Augusto G\u00f3mez Chanona \/ Mar\u00eda Natalia Lafourcade Silva \/ Adolfo Yunu\u00e9n Viveros Caldera<br \/>\nEditora: EMI Musical, S.A. de C.V. \/ Universal Music Publishing MGB M\u00e9xico, S.A. de C.V.<br \/>\nDirecci\u00f3n\/Realizaci\u00f3n: Aureo Baqueiro<\/p>\n<p><img loading=\"lazy\" src=\"http:\/\/lafourcadefanclub.com\/sitio\/wp-content\/uploads\/2012\/05\/00-Casa-iTunes-Deluxe-Cover-300x300.jpg\" alt=\"Natalia Lafourcade y La Forquetina - Casa\" width=\"300\" height=\"300\" class=\"alignnone size-medium wp-image-5624\" srcset=\"https:\/\/lafourcadefanclub.com\/sitio\/wp-content\/uploads\/2012\/05\/00-Casa-iTunes-Deluxe-Cover-300x300.jpg 300w, https:\/\/lafourcadefanclub.com\/sitio\/wp-content\/uploads\/2012\/05\/00-Casa-iTunes-Deluxe-Cover-150x150.jpg 150w, https:\/\/lafourcadefanclub.com\/sitio\/wp-content\/uploads\/2012\/05\/00-Casa-iTunes-Deluxe-Cover.jpg 600w\" sizes=\"(max-width: 300px) 100vw, 300px\" \/><\/p>\n<p>Estoy<br \/>\nAqu\u00ed<br \/>\nCon las hojas las hormigas<br \/>\nEspero tu llegada aqu\u00ed sentada en un jard\u00edn<\/p>\n<p>Tal vez<br \/>\nVendr\u00e1s<br \/>\nNo hay sentido en la espera<\/p>\n<p>Tal vez<br \/>\nNo llegar\u00e1s<br \/>\nY te voy a esperar<\/p>\n<p>El sol<br \/>\nMis pies<br \/>\nSe han calentado tanto<br \/>\nEspero bajo el cielo para verte sonre\u00edr<\/p>\n<p>Para<br \/>\nVerte<br \/>\nComo comes con las manos<\/p>\n<p>Y estar<br \/>\nA tus pies<br \/>\nQuiero verte y serte fiel<\/p>\n<p>El sol recorre el cielo y pido que se pare el tiempo<br \/>\nConspira universo para que me llegue el amor<\/p>\n<p>El sol recorre el cielo, se ha perdido la imaginaci\u00f3n<br \/>\nAhora tiene vida en el cuento, que he compuesto yo.<\/p>\n<p>La, la&#8230;<\/p>\n<p>Estoy<br \/>\nAqu\u00ed con las mariposas rojas<br \/>\nEspero bajo el cielo y el cielo es azul<br \/>\nSi vienes te dar\u00e9<br \/>\nUna canci\u00f3n y una paleta<br \/>\nY si no llegas es<br \/>\nPorque no debe ser<\/p>\n<p>La, la&#8230;<\/p>\n<p><iframe class=\"video\" src=\"https:\/\/www.youtube.com\/embed\/nNwTtLjdeHU?rel=0&#038;showinfo=0&#038;theme=light&#038;autoplay=1\" frameborder=\"0\" allowfullscreen><\/iframe><\/p>\n","protected":false},"excerpt":{"rendered":"<p>Letra: Mar\u00eda Natalia Lafourcade Silva M\u00fasica: Alonso Cort\u00e9s V\u00e1zquez \/ C\u00e9sar Augusto G\u00f3mez Chanona \/ Mar\u00eda Natalia Lafourcade Silva \/ Adolfo Yunu\u00e9n Viveros Caldera Editora: EMI Musical, S.A. de C.V. \/ Universal Music Publishing MGB M\u00e9xico, S.A. de C.V. Direcci\u00f3n\/Realizaci\u00f3n: Aureo Baqueiro Estoy Aqu\u00ed Con las hojas las hormigas Espero tu llegada aqu\u00ed sentada en [&hellip;]<\/p>\n","protected":false},"author":1,"featured_media":0,"parent":5625,"menu_order":0,"comment_status":"closed","ping_status":"closed","template":"","meta":[],"_links":{"self":[{"href":"https:\/\/lafourcadefanclub.com\/sitio\/wp-json\/wp\/v2\/pages\/6828"}],"collection":[{"href":"https:\/\/lafourcadefanclub.com\/sitio\/wp-json\/wp\/v2\/pages"}],"about":[{"href":"https:\/\/lafourcadefanclub.com\/sitio\/wp-json\/wp\/v2\/types\/page"}],"author":[{"embeddable":true,"href":"https:\/\/lafourcadefanclub.com\/sitio\/wp-json\/wp\/v2\/users\/1"}],"replies":[{"embeddable":true,"href":"https:\/\/lafourcadefanclub.com\/sitio\/wp-json\/wp\/v2\/comments?post=6828"}],"version-history":[{"count":4,"href":"https:\/\/lafourcadefanclub.com\/sitio\/wp-json\/wp\/v2\/pages\/6828\/revisions"}],"predecessor-version":[{"id":6952,"href":"https:\/\/lafourcadefanclub.com\/sitio\/wp-json\/wp\/v2\/pages\/6828\/revisions\/6952"}],"up":[{"embeddable":true,"href":"https:\/\/lafourcadefanclub.com\/sitio\/wp-json\/wp\/v2\/pages\/5625"}],"wp:attachment":[{"href":"https:\/\/lafourcadefanclub.com\/sitio\/wp-json\/wp\/v2\/media?parent=6828"}],"curies":[{"name":"wp","href":"https:\/\/api.w.org\/{rel}","templated":true}]}}