{"id":6834,"date":"2017-01-13T19:28:53","date_gmt":"2017-01-14T01:28:53","guid":{"rendered":"http:\/\/lafourcadefanclub.com\/sitio\/?page_id=6834"},"modified":"2017-01-15T01:56:34","modified_gmt":"2017-01-15T07:56:34","slug":"cuando-todo-cambia","status":"publish","type":"page","link":"https:\/\/lafourcadefanclub.com\/sitio\/letras\/casa\/cuando-todo-cambia\/","title":{"rendered":"Letra: Cuando todo cambia"},"content":{"rendered":"<p>Letra: Mar\u00eda Natalia Lafourcade Silva<br \/>\nM\u00fasica: Alonso Cort\u00e9s V\u00e1zquez \/ C\u00e9sar Augusto G\u00f3mez Chanona \/ Mar\u00eda Natalia Lafourcade Silva \/ Adolfo Yunu\u00e9n Viveros Caldera<br \/>\nEditora: EMI Musical, S.A. de C.V. \/ Universal Music Publishing MGB M\u00e9xico, S.A. de C.V.<br \/>\nDirecci\u00f3n\/Realizaci\u00f3n: Emmanuel del Real<\/p>\n<p><img loading=\"lazy\" src=\"http:\/\/lafourcadefanclub.com\/sitio\/wp-content\/uploads\/2012\/05\/00-Casa-iTunes-Deluxe-Cover-300x300.jpg\" alt=\"Natalia Lafourcade y La Forquetina - Casa\" width=\"300\" height=\"300\" class=\"alignnone size-medium wp-image-5624\" srcset=\"https:\/\/lafourcadefanclub.com\/sitio\/wp-content\/uploads\/2012\/05\/00-Casa-iTunes-Deluxe-Cover-300x300.jpg 300w, https:\/\/lafourcadefanclub.com\/sitio\/wp-content\/uploads\/2012\/05\/00-Casa-iTunes-Deluxe-Cover-150x150.jpg 150w, https:\/\/lafourcadefanclub.com\/sitio\/wp-content\/uploads\/2012\/05\/00-Casa-iTunes-Deluxe-Cover.jpg 600w\" sizes=\"(max-width: 300px) 100vw, 300px\" \/><\/p>\n<p>Cuando<br \/>\nTodo<br \/>\nCambia<br \/>\nDuele<\/p>\n<p>Limpio<br \/>\nVuelo<br \/>\nTan lejos<br \/>\nDonde pueda empezar de nuevo&#8230;<\/p>\n<p>Lo que<br \/>\nPinto<br \/>\nSi lloro<br \/>\nOlvido<br \/>\nCocino<br \/>\nPasteles de amor contigo<\/p>\n<p>La la&#8230;<\/p>\n<p>Soy todo<br \/>\nNo existo<br \/>\nEstoy vivo<br \/>\nY el libro<br \/>\nSe llena<br \/>\nDe letras porque el destino<br \/>\nQuiere grandes a sus hijos<\/p>\n<p>Soy todo<br \/>\nNo existo<br \/>\nEstoy vivo<br \/>\nContigo<br \/>\nY el libro<br \/>\nSe llena<br \/>\nDe letras porque el destino<br \/>\nQuiere grandes a sus hijos<\/p>\n<p><iframe class=\"video\" src=\"https:\/\/www.youtube.com\/embed\/OL08MFvsvs0?rel=0&#038;showinfo=0&#038;theme=light&#038;autoplay=1\" frameborder=\"0\" allowfullscreen><\/iframe><\/p>\n","protected":false},"excerpt":{"rendered":"<p>Letra: Mar\u00eda Natalia Lafourcade Silva M\u00fasica: Alonso Cort\u00e9s V\u00e1zquez \/ C\u00e9sar Augusto G\u00f3mez Chanona \/ Mar\u00eda Natalia Lafourcade Silva \/ Adolfo Yunu\u00e9n Viveros Caldera Editora: EMI Musical, S.A. de C.V. \/ Universal Music Publishing MGB M\u00e9xico, S.A. de C.V. Direcci\u00f3n\/Realizaci\u00f3n: Emmanuel del Real Cuando Todo Cambia Duele Limpio Vuelo Tan lejos Donde pueda empezar de [&hellip;]<\/p>\n","protected":false},"author":1,"featured_media":0,"parent":5625,"menu_order":0,"comment_status":"closed","ping_status":"closed","template":"","meta":[],"_links":{"self":[{"href":"https:\/\/lafourcadefanclub.com\/sitio\/wp-json\/wp\/v2\/pages\/6834"}],"collection":[{"href":"https:\/\/lafourcadefanclub.com\/sitio\/wp-json\/wp\/v2\/pages"}],"about":[{"href":"https:\/\/lafourcadefanclub.com\/sitio\/wp-json\/wp\/v2\/types\/page"}],"author":[{"embeddable":true,"href":"https:\/\/lafourcadefanclub.com\/sitio\/wp-json\/wp\/v2\/users\/1"}],"replies":[{"embeddable":true,"href":"https:\/\/lafourcadefanclub.com\/sitio\/wp-json\/wp\/v2\/comments?post=6834"}],"version-history":[{"count":4,"href":"https:\/\/lafourcadefanclub.com\/sitio\/wp-json\/wp\/v2\/pages\/6834\/revisions"}],"predecessor-version":[{"id":6955,"href":"https:\/\/lafourcadefanclub.com\/sitio\/wp-json\/wp\/v2\/pages\/6834\/revisions\/6955"}],"up":[{"embeddable":true,"href":"https:\/\/lafourcadefanclub.com\/sitio\/wp-json\/wp\/v2\/pages\/5625"}],"wp:attachment":[{"href":"https:\/\/lafourcadefanclub.com\/sitio\/wp-json\/wp\/v2\/media?parent=6834"}],"curies":[{"name":"wp","href":"https:\/\/api.w.org\/{rel}","templated":true}]}}