{"id":6838,"date":"2017-01-13T19:47:28","date_gmt":"2017-01-14T01:47:28","guid":{"rendered":"http:\/\/lafourcadefanclub.com\/sitio\/?page_id=6838"},"modified":"2017-01-15T01:56:10","modified_gmt":"2017-01-15T07:56:10","slug":"natalia-lafourcade","status":"publish","type":"page","link":"https:\/\/lafourcadefanclub.com\/sitio\/letras\/natalia-lafourcade\/","title":{"rendered":"Natalia Lafourcade: Letras"},"content":{"rendered":"<p><img loading=\"lazy\" src=\"http:\/\/lafourcadefanclub.com\/sitio\/wp-content\/uploads\/2017\/01\/natalia-lafourcade-2002-letras-300x300.jpg\" alt=\"natalia-lafourcade-2002-letras\" width=\"300\" height=\"300\" class=\"alignnone size-medium wp-image-6840\" srcset=\"https:\/\/lafourcadefanclub.com\/sitio\/wp-content\/uploads\/2017\/01\/natalia-lafourcade-2002-letras-300x300.jpg 300w, https:\/\/lafourcadefanclub.com\/sitio\/wp-content\/uploads\/2017\/01\/natalia-lafourcade-2002-letras-150x150.jpg 150w, https:\/\/lafourcadefanclub.com\/sitio\/wp-content\/uploads\/2017\/01\/natalia-lafourcade-2002-letras.jpg 600w\" sizes=\"(max-width: 300px) 100vw, 300px\" \/><\/p>\n<p>Busca un problema <a href=\"http:\/\/lafourcadefanclub.com\/sitio\/letras\/natalia-lafourcade\/busca-un-problema\/\">(Ver letra)<\/a><br \/>\nEn el 2000 <a href=\"http:\/\/lafourcadefanclub.com\/sitio\/letras\/natalia-lafourcade\/en-el-2000\/\">(Ver letra)<\/a><br \/>\nEl destino <a href=\"http:\/\/lafourcadefanclub.com\/sitio\/letras\/natalia-lafourcade\/el-destino\/\">(Ver letra)<\/a><br \/>\nMango <a href=\"http:\/\/lafourcadefanclub.com\/sitio\/letras\/natalia-lafourcade\/mango\/\">(Ver letra)<\/a><br \/>\nElefantes <a href=\"http:\/\/lafourcadefanclub.com\/sitio\/letras\/natalia-lafourcade\/elefantes\/\">(Ver letra)<\/a><br \/>\nOtra vez <a href=\"http:\/\/lafourcadefanclub.com\/sitio\/letras\/natalia-lafourcade\/otra-vez\/\">(Ver letra)<\/a><br \/>\nTe quiero dar <a href=\"http:\/\/lafourcadefanclub.com\/sitio\/letras\/natalia-lafourcade\/te-quiero-dar\/\">(Ver letra)<\/a><br \/>\nGeorgina <a href=\"http:\/\/lafourcadefanclub.com\/sitio\/letras\/natalia-lafourcade\/georgina\/\">(Ver letra)<\/a><br \/>\nM\u00edrame, m\u00edrate <a href=\"http:\/\/lafourcadefanclub.com\/sitio\/letras\/natalia-lafourcade\/mirame-mirate\/\">(Ver letra)<\/a><br \/>\nNoche divina <a href=\"http:\/\/lafourcadefanclub.com\/sitio\/letras\/natalia-lafourcade\/noche-divina\/\">(Ver letra)<\/a><br \/>\nMa\u00f1ana olvidar\u00e9 <a href=\"http:\/\/lafourcadefanclub.com\/sitio\/letras\/natalia-lafourcade\/manana-olvidare\/\">(Ver letra)<\/a><br \/>\nMango [Remix] <a href=\"http:\/\/lafourcadefanclub.com\/sitio\/letras\/natalia-lafourcade\/mango-remix\/\">(Ver letra)<\/a><br \/>\nElefantes [Ac\u00fastica] <a href=\"http:\/\/lafourcadefanclub.com\/sitio\/letras\/natalia-lafourcade\/elefantes-acustica\/\">(Ver letra)<\/a><\/p>\n<p><a href=\"http:\/\/lafourcadefanclub.com\/sitio\/letras\/\" title=\"Letras\"><< Regresar a LETRAS<\/a><\/p>\n","protected":false},"excerpt":{"rendered":"<p>Busca un problema (Ver letra) En el 2000 (Ver letra) El destino (Ver letra) Mango (Ver letra) Elefantes (Ver letra) Otra vez (Ver letra) Te quiero dar (Ver letra) Georgina (Ver letra) M\u00edrame, m\u00edrate (Ver letra) Noche divina (Ver letra) Ma\u00f1ana olvidar\u00e9 (Ver letra) Mango [Remix] (Ver letra) Elefantes [Ac\u00fastica] (Ver letra)<\/p>\n","protected":false},"author":1,"featured_media":0,"parent":803,"menu_order":0,"comment_status":"closed","ping_status":"closed","template":"","meta":[],"_links":{"self":[{"href":"https:\/\/lafourcadefanclub.com\/sitio\/wp-json\/wp\/v2\/pages\/6838"}],"collection":[{"href":"https:\/\/lafourcadefanclub.com\/sitio\/wp-json\/wp\/v2\/pages"}],"about":[{"href":"https:\/\/lafourcadefanclub.com\/sitio\/wp-json\/wp\/v2\/types\/page"}],"author":[{"embeddable":true,"href":"https:\/\/lafourcadefanclub.com\/sitio\/wp-json\/wp\/v2\/users\/1"}],"replies":[{"embeddable":true,"href":"https:\/\/lafourcadefanclub.com\/sitio\/wp-json\/wp\/v2\/comments?post=6838"}],"version-history":[{"count":10,"href":"https:\/\/lafourcadefanclub.com\/sitio\/wp-json\/wp\/v2\/pages\/6838\/revisions"}],"predecessor-version":[{"id":6954,"href":"https:\/\/lafourcadefanclub.com\/sitio\/wp-json\/wp\/v2\/pages\/6838\/revisions\/6954"}],"up":[{"embeddable":true,"href":"https:\/\/lafourcadefanclub.com\/sitio\/wp-json\/wp\/v2\/pages\/803"}],"wp:attachment":[{"href":"https:\/\/lafourcadefanclub.com\/sitio\/wp-json\/wp\/v2\/media?parent=6838"}],"curies":[{"name":"wp","href":"https:\/\/api.w.org\/{rel}","templated":true}]}}