{"id":6872,"date":"2017-01-14T16:26:37","date_gmt":"2017-01-14T22:26:37","guid":{"rendered":"http:\/\/lafourcadefanclub.com\/sitio\/?page_id=6872"},"modified":"2017-01-15T01:00:05","modified_gmt":"2017-01-15T07:00:05","slug":"el-destino","status":"publish","type":"page","link":"https:\/\/lafourcadefanclub.com\/sitio\/letras\/natalia-lafourcade\/el-destino\/","title":{"rendered":"Letra: El destino"},"content":{"rendered":"<p>Autor: Mar\u00eda Natalia Lafourcade Silva<br \/>\nEditora: Universal Music Publishing MGB M\u00e9xico, S.A. de C.V.<br \/>\nDirecci\u00f3n\/Realizaci\u00f3n: Aureo Baqueiro<\/p>\n<p><img loading=\"lazy\" src=\"http:\/\/lafourcadefanclub.com\/sitio\/wp-content\/uploads\/2017\/01\/natalia-lafourcade-2002-letras-300x300.jpg\" alt=\"Natalia Lafourcade (2002)\" width=\"300\" height=\"300\" class=\"alignnone size-medium wp-image-6840\" srcset=\"https:\/\/lafourcadefanclub.com\/sitio\/wp-content\/uploads\/2017\/01\/natalia-lafourcade-2002-letras-300x300.jpg 300w, https:\/\/lafourcadefanclub.com\/sitio\/wp-content\/uploads\/2017\/01\/natalia-lafourcade-2002-letras-150x150.jpg 150w, https:\/\/lafourcadefanclub.com\/sitio\/wp-content\/uploads\/2017\/01\/natalia-lafourcade-2002-letras.jpg 600w\" sizes=\"(max-width: 300px) 100vw, 300px\" \/><\/p>\n<p>El destino es tan cruel<br \/>\nQue ha salado ya la miel<br \/>\nY los campos ya se han marchitado<\/p>\n<p>El helado sabe mal<br \/>\nLa vida es obscuridad<br \/>\nSi no est\u00e1 un Rey o Blancanieves<\/p>\n<p>Y Benito se perdi\u00f3<br \/>\nEn la tristeza, en el dolor<br \/>\nA Mar\u00eda le doli\u00f3, pero se recuper\u00f3<\/p>\n<p>Mi abuela dice que<br \/>\nImposible es entender<br \/>\nQue la vida puede ser ligera<br \/>\n(Ser ligera)<\/p>\n<p>Una risa disfrutar<br \/>\nEn la tierra caminar<br \/>\nSin amor puede valer la pena<\/p>\n<p>Y Benito se perdi\u00f3<br \/>\nEn la tristeza, en el dolor<br \/>\nA Mar\u00eda le doli\u00f3, pero se recuper\u00f3<\/p>\n<p>El destino es tan cruel<br \/>\nQue ha salado ya la miel<br \/>\nY el coraz\u00f3n partido en dos<br \/>\nA m\u00ed s\u00f3lo me dej\u00f3<\/p>\n<p><iframe class=\"video\" src=\"https:\/\/www.youtube.com\/embed\/yR05j6nfj20?rel=0&#038;showinfo=0&#038;theme=light&#038;autoplay=1\" frameborder=\"0\" allowfullscreen><\/iframe><\/p>\n","protected":false},"excerpt":{"rendered":"<p>Autor: Mar\u00eda Natalia Lafourcade Silva Editora: Universal Music Publishing MGB M\u00e9xico, S.A. de C.V. Direcci\u00f3n\/Realizaci\u00f3n: Aureo Baqueiro El destino es tan cruel Que ha salado ya la miel Y los campos ya se han marchitado El helado sabe mal La vida es obscuridad Si no est\u00e1 un Rey o Blancanieves Y Benito se perdi\u00f3 En [&hellip;]<\/p>\n","protected":false},"author":1,"featured_media":0,"parent":6838,"menu_order":0,"comment_status":"closed","ping_status":"closed","template":"","meta":[],"_links":{"self":[{"href":"https:\/\/lafourcadefanclub.com\/sitio\/wp-json\/wp\/v2\/pages\/6872"}],"collection":[{"href":"https:\/\/lafourcadefanclub.com\/sitio\/wp-json\/wp\/v2\/pages"}],"about":[{"href":"https:\/\/lafourcadefanclub.com\/sitio\/wp-json\/wp\/v2\/types\/page"}],"author":[{"embeddable":true,"href":"https:\/\/lafourcadefanclub.com\/sitio\/wp-json\/wp\/v2\/users\/1"}],"replies":[{"embeddable":true,"href":"https:\/\/lafourcadefanclub.com\/sitio\/wp-json\/wp\/v2\/comments?post=6872"}],"version-history":[{"count":3,"href":"https:\/\/lafourcadefanclub.com\/sitio\/wp-json\/wp\/v2\/pages\/6872\/revisions"}],"predecessor-version":[{"id":6925,"href":"https:\/\/lafourcadefanclub.com\/sitio\/wp-json\/wp\/v2\/pages\/6872\/revisions\/6925"}],"up":[{"embeddable":true,"href":"https:\/\/lafourcadefanclub.com\/sitio\/wp-json\/wp\/v2\/pages\/6838"}],"wp:attachment":[{"href":"https:\/\/lafourcadefanclub.com\/sitio\/wp-json\/wp\/v2\/media?parent=6872"}],"curies":[{"name":"wp","href":"https:\/\/api.w.org\/{rel}","templated":true}]}}