{"id":6928,"date":"2017-01-15T01:15:24","date_gmt":"2017-01-15T07:15:24","guid":{"rendered":"http:\/\/lafourcadefanclub.com\/sitio\/?page_id=6928"},"modified":"2017-01-15T01:19:23","modified_gmt":"2017-01-15T07:19:23","slug":"elefantes-acustica","status":"publish","type":"page","link":"https:\/\/lafourcadefanclub.com\/sitio\/letras\/natalia-lafourcade\/elefantes-acustica\/","title":{"rendered":"Letra: Elefantes [Ac\u00fastica]"},"content":{"rendered":"<p>Autor: Mar\u00eda Natalia Lafourcade Silva<br \/>\nEditora: Universal Music Publishing MGB M\u00e9xico, S.A. de C.V.<br \/>\nDirecci\u00f3n\/Realizaci\u00f3n: \u00c1ureo Manuel Baqueiro Guill\u00e9n \/ Mar\u00eda Natalia Lafourcade Silva \/ Mauricio L\u00f3pez de Arriga Hern\u00e1ndez<\/p>\n<p><img loading=\"lazy\" src=\"http:\/\/lafourcadefanclub.com\/sitio\/wp-content\/uploads\/2017\/01\/natalia-lafourcade-2002-letras-300x300.jpg\" alt=\"Natalia Lafourcade (2002)\" width=\"300\" height=\"300\" class=\"alignnone size-medium wp-image-6840\" srcset=\"https:\/\/lafourcadefanclub.com\/sitio\/wp-content\/uploads\/2017\/01\/natalia-lafourcade-2002-letras-300x300.jpg 300w, https:\/\/lafourcadefanclub.com\/sitio\/wp-content\/uploads\/2017\/01\/natalia-lafourcade-2002-letras-150x150.jpg 150w, https:\/\/lafourcadefanclub.com\/sitio\/wp-content\/uploads\/2017\/01\/natalia-lafourcade-2002-letras.jpg 600w\" sizes=\"(max-width: 300px) 100vw, 300px\" \/><\/p>\n<p>Quiero buscar con el ritmo de los elefantes y rinocerontes<br \/>\nY saborear como un ni\u00f1o saborea un helado de cajeta<br \/>\nQuiero caminar sin zapatos y sentir las piedras<br \/>\nDespu\u00e9s volar y ver si el cielo puedo yo tocar<\/p>\n<p>Quiero montar una bicicleta y llegar al mar<br \/>\nDespu\u00e9s nadar y toparme una sirena sin tener que respirar<br \/>\nQuiero caminar sin zapatos y sentir la arena<br \/>\nDespu\u00e9s volar y so\u00f1ar que estoy despierta (uh uh)<\/p>\n<p>Imaginar tres elefantes en el cielo<br \/>\nY saborear los betabeles<br \/>\nY en chayotes caminar<br \/>\nSin espinar mis dedos<br \/>\nY despu\u00e9s volar<br \/>\nTocar el cielo<br \/>\nY so\u00f1ar<br \/>\nY so\u00f1ar\u2026<\/p>\n<p>Quiero buscar con el ritmo de los elefantes y rinocerontes<br \/>\nY conocer esa magia extasiada de la que la gente habla<br \/>\nQuiero caminar sin zapatos y sentir la mente de los hombres<br \/>\nDespu\u00e9s volar y entonces pensar\u00e9 si te amar\u00e9&#8230; te amar\u00e9<\/p>\n<p>Imaginar tres elefantes en el cielo<br \/>\nY saborear los betabeles<br \/>\nY en chayotes caminar<br \/>\nSin espinar mis dedos<br \/>\nY despu\u00e9s volar<br \/>\nTocar el cielo<br \/>\nY regresar\u2026<\/p>\n<p>Imaginar tres elefantes en el cielo<br \/>\nY saborear los betabeles<br \/>\nY en chayotes caminar<br \/>\nSin espinar mis dedos<br \/>\nY despu\u00e9s volar<br \/>\nTocar el cielo<br \/>\nY regresar\u2026<\/p>\n<p>Imaginar\u2026<br \/>\nTres elefantes<br \/>\nLos betabeles\u2026<br \/>\nY en chayotes caminar<br \/>\nSin espinar mis dedos<br \/>\nIr al cielo, regresar<br \/>\nTocar las nubes y pensar<\/p>\n<p>Si te amar\u00e9<br \/>\nRegresar\u00e9<br \/>\nSi te amar\u00e9<\/p>\n<p><iframe class=\"video\" src=\"https:\/\/www.youtube.com\/embed\/kK2AXsATSlc?rel=0&#038;showinfo=0&#038;theme=light&#038;autoplay=1\" frameborder=\"0\" allowfullscreen><\/iframe><\/p>\n","protected":false},"excerpt":{"rendered":"<p>Autor: Mar\u00eda Natalia Lafourcade Silva Editora: Universal Music Publishing MGB M\u00e9xico, S.A. de C.V. Direcci\u00f3n\/Realizaci\u00f3n: \u00c1ureo Manuel Baqueiro Guill\u00e9n \/ Mar\u00eda Natalia Lafourcade Silva \/ Mauricio L\u00f3pez de Arriga Hern\u00e1ndez Quiero buscar con el ritmo de los elefantes y rinocerontes Y saborear como un ni\u00f1o saborea un helado de cajeta Quiero caminar sin zapatos y [&hellip;]<\/p>\n","protected":false},"author":1,"featured_media":0,"parent":6838,"menu_order":0,"comment_status":"closed","ping_status":"closed","template":"","meta":[],"_links":{"self":[{"href":"https:\/\/lafourcadefanclub.com\/sitio\/wp-json\/wp\/v2\/pages\/6928"}],"collection":[{"href":"https:\/\/lafourcadefanclub.com\/sitio\/wp-json\/wp\/v2\/pages"}],"about":[{"href":"https:\/\/lafourcadefanclub.com\/sitio\/wp-json\/wp\/v2\/types\/page"}],"author":[{"embeddable":true,"href":"https:\/\/lafourcadefanclub.com\/sitio\/wp-json\/wp\/v2\/users\/1"}],"replies":[{"embeddable":true,"href":"https:\/\/lafourcadefanclub.com\/sitio\/wp-json\/wp\/v2\/comments?post=6928"}],"version-history":[{"count":4,"href":"https:\/\/lafourcadefanclub.com\/sitio\/wp-json\/wp\/v2\/pages\/6928\/revisions"}],"predecessor-version":[{"id":6939,"href":"https:\/\/lafourcadefanclub.com\/sitio\/wp-json\/wp\/v2\/pages\/6928\/revisions\/6939"}],"up":[{"embeddable":true,"href":"https:\/\/lafourcadefanclub.com\/sitio\/wp-json\/wp\/v2\/pages\/6838"}],"wp:attachment":[{"href":"https:\/\/lafourcadefanclub.com\/sitio\/wp-json\/wp\/v2\/media?parent=6928"}],"curies":[{"name":"wp","href":"https:\/\/api.w.org\/{rel}","templated":true}]}}