{"id":7395,"date":"2017-01-18T10:27:50","date_gmt":"2017-01-18T16:27:50","guid":{"rendered":"http:\/\/lafourcadefanclub.com\/sitio\/?page_id=7395"},"modified":"2017-01-18T10:50:49","modified_gmt":"2017-01-18T16:50:49","slug":"twist","status":"publish","type":"page","link":"https:\/\/lafourcadefanclub.com\/sitio\/discografia\/proyectos-musicales\/twist\/","title":{"rendered":"Twist"},"content":{"rendered":"<p><img loading=\"lazy\" src=\"http:\/\/lafourcadefanclub.com\/sitio\/wp-content\/uploads\/2016\/12\/Twist_1999-300x300.jpeg\" alt=\"Twist\" width=\"300\" height=\"300\" class=\"alignnone size-medium wp-image-6045\" srcset=\"https:\/\/lafourcadefanclub.com\/sitio\/wp-content\/uploads\/2016\/12\/Twist_1999-300x300.jpeg 300w, https:\/\/lafourcadefanclub.com\/sitio\/wp-content\/uploads\/2016\/12\/Twist_1999-1024x1024.jpeg 1024w, https:\/\/lafourcadefanclub.com\/sitio\/wp-content\/uploads\/2016\/12\/Twist_1999-150x150.jpeg 150w, https:\/\/lafourcadefanclub.com\/sitio\/wp-content\/uploads\/2016\/12\/Twist_1999-768x768.jpeg 768w, https:\/\/lafourcadefanclub.com\/sitio\/wp-content\/uploads\/2016\/12\/Twist_1999-640x640.jpeg 640w, https:\/\/lafourcadefanclub.com\/sitio\/wp-content\/uploads\/2016\/12\/Twist_1999-980x980.jpeg 980w, https:\/\/lafourcadefanclub.com\/sitio\/wp-content\/uploads\/2016\/12\/Twist_1999.jpeg 1400w\" sizes=\"(max-width: 300px) 100vw, 300px\" \/><\/p>\n<p>Int\u00e9rprete: Twist<br \/>\n\u00c1lbum: Twist<br \/>\nLanzamiento: 1999<br \/>\nDisquera: Azteca Records, S.A. de C.V.<br \/>\nFormato: CD \/ Cassette \/ Digital<br \/>\nProducci\u00f3n: Amado Ja\u00e9n<br \/>\nEAN: 7509948633828<\/p>\n<p><strong>Tracklist:<\/strong><\/p>\n<p>01. Late mi coraz\u00f3n (3:57)<br \/>\n02. Hello, hello (3:48)<br \/>\n03. \u00c9l se muere por t\u00ed (3:57)<br \/>\n04. Necesito aire (3:44)<br \/>\n05. Prov\u00f3came (4:25)<br \/>\n06. Dance (3:42)<br \/>\n07. R\u00edndete (3:26)<br \/>\n08. El primer beso (3:30)<br \/>\n09. I, e, i, o (3:24)<br \/>\n10. Un amigo en lo alto (3:52)<\/p>\n<hr>\n<p><strong>Audio:<\/strong><br \/>\nEscuchar: <a href=\"https:\/\/open.spotify.com\/album\/4FUSW0jHpPbfnEXtneZ1Nm\" target=\"_blank\">Spotify<\/a><br \/>\nComprar Digital: <a href=\"https:\/\/geo.itunes.apple.com\/album\/twist\/id1108260940\" target=\"_blank\">iTunes<\/a> \u2022 <a href=\"https:\/\/play.google.com\/store\/music\/album\/Joseph_Twist_Twist?id=Bm4crnfktjdvsb6iqf4j2rf3nku\" target=\"_blank\">Google Play<\/a><\/p>\n<p><strong>Sencillos:<\/strong><br \/>\n1. Late mi coraz\u00f3n<br \/>\n2. Hello, hello<br \/>\n3. \u00c9l se muere por t\u00ed<\/p>\n<hr>\n<p><b>OTRAS EDICIONES<\/b><\/p>\n<p><a href=\"http:\/\/lafourcadefanclub.com\/sitio\/discografia\/proyectos-musicales\/twist\/cassette\/\">Twist [Cassette] (1999)<\/a><\/p>\n","protected":false},"excerpt":{"rendered":"<p>Int\u00e9rprete: Twist \u00c1lbum: Twist Lanzamiento: 1999 Disquera: Azteca Records, S.A. de C.V. Formato: CD \/ Cassette \/ Digital Producci\u00f3n: Amado Ja\u00e9n EAN: 7509948633828 Tracklist: 01. Late mi coraz\u00f3n (3:57) 02. Hello, hello (3:48) 03. \u00c9l se muere por t\u00ed (3:57) 04. Necesito aire (3:44) 05. Prov\u00f3came (4:25) 06. Dance (3:42) 07. R\u00edndete (3:26) 08. El [&hellip;]<\/p>\n","protected":false},"author":1,"featured_media":6045,"parent":7393,"menu_order":0,"comment_status":"closed","ping_status":"closed","template":"","meta":[],"_links":{"self":[{"href":"https:\/\/lafourcadefanclub.com\/sitio\/wp-json\/wp\/v2\/pages\/7395"}],"collection":[{"href":"https:\/\/lafourcadefanclub.com\/sitio\/wp-json\/wp\/v2\/pages"}],"about":[{"href":"https:\/\/lafourcadefanclub.com\/sitio\/wp-json\/wp\/v2\/types\/page"}],"author":[{"embeddable":true,"href":"https:\/\/lafourcadefanclub.com\/sitio\/wp-json\/wp\/v2\/users\/1"}],"replies":[{"embeddable":true,"href":"https:\/\/lafourcadefanclub.com\/sitio\/wp-json\/wp\/v2\/comments?post=7395"}],"version-history":[{"count":5,"href":"https:\/\/lafourcadefanclub.com\/sitio\/wp-json\/wp\/v2\/pages\/7395\/revisions"}],"predecessor-version":[{"id":7409,"href":"https:\/\/lafourcadefanclub.com\/sitio\/wp-json\/wp\/v2\/pages\/7395\/revisions\/7409"}],"up":[{"embeddable":true,"href":"https:\/\/lafourcadefanclub.com\/sitio\/wp-json\/wp\/v2\/pages\/7393"}],"wp:featuredmedia":[{"embeddable":true,"href":"https:\/\/lafourcadefanclub.com\/sitio\/wp-json\/wp\/v2\/media\/6045"}],"wp:attachment":[{"href":"https:\/\/lafourcadefanclub.com\/sitio\/wp-json\/wp\/v2\/media?parent=7395"}],"curies":[{"name":"wp","href":"https:\/\/api.w.org\/{rel}","templated":true}]}}