{"id":7477,"date":"2017-01-27T11:19:29","date_gmt":"2017-01-27T17:19:29","guid":{"rendered":"http:\/\/lafourcadefanclub.com\/sitio\/?page_id=7477"},"modified":"2021-10-07T11:11:30","modified_gmt":"2021-10-07T17:11:30","slug":"tu-si-sabes-quererme","status":"publish","type":"page","link":"https:\/\/lafourcadefanclub.com\/sitio\/letras\/musas-vol-1\/tu-si-sabes-quererme\/","title":{"rendered":"Letra: T\u00fa s\u00ed sabes quererme"},"content":{"rendered":"<p><img loading=\"lazy\" src=\"http:\/\/lafourcadefanclub.com\/sitio\/wp-content\/uploads\/2017\/01\/natalia-lafourcade_tu-si-sabes-quererme-nlyo-300x300.jpg\" alt=\"Natalia Lafourcade - MUSAS: Vol. 1\" width=\"300\" height=\"300\"><\/p>\n<p>Ha pasado tanto tiempo<br \/>\nFinalmente descubr\u00ed tus besos<br \/>\nMe enredaste en tu mirada<br \/>\nMe abrazaste con todos mis defectos<\/p>\n<p>T\u00fa s\u00ed sabes quererme<br \/>\nT\u00fa s\u00ed sabes adorarme mi amor<br \/>\nNo te vayas qu\u00e9date por siempre<br \/>\nPara siempre, para siempre amarte<\/p>\n<p><strong>Coraz\u00f3n t\u00fa s\u00ed sabes,<br \/>\nQuererme como a m\u00ed me gusta<br \/>\nSoy la flor encendida que da color<br \/>\nAl jard\u00edn de tu vida<\/strong><\/p>\n<p><strong><br \/>\n<\/strong><strong>Coraz\u00f3n t\u00fa s\u00ed sabes,<br \/>\nQuererme como a m\u00ed me gusta<br \/>\nPor favor no me dejes<br \/>\nQue soy valiente en corresponderte<\/strong><\/p>\n<p>Ha pasado tanto tiempo<br \/>\nFinalmente s\u00e9 que estoy dispuesta<br \/>\nEs tan dif\u00edcil encontrar un amor<br \/>\nQue aqu\u00ed me quedo con heridas bien abiertas<\/p>\n<p>Ya no me importa lo que piensen los dem\u00e1s<br \/>\nAqu\u00ed me quedo para ser testigo siempre de la vida<br \/>\nAqu\u00ed por siempre, para siempre<br \/>\nPara siempre amarnos<\/p>\n<p><strong>Coraz\u00f3n t\u00fa s\u00ed sabes,<br \/>\nQuererme como a m\u00ed me gusta<br \/>\nSoy la flor encendida que da color<br \/>\nAl jard\u00edn de tu vida<\/strong><\/p>\n<p><strong>Coraz\u00f3n t\u00fa s\u00ed sabes,<br \/>\nQuererme como a m\u00ed me gusta<br \/>\nPor favor no me dejes<br \/>\nQue soy valiente en corresponderte<\/strong><\/p>\n<p><strong>Coraz\u00f3n t\u00fa s\u00ed sabes,<br \/>\nQuererme como a m\u00ed me gusta<br \/>\nSoy la flor encendida que da color<br \/>\nAl jard\u00edn de tu vida<\/strong><\/p>\n<p><strong><br \/>\n<\/strong><strong><\/strong><strong><\/strong><strong>Coraz\u00f3n t\u00fa s\u00ed sabes,<br \/>\nQuererme como a m\u00ed me gusta<br \/>\nPor favor no me dejes<br \/>\nQue soy valiente en corresponderte<\/strong><\/p>\n<p>Coraz\u00f3n, coraz\u00f3n t\u00fa s\u00ed sabes<br \/>\n(Quererme como a m\u00ed me gusta)<br \/>\nCoraz\u00f3n t\u00fa s\u00ed sabes quererme mi amor<br \/>\n(Quererme como a m\u00ed me gusta)<\/p>\n<p>Ay no te vayas, qu\u00e9date por siempre<br \/>\n(Quererme como a m\u00ed me gusta)<br \/>\nQue soy valiente en corresponderte mi amor<br \/>\n(Quererme como a m\u00ed me gusta)<\/p>\n<p><iframe class=\"video\" src=\"https:\/\/www.youtube.com\/embed\/7T7AjOHkZig?rel=0&amp;showinfo=0&amp;theme=light&amp;autoplay=1\" frameborder=\"0\" allowfullscreen=\"\"><\/iframe><\/p>\n<p>Autor: Natalia Lafourcade<br \/>\nEditora: Universal Music Publishing MGB M\u00e9xico, S.A. de C.V.<br \/>\nDirecci\u00f3n\/Realizaci\u00f3n: Cheche Alara \/ Gustavo Guerrero<\/p>\n<p>Natalia Lafourcade: Voz.<br \/>\nJuan Carlos Allende: Guitarra cl\u00e1sica y coros.<br \/>\nMiguel Pe\u00f1a: Guitarra cl\u00e1sica y coros.<br \/>\nLuri Molina: Contrabajo.<br \/>\nMart\u00edn Bruhn: Percusi\u00f3n.<br \/>\nGustavo Guerrero: Cuatro venezolano, jarana y coros.<br \/>\nCheche Alara: Armonio.<\/p>\n<p><a href=\"http:\/\/lafourcadefanclub.com\/sitio\/letras\/musas-vol-1\/\" title=\"Letras de ''MUSAS: Vol. 1''\">&lt;&lt; Regresar a Letras de &#8221;MUSAS: Vol. 1&#8221;<\/a><\/p>\n<p><script type=\"application\/ld+json\">\n{\n    \"@context\": \"https:\/\/schema.org\",\n    \"@type\": \"MusicComposition\",\n    \"@id\": \"https:\/\/musicbrainz.org\/release\/f138bda9-6d9f-4461-b964-e5bbd8cfa2e6\",\n    \"name\": \"Tu Si Sabes Quererme\",\n    \"composer\": [\n        {\n            \"@type\": \"Person\",\n            \"name\": \"Natalia Lafourcade\",\n            \"@id\": \"https:\/\/musicbrainz.org\/artist\/2ceb4e66-4eaa-4dba-ad3a-30df3b742557\"\n        }\n    ],\n    \"iswcCode\": \" \",\n    \"inLanguage\": \"ES\",\n    \"publisher\": {\n        \"@type\": \"Organization\",\n        \"name\": \"Sony Music Entertainment Mexico, S.A. de C.V.\",\n        \"@id\": \"https:\/\/musicbrainz.org\/label\/c118e3db-36e7-4293-a65f-701732df7ca6\"\n    },\n    \"datePublished\": \"2017\",\n    \"lyrics\": {\n      \"@type\": \"CreativeWork\",\n      \"text\": \"Ha pasado tanto tiempo\nFinalmente descubr\u00ed tus besos\nMe enredaste en tu mirada\nMe abrazaste con todos mis defectos<\/p>\n<p>T\u00fa s\u00ed sabes quererme\nT\u00fa s\u00ed sabes adorarme mi amor\nNo te vayas qu\u00e9date por siempre\nPara siempre, para siempre amarte<\/p>\n<p>Coraz\u00f3n t\u00fa s\u00ed sabes,\nQuererme como a m\u00ed me gusta\nSoy la flor encendida que da color\nAl jard\u00edn de tu vida<\/p>\n<p>Coraz\u00f3n t\u00fa s\u00ed sabes,\nQuererme como a m\u00ed me gusta\nPor favor no me dejes\nQue soy valiente en corresponderte<\/p>\n<p>Ha pasado tanto tiempo\nFinalmente s\u00e9 que estoy dispuesta\nEs tan dif\u00edcil encontrar un amor\nQue aqu\u00ed me quedo con heridas bien abiertas<\/p>\n<p>Ya no me importa lo que piensen los dem\u00e1s\nAqu\u00ed me quedo para ser testigo siempre de la vida\nAqu\u00ed por siempre, para siempre\nPara siempre amarnos<\/p>\n<p>Coraz\u00f3n t\u00fa s\u00ed sabes,\nQuererme como a m\u00ed me gusta\nSoy la flor encendida que da color\nAl jard\u00edn de tu vida<\/p>\n<p>Coraz\u00f3n t\u00fa s\u00ed sabes,\nQuererme como a m\u00ed me gusta\nPor favor no me dejes\nQue soy valiente en corresponderte<\/p>\n<p>Coraz\u00f3n t\u00fa s\u00ed sabes,\nQuererme como a m\u00ed me gusta\nSoy la flor encendida que da color\nAl jard\u00edn de tu vida<\/p>\n<p>Coraz\u00f3n t\u00fa s\u00ed sabes,\nQuererme como a m\u00ed me gusta\nPor favor no me dejes\nQue soy valiente en corresponderte<\/p>\n<p>Coraz\u00f3n, coraz\u00f3n t\u00fa s\u00ed sabes\n(Quererme como a m\u00ed me gusta)\nCoraz\u00f3n t\u00fa s\u00ed sabes quererme mi amor\n(Quererme como a m\u00ed me gusta)<\/p>\n<p>Ay no te vayas, qu\u00e9date por siempre\n(Quererme como a m\u00ed me gusta)\nQue soy valiente en corresponderte mi amor\n(Quererme como a m\u00ed me gusta)\"\n    }\n}\n<\/script><\/p>\n","protected":false},"excerpt":{"rendered":"<p>Ha pasado tanto tiempo Finalmente descubr\u00ed tus besos Me enredaste en tu mirada Me abrazaste con todos mis defectos T\u00fa s\u00ed sabes quererme T\u00fa s\u00ed sabes adorarme mi amor No te vayas qu\u00e9date por siempre Para siempre, para siempre amarte Coraz\u00f3n t\u00fa s\u00ed sabes, Quererme como a m\u00ed me gusta Soy la flor encendida que [&hellip;]<\/p>\n","protected":false},"author":1,"featured_media":7447,"parent":7474,"menu_order":0,"comment_status":"closed","ping_status":"closed","template":"","meta":[],"_links":{"self":[{"href":"https:\/\/lafourcadefanclub.com\/sitio\/wp-json\/wp\/v2\/pages\/7477"}],"collection":[{"href":"https:\/\/lafourcadefanclub.com\/sitio\/wp-json\/wp\/v2\/pages"}],"about":[{"href":"https:\/\/lafourcadefanclub.com\/sitio\/wp-json\/wp\/v2\/types\/page"}],"author":[{"embeddable":true,"href":"https:\/\/lafourcadefanclub.com\/sitio\/wp-json\/wp\/v2\/users\/1"}],"replies":[{"embeddable":true,"href":"https:\/\/lafourcadefanclub.com\/sitio\/wp-json\/wp\/v2\/comments?post=7477"}],"version-history":[{"count":14,"href":"https:\/\/lafourcadefanclub.com\/sitio\/wp-json\/wp\/v2\/pages\/7477\/revisions"}],"predecessor-version":[{"id":10747,"href":"https:\/\/lafourcadefanclub.com\/sitio\/wp-json\/wp\/v2\/pages\/7477\/revisions\/10747"}],"up":[{"embeddable":true,"href":"https:\/\/lafourcadefanclub.com\/sitio\/wp-json\/wp\/v2\/pages\/7474"}],"wp:featuredmedia":[{"embeddable":true,"href":"https:\/\/lafourcadefanclub.com\/sitio\/wp-json\/wp\/v2\/media\/7447"}],"wp:attachment":[{"href":"https:\/\/lafourcadefanclub.com\/sitio\/wp-json\/wp\/v2\/media?parent=7477"}],"curies":[{"name":"wp","href":"https:\/\/api.w.org\/{rel}","templated":true}]}}