{"id":8414,"date":"2017-05-22T10:00:24","date_gmt":"2017-05-22T16:00:24","guid":{"rendered":"http:\/\/lafourcadefanclub.com\/sitio\/?page_id=8414"},"modified":"2018-01-26T11:04:15","modified_gmt":"2018-01-26T17:04:15","slug":"sencillos","status":"publish","type":"page","link":"https:\/\/lafourcadefanclub.com\/sitio\/discografia\/sencillos\/","title":{"rendered":"Sencillos"},"content":{"rendered":"<p><small>Selecciona un <em>sencillo<\/em> para ver m\u00e1s informaci\u00f3n.<\/small><br \/><center><\/p>\n<div class=\"cajadiscos\"><center><\/p>\n<div class=\"discos\"><center><a href=\"http:\/\/lafourcadefanclub.com\/sitio\/discografia\/sencillos\/alma-mia-single-2018\/\"><img src=\"http:\/\/lafourcadefanclub.com\/sitio\/wp-content\/uploads\/2018\/01\/Alma-mia-Natalia-Lafourcade.jpg\" alt=\"musas-\" class=\"alignnone size-thumbnail wp-image-5346\" \/><\/a><\/p>\n<p>Alma m\u00eda [Single] (2018)<\/p>\n<p><\/center><\/div>\n<div class=\"discos\"><center><a href=\"http:\/\/lafourcadefanclub.com\/sitio\/discografia\/sencillos\/danza-de-gardenias-single-2018\/\"><img src=\"http:\/\/lafourcadefanclub.com\/sitio\/wp-content\/uploads\/2018\/01\/Danza-sin-Vol-2-1400-300x300.jpg\" alt=\"musas-\" class=\"alignnone size-thumbnail wp-image-5346\" \/><\/a><\/p>\n<p>Danza de gardenias [Single] (2018)<\/p>\n<p><\/center><\/div>\n<div class=\"discos\"><center><a href=\"http:\/\/lafourcadefanclub.com\/sitio\/discografia\/sencillos\/mexicana-hermosa-mariachi-single-2017\/\"><img src=\"http:\/\/lafourcadefanclub.com\/sitio\/wp-content\/uploads\/2017\/09\/Single-Mexicana-hermosa-Mariachi-Carlos-Rivera-300x300.jpg\" alt=\"musas-\" class=\"alignnone size-thumbnail wp-image-5346\" \/><\/a><\/p>\n<p>Mexicana hermosa &#8211; Versi\u00f3n Mariachi [Single] (2017)<\/p>\n<p><\/center><\/div>\n<div class=\"discos\"><center><a href=\"http:\/\/lafourcadefanclub.com\/sitio\/discografia\/sencillos\/soledad-y-el-mar-single-2017\/\"><img src=\"http:\/\/lafourcadefanclub.com\/sitio\/wp-content\/uploads\/2017\/05\/Soledad-y-el-mar-600-300x300.jpg\" alt=\"musas-\" class=\"alignnone size-thumbnail wp-image-5346\" \/><\/a><\/p>\n<p>Soledad y el mar [Single] (2017)<\/p>\n<p><\/center><\/div>\n<div class=\"discos\"><center><a href=\"http:\/\/lafourcadefanclub.com\/sitio\/discografia\/sencillos\/te-vi-pasar-single-2017\/\"><img src=\"http:\/\/lafourcadefanclub.com\/sitio\/wp-content\/uploads\/2017\/05\/Te-vi-pasar-600-300x300.jpg\" alt=\"musas-\" class=\"alignnone size-thumbnail wp-image-5346\" \/><\/a><\/p>\n<p>Te vi pasar [Single] (2017)<\/p>\n<p><\/center><\/div>\n<div class=\"discos\"><center><a href=\"http:\/\/lafourcadefanclub.com\/sitio\/discografia\/sencillos\/rocio-de-todos-los-campos-single-2017\/\"><img src=\"http:\/\/lafourcadefanclub.com\/sitio\/wp-content\/uploads\/2017\/05\/Rocio-de-todos-los-campos-600-300x300.jpg\" alt=\"musas-\" class=\"alignnone size-thumbnail wp-image-5346\" \/><\/a><\/p>\n<p>Roc\u00edo de todos los campos [Single] (2017)<\/p>\n<p><\/center><\/div>\n<div class=\"discos\"><center><a href=\"http:\/\/lafourcadefanclub.com\/sitio\/discografia\/sencillos\/que-he-sacado-con-quererte-single-2017\/\"><img src=\"http:\/\/lafourcadefanclub.com\/sitio\/wp-content\/uploads\/2017\/05\/QueHeSacadoConQuererte600-300x300.jpg\" alt=\"musas-\" class=\"alignnone size-thumbnail wp-image-5346\" \/><\/a><\/p>\n<p>Qu\u00e9 he sacado con quererte [Single] (2017)<\/p>\n<p><\/center><\/div>\n<div class=\"discos\"><center><a href=\"http:\/\/lafourcadefanclub.com\/sitio\/discografia\/sencillos\/tu-si-sabes-quererme-single-2017\/\"><img src=\"http:\/\/lafourcadefanclub.com\/sitio\/wp-content\/uploads\/2017\/05\/Tu-si-sabes-quererme-600-300x300.jpg\" alt=\"musas-\" class=\"alignnone size-thumbnail wp-image-5346\" \/><\/a><\/p>\n<p>T\u00fa s\u00ed sabes quererme [Single] (2017)<\/p>\n<p><\/center><\/div>\n<div class=\"discos\"><center><a href=\"http:\/\/lafourcadefanclub.com\/sitio\/discografia\/sencillos\/hasta-la-raiz-canovas-root-version-2015\/\"><img src=\"http:\/\/lafourcadefanclub.com\/sitio\/wp-content\/uploads\/2017\/05\/Hasta-la-raiz-Canova-Single-iTunes-300x300.jpg\" alt=\"hasta-la-raiz-canova-root-version-remix\" class=\"alignnone size-thumbnail wp-image-5346\" \/><\/a><\/p>\n<p>Hasta la ra\u00edz [Canova\u2019s Root Version] (2015)<\/p>\n<p><\/center><\/div>\n<div class=\"discos\"><center><a href=\"http:\/\/lafourcadefanclub.com\/sitio\/discografia\/sencillos\/ya-no-te-puedo-querer-single-2015\/\"><img src=\"http:\/\/lafourcadefanclub.com\/sitio\/wp-content\/uploads\/2017\/05\/Ya-no-te-puedo-querer-Single-iTunes-300x300.jpg\" alt=\"hasta-la-raiz-Ya-no-te-puedo-querer\" class=\"alignnone size-thumbnail wp-image-5346\" \/><\/a><\/p>\n<p>Ya no te puedo querer [Single] (2015)<\/p>\n<p><\/center><\/div>\n<div class=\"discos\"><center><a href=\"http:\/\/lafourcadefanclub.com\/sitio\/discografia\/sencillos\/para-que-sufrir-single-2015\/\"><img src=\"http:\/\/lafourcadefanclub.com\/sitio\/wp-content\/uploads\/2017\/05\/Para-que-sufrir-Single-iTunes-300x300.jpg\" alt=\"hasta-la-raiz-Para-que-sufrir\" class=\"alignnone size-thumbnail wp-image-5346\" \/><\/a><\/p>\n<p>Para qu\u00e9 sufrir [Single] (2015)<\/p>\n<p><\/center><\/div>\n<div class=\"discos\"><center><a href=\"http:\/\/lafourcadefanclub.com\/sitio\/discografia\/sencillos\/nunca-es-suficiente-single-2015\/\"><img src=\"http:\/\/lafourcadefanclub.com\/sitio\/wp-content\/uploads\/2017\/05\/00-Nunca-es-suficiente-Cover-300x300.jpeg\" alt=\"hasta-la-raiz-Nunca-es-suficiente\" class=\"alignnone size-thumbnail wp-image-5346\" \/><\/a><\/p>\n<p>Nunca es suficiente [Single] (2015)<\/p>\n<p><\/center><\/div>\n<div class=\"discos\"><center><a href=\"http:\/\/lafourcadefanclub.com\/sitio\/discografia\/sencillos\/hasta-la-raiz-single-2015\/\"><img src=\"http:\/\/lafourcadefanclub.com\/sitio\/wp-content\/uploads\/2017\/05\/00-Hasta-la-raiz-Cover-300x300.jpeg\" alt=\"hasta-la-raiz-single\" class=\"alignnone size-thumbnail wp-image-5346\" \/><\/a><\/p>\n<p>Hasta la ra\u00edz [Single] (2015)<\/p>\n<p><\/center><\/div>\n<div class=\"discos\"><center><a href=\"http:\/\/lafourcadefanclub.com\/sitio\/discografia\/sencillos\/mujer-divina-single-2012\/\"><img src=\"http:\/\/lafourcadefanclub.com\/sitio\/wp-content\/uploads\/2017\/05\/Mujer-Divina-Single-300x300.jpg\" alt=\"mujer-divina\" class=\"alignnone size-thumbnail wp-image-5346\" \/><\/a><\/p>\n<p>Mujer divina [Single] (2012)<\/p>\n<p><\/center><\/div>\n<div class=\"discos\"><center><a href=\"http:\/\/lafourcadefanclub.com\/sitio\/discografia\/sencillos\/piensa-en-mi-single-2012\/\"><img src=\"http:\/\/lafourcadefanclub.com\/sitio\/wp-content\/uploads\/2017\/05\/Piensa-en-mi-300x300.jpg\" alt=\"mujer-divina-piensa\" class=\"alignnone size-thumbnail wp-image-5346\" \/><\/a><\/p>\n<p>Piensa en m\u00ed [Single] (2012)<\/p>\n<p><\/center><\/div>\n<div class=\"discos\"><center><a href=\"http:\/\/lafourcadefanclub.com\/sitio\/discografia\/sencillos\/limosna-single-2012\/\"><img src=\"http:\/\/lafourcadefanclub.com\/sitio\/wp-content\/uploads\/2017\/05\/Limosna-300x300.jpg\" alt=\"mujer-divina-limosna\" class=\"alignnone size-thumbnail wp-image-5346\" \/><\/a><\/p>\n<p>Limosna [Single] (2012)<\/p>\n<p><\/center><\/div>\n<div class=\"discos\"><center><a href=\"http:\/\/lafourcadefanclub.com\/sitio\/discografia\/sencillos\/amor-amor-de-mis-amores-single-2012\/\"><img src=\"http:\/\/lafourcadefanclub.com\/sitio\/wp-content\/uploads\/2017\/05\/Amor-de-mis-amores-300x300.jpg\" alt=\"mujer-divina-amor-amores\" class=\"alignnone size-thumbnail wp-image-5346\" \/><\/a><\/p>\n<p>Amor, amor de mis amores [Single] (2012)<\/p>\n<p><\/center><\/div>\n<div class=\"discos\"><center><a href=\"http:\/\/lafourcadefanclub.com\/sitio\/discografia\/sencillos\/la-fugitiva-cd-promocional-mexico-2012\/\"><img src=\"http:\/\/lafourcadefanclub.com\/sitio\/wp-content\/uploads\/2017\/05\/00-La-fugitiva-Cover-300x300.jpg\" alt=\"fugitiva-kevin-johansen-mujer-divina-mexico-2012\" class=\"alignnone size-thumbnail wp-image-5346\" \/><\/a><\/p>\n<p>La fugitiva<br \/>[CD Promocional \/ M\u00e9xico] (2012)<\/p>\n<p><\/center><\/div>\n<div class=\"discos\"><center><a href=\"http:\/\/lafourcadefanclub.com\/sitio\/discografia\/sencillos\/cursis-melodias-jacinto-di-yeah-remix\/\"><img src=\"http:\/\/lafourcadefanclub.com\/sitio\/wp-content\/uploads\/2017\/05\/Cursis-melodias-Jacinto-Remix-300x300.jpg\" alt=\"cursis-melodias-remix-mexico-2009\" class=\"alignnone size-thumbnail wp-image-5346\" \/><\/a><\/p>\n<p>Cursis melod\u00edas [Jacinto Di Yeah! Remix] (2009)<\/p>\n<p><\/center><\/div>\n<div class=\"discos\"><center><a href=\"http:\/\/lafourcadefanclub.com\/sitio\/discografia\/sencillos\/ella-es-bonita-cd-promocional-mexico-2009\/\"><img src=\"http:\/\/lafourcadefanclub.com\/sitio\/wp-content\/uploads\/2017\/05\/Ella-es-bonita-Single-300x300.jpg\" alt=\"ella-es-bonita-cd-promocional-mexico-2009\" class=\"alignnone size-thumbnail wp-image-5346\" \/><\/a><\/p>\n<p>Ella es bonita<br \/>[CD Promocional \/ M\u00e9xico] (2009)<\/p>\n<p><\/center><\/div>\n<div class=\"discos\"><center><a href=\"http:\/\/lafourcadefanclub.com\/sitio\/discografia\/sencillos\/azul-cd-promocional-mexico-2009\/\"><img src=\"http:\/\/lafourcadefanclub.com\/sitio\/wp-content\/uploads\/2017\/05\/00-Azul-Cover-1.jpg\" alt=\"azul-cd-promocional-mexico-2009\" class=\"alignnone size-thumbnail wp-image-5346\" \/><\/a><\/p>\n<p>Azul<br \/>[CD Promocional \/ M\u00e9xico] (2009)<\/p>\n<p><\/center><\/div>\n<div class=\"discos\"><center><a href=\"http:\/\/lafourcadefanclub.com\/sitio\/discografia\/sencillos\/piel-canela-maxi-single-mexico-2005\/\"><img src=\"http:\/\/lafourcadefanclub.com\/sitio\/wp-content\/uploads\/2017\/05\/Piel-canela-300x300.jpg\" alt=\"piel-canela-casa-maxi-single-promo-mexico\" class=\"alignnone size-thumbnail wp-image-5346\" \/><\/a><\/p>\n<p>Piel canela<br \/>[Maxi Single \/ M\u00e9xico] (2005)<\/p>\n<p><\/center><\/div>\n<div class=\"discos\"><center><a href=\"http:\/\/lafourcadefanclub.com\/sitio\/discografia\/sencillos\/casa-cd-promocional-mexico-2005\/\"><img src=\"http:\/\/lafourcadefanclub.com\/sitio\/wp-content\/uploads\/2017\/05\/Casa-300x300.jpg\" alt=\"casa-promo-mexico\" class=\"alignnone size-thumbnail wp-image-5346\" \/><\/a><\/p>\n<p>Casa<br \/>[CD Promocional \/ M\u00e9xico] (2005)<\/p>\n<p><\/center><\/div>\n<div class=\"discos\"><center><a href=\"http:\/\/lafourcadefanclub.com\/sitio\/discografia\/sencillos\/ser-humano-cd-promocional-mexico-2005\/\"><img src=\"http:\/\/lafourcadefanclub.com\/sitio\/wp-content\/uploads\/2017\/05\/Ser-humano-300x300.jpg\" alt=\"ser-humano-promo-mexico\" class=\"alignnone size-thumbnail wp-image-5346\" \/><\/a><\/p>\n<p>Ser humano<br \/>[CD Promocional \/ M\u00e9xico] (2005)<\/p>\n<p><\/center><\/div>\n<div class=\"discos\"><center><a href=\"http:\/\/lafourcadefanclub.com\/sitio\/discografia\/sencillos\/el-pato-cd-promocional-mexico-2004\/\"><img src=\"http:\/\/lafourcadefanclub.com\/sitio\/wp-content\/uploads\/2017\/05\/El-pato-300x300.jpg\" alt=\"pato-promo-mexico\" class=\"alignnone size-thumbnail wp-image-5346\" \/><\/a><\/p>\n<p>El pato<br \/>[CD Promocional \/ M\u00e9xico] (2003)<\/p>\n<p><\/center><\/div>\n<div class=\"discos\"><center><a href=\"http:\/\/lafourcadefanclub.com\/sitio\/discografia\/sencillos\/elefantes-cd-promocional-mexico-2003\/\"><img src=\"http:\/\/lafourcadefanclub.com\/sitio\/wp-content\/uploads\/2017\/05\/Elefantes_600-640x560.jpg\" alt=\"elefantes-promo-mexico\" class=\"alignnone size-thumbnail wp-image-5346\" \/><\/a><\/p>\n<p>Elefantes<br \/>[CD Promocional \/ M\u00e9xico] (2003)<\/p>\n<p><\/center><\/div>\n<div class=\"discos\"><center><a href=\"http:\/\/lafourcadefanclub.com\/sitio\/discografia\/sencillos\/mirame-mirate-cd-promocional-mexico-2003\/\"><img src=\"http:\/\/lafourcadefanclub.com\/sitio\/wp-content\/uploads\/2017\/05\/mirame-mirate-300x300.jpg\" alt=\"mirame-mirate-promo-mexico\" class=\"alignnone size-thumbnail wp-image-5346\" \/><\/a><\/p>\n<p>M\u00edrame, m\u00edrate<br \/>[CD Promocional \/ M\u00e9xico] (2003)<\/p>\n<p><\/center><\/div>\n<div class=\"discos\"><center><a href=\"http:\/\/lafourcadefanclub.com\/sitio\/discografia\/sencillos\/te-quiero-dar-cd-promocional-espana-2002\/\"><img src=\"http:\/\/lafourcadefanclub.com\/sitio\/wp-content\/uploads\/2017\/05\/te-quiero-dar-600-300x300.jpg\" alt=\"te-quiero-dar-single-espa\u00f1a\" class=\"alignnone size-thumbnail wp-image-5346\" \/><\/a><\/p>\n<p>Te quiero dar<br \/>[CD Promocional \/ Espa\u00f1a] (2002)<\/p>\n<p><\/center><\/div>\n<div class=\"discos\"><center><a href=\"http:\/\/lafourcadefanclub.com\/sitio\/discografia\/sencillos\/te-quiero-dar-cd-promocional-mexico-2002\/\"><img src=\"http:\/\/lafourcadefanclub.com\/sitio\/wp-content\/uploads\/2017\/05\/tequierodar-300x300.jpg\" alt=\"te-quiero-dar-promo-mexico\" class=\"alignnone size-thumbnail wp-image-5346\" \/><\/a><\/p>\n<p>Te quiero dar<br \/>[CD Promocional \/ M\u00e9xico] (2002)<\/p>\n<p><\/center><\/div>\n<div class=\"discos\"><center><a href=\"http:\/\/lafourcadefanclub.com\/sitio\/discografia\/sencillos\/en-el-2000-maxi-single-espana-2002\/\"><img src=\"http:\/\/lafourcadefanclub.com\/sitio\/wp-content\/uploads\/2017\/05\/EnEl2000_MaxiSingle_600-300x262.jpg\" alt=\"en-el-2000-single\" class=\"alignnone size-thumbnail wp-image-5346\" \/><\/a><\/p>\n<p>En el 2000<br \/>[Maxi Single \/ Espa\u00f1a] (2002)<\/p>\n<p><\/center><\/div>\n<div class=\"discos\"><center><a href=\"http:\/\/lafourcadefanclub.com\/sitio\/discografia\/sencillos\/en-el-2000-cd-promocional-argentina-2002\/\"><img src=\"http:\/\/lafourcadefanclub.com\/sitio\/wp-content\/uploads\/2017\/05\/single-en-el-2000-argentina-300x300.jpg\" alt=\"en-el-2000-single-argentina\" class=\"alignnone size-thumbnail wp-image-5346\" \/><\/a><\/p>\n<p>En el 2000<br \/>[CD Promocional \/ Argentina] (2002)<\/p>\n<p><\/center><\/div>\n<div class=\"discos\"><center><a href=\"http:\/\/lafourcadefanclub.com\/sitio\/discografia\/sencillos\/en-el-2000-cd-promocional-espana-2002\/\"><img src=\"http:\/\/lafourcadefanclub.com\/sitio\/wp-content\/uploads\/2017\/05\/en-el-2000-single-promo-espana-300x300.jpg\" alt=\"en-el-2000-single-espa\u00f1a\" class=\"alignnone size-thumbnail wp-image-5346\" \/><\/a><\/p>\n<p>En el 2000<br \/>[CD Promocional \/ Espa\u00f1a] (2002)<\/p>\n<p><\/center><\/div>\n<div class=\"discos\"><center><a href=\"http:\/\/lafourcadefanclub.com\/sitio\/discografia\/sencillos\/en-el-2000-cd-promocional-mexico-2002\/\"><img src=\"http:\/\/lafourcadefanclub.com\/sitio\/wp-content\/uploads\/2017\/05\/EnEl2000_Mexico_600-300x270.jpg\" alt=\"en-el-2000-promo-mexico\" class=\"alignnone size-thumbnail wp-image-5346\" \/><\/a><\/p>\n<p>En el 2000<br \/>[CD Promocional \/ M\u00e9xico] (2002)<\/p>\n<p><\/center><\/div>\n<div class=\"discos\"><center><a href=\"http:\/\/lafourcadefanclub.com\/sitio\/discografia\/sencillos\/busca-un-problema-cd-promocional-espana-2002\/\"><img src=\"http:\/\/lafourcadefanclub.com\/sitio\/wp-content\/uploads\/2017\/05\/BuscaUnProblema_Espana800-300x300.jpg\" alt=\"busca-problema-single-espa\u00f1a\" class=\"alignnone size-thumbnail wp-image-5346\" \/><\/a><\/p>\n<p>Busca un problema<br \/>[CD Promocional \/ Espa\u00f1a] (2002)<\/p>\n<p><\/center><\/div>\n<div class=\"discos\"><center><a href=\"http:\/\/lafourcadefanclub.com\/sitio\/discografia\/sencillos\/busca-un-problema-cd-promocional-mexico-2002\/\"><img src=\"http:\/\/lafourcadefanclub.com\/sitio\/wp-content\/uploads\/2017\/05\/nl_buscaunproblema_mexico_600-300x300.jpg\" alt=\"busca-problema-promo-mexico\" class=\"alignnone size-thumbnail wp-image-5346\" \/><\/a><\/p>\n<p>Busca un problema<br \/>[CD Promocional \/ M\u00e9xico] (2002)<\/p>\n<p><\/center><\/div>\n<\/div>\n","protected":false},"excerpt":{"rendered":"<p>Selecciona un sencillo para ver m\u00e1s informaci\u00f3n. Alma m\u00eda [Single] (2018) Danza de gardenias [Single] (2018) Mexicana hermosa &#8211; Versi\u00f3n Mariachi [Single] (2017) Soledad y el mar [Single] (2017) Te vi pasar [Single] (2017) Roc\u00edo de todos los campos [Single] (2017) Qu\u00e9 he sacado con quererte [Single] (2017) T\u00fa s\u00ed sabes quererme [Single] (2017) Hasta [&hellip;]<\/p>\n","protected":false},"author":1,"featured_media":8473,"parent":4402,"menu_order":0,"comment_status":"closed","ping_status":"closed","template":"","meta":[],"_links":{"self":[{"href":"https:\/\/lafourcadefanclub.com\/sitio\/wp-json\/wp\/v2\/pages\/8414"}],"collection":[{"href":"https:\/\/lafourcadefanclub.com\/sitio\/wp-json\/wp\/v2\/pages"}],"about":[{"href":"https:\/\/lafourcadefanclub.com\/sitio\/wp-json\/wp\/v2\/types\/page"}],"author":[{"embeddable":true,"href":"https:\/\/lafourcadefanclub.com\/sitio\/wp-json\/wp\/v2\/users\/1"}],"replies":[{"embeddable":true,"href":"https:\/\/lafourcadefanclub.com\/sitio\/wp-json\/wp\/v2\/comments?post=8414"}],"version-history":[{"count":41,"href":"https:\/\/lafourcadefanclub.com\/sitio\/wp-json\/wp\/v2\/pages\/8414\/revisions"}],"predecessor-version":[{"id":9969,"href":"https:\/\/lafourcadefanclub.com\/sitio\/wp-json\/wp\/v2\/pages\/8414\/revisions\/9969"}],"up":[{"embeddable":true,"href":"https:\/\/lafourcadefanclub.com\/sitio\/wp-json\/wp\/v2\/pages\/4402"}],"wp:featuredmedia":[{"embeddable":true,"href":"https:\/\/lafourcadefanclub.com\/sitio\/wp-json\/wp\/v2\/media\/8473"}],"wp:attachment":[{"href":"https:\/\/lafourcadefanclub.com\/sitio\/wp-json\/wp\/v2\/media?parent=8414"}],"curies":[{"name":"wp","href":"https:\/\/api.w.org\/{rel}","templated":true}]}}